{"id":101527,"date":"2022-06-24T00:12:01","date_gmt":"2022-06-23T23:12:01","guid":{"rendered":"https:\/\/desdropi.com\/elparque\/batidora-amasadora-kuken-34139-400w-vintage\/"},"modified":"2024-04-07T23:44:26","modified_gmt":"2024-04-07T21:44:26","slug":"batidora-amasadora-kuken-34139-400w-vintage","status":"publish","type":"product","link":"https:\/\/desdropi.com\/elparque\/batidora-amasadora-kuken-34139-400w-vintage\/","title":{"rendered":"Batidora Amasadora Kuken 34139 400W Vintage"},"content":{"rendered":"<div class=\"descripcion-tab\">\n<ul>\n<li>Batidora amasadora Vintage con 400W capaz de preparar las masas m\u00e1s dif\u00edciles.<\/li>\n<li>Cuerpo en PC de color verde vintage y negro<\/li>\n<li>F\u00e1cil y c\u00f3moda de usar gracias a su pr\u00e1ctico dise\u00f1o.<\/li>\n<li>5 niveles de velocidad m\u00e1s funci\u00f3n TURBO para mayor control.<\/li>\n<li>Batidora amasadora con varillas de acero inoxidable.<\/li>\n<li>Bot\u00f3n para soltar los accesorios con un solo toque de manera sencilla y r\u00e1pida.<\/li>\n<li>Soportes de apoyo en la parte posterior de la batidora.<\/li>\n<li>Ideal para crear deliciosas recetas de reposter\u00eda.<\/li>\n<li>Capaz de batir, mezclar, amasar y tener siempre los mejores resultados.<\/li>\n<\/ul>\n<p><strong>Especificaciones<\/strong><\/p>\n<ul>\n<li>Unidades: 1.<\/li>\n<li>Color: Verde vintage.<\/li>\n<li>Envase: Caja de color.<\/li>\n<li>Potencia: 400 W.<\/li>\n<li>Voltaje: 230 V.<\/li>\n<li>Velocidades: 5 + Turbo.<\/li>\n<li>Funci\u00f3n turbo: S\u00ed.<\/li>\n<li>Desmontable: S\u00ed.<\/li>\n<li>ACCESORIOS: 2 varillas batidoras.<\/li>\n<li>2 varillas amasadoras.<\/li>\n<\/ul>\n<\/div>\n","protected":false},"excerpt":{"rendered":"<p>Batidora amasadora Vintage con 400W capaz de preparar las masas m\u00e1s dif\u00edciles. Cuerpo en PC de color verde vintage y<\/p>\n","protected":false},"featured_media":104014,"comment_status":"open","ping_status":"closed","template":"","meta":{"_joinchat":[]},"product_cat":[6501,825,831,851],"product_tag":[],"class_list":{"0":"post-101527","1":"product","2":"type-product","3":"status-publish","4":"has-post-thumbnail","6":"product_cat-amasadoras","7":"product_cat-pequeno-electrodomestico","8":"product_cat-accesorios-de-cocina","9":"product_cat-batidoras-cocina","10":"pa_marca-kuken-pae","12":"first","13":"instock","14":"taxable","15":"shipping-taxable","16":"purchasable","17":"product-type-simple"},"_links":{"self":[{"href":"https:\/\/desdropi.com\/elparque\/wp-json\/wp\/v2\/product\/101527"}],"collection":[{"href":"https:\/\/desdropi.com\/elparque\/wp-json\/wp\/v2\/product"}],"about":[{"href":"https:\/\/desdropi.com\/elparque\/wp-json\/wp\/v2\/types\/product"}],"replies":[{"embeddable":true,"href":"https:\/\/desdropi.com\/elparque\/wp-json\/wp\/v2\/comments?post=101527"}],"version-history":[{"count":0,"href":"https:\/\/desdropi.com\/elparque\/wp-json\/wp\/v2\/product\/101527\/revisions"}],"wp:featuredmedia":[{"embeddable":true,"href":"https:\/\/desdropi.com\/elparque\/wp-json\/wp\/v2\/media\/104014"}],"wp:attachment":[{"href":"https:\/\/desdropi.com\/elparque\/wp-json\/wp\/v2\/media?parent=101527"}],"wp:term":[{"taxonomy":"product_cat","embeddable":true,"href":"https:\/\/desdropi.com\/elparque\/wp-json\/wp\/v2\/product_cat?post=101527"},{"taxonomy":"product_tag","embeddable":true,"href":"https:\/\/desdropi.com\/elparque\/wp-json\/wp\/v2\/product_tag?post=101527"}],"curies":[{"name":"wp","href":"https:\/\/api.w.org\/{rel}","templated":true}]}}