{"id":104069,"date":"2022-06-25T00:08:02","date_gmt":"2022-06-24T23:08:02","guid":{"rendered":"https:\/\/desdropi.com\/elparque\/grill-electrico-kuken-33496-1500w-260x170mm\/"},"modified":"2024-04-07T23:44:54","modified_gmt":"2024-04-07T21:44:54","slug":"grill-electrico-kuken-33496-1500w-260x170mm","status":"publish","type":"product","link":"https:\/\/desdropi.com\/elparque\/grill-electrico-kuken-33496-1500w-260x170mm\/","title":{"rendered":"Grill Electrico Kuken 33496 1500W 260X170Mm"},"content":{"rendered":"<div class=\"descripcion-tab\">\n<ul>\n<li>Sandwichera el\u00e9ctrica tipo grill con 1500W de potencia.<\/li>\n<li>Acabado en acero inoxidable y negro.<\/li>\n<li>Doble superficie anti-adherente parrilla\/grill con gran resistencia al rayado.<\/li>\n<li>Seguro de apertura a 180\u00ba, para usar la doble superficie.<\/li>\n<li>Parte superior basculante, ajust\u00e1ndose a la perfecci\u00f3n al tama\u00f1o del alimento.<\/li>\n<li>Selector giratorio para regular la temperatura de las planchas de forma manual.<\/li>\n<li>Avisador luminoso de encendido y finalizado.<\/li>\n<li>Sandwichera el\u00e9ctrica tipo grill con asa de tacto fr\u00edo para facilitar la apertura.<\/li>\n<li>Patas de sujeci\u00f3n antideslizantes.<\/li>\n<\/ul>\n<p><strong>Especificaciones<\/strong><\/p>\n<ul>\n<li>Unidad del envase 1.<\/li>\n<li>Color Inox.<\/li>\n<li>Embalaje Caja de color.<\/li>\n<li>Potencia 1500 W.<\/li>\n<li>Voltaje 230 V.<\/li>\n<li>Material Acero inox \/ PC.<\/li>\n<li>Dimensiones (LxAxH): 280x310x115 mm.<\/li>\n<li>Apertura 180\u00ba.<\/li>\n<li>Patas antideslizantes S\u00ed.<\/li>\n<li>Peso 1,74 kg.<\/li>\n<\/ul>\n<\/div>\n","protected":false},"excerpt":{"rendered":"<p>Sandwichera el\u00e9ctrica tipo grill con 1500W de potencia. Acabado en acero inoxidable y negro. Doble superficie anti-adherente parrilla\/grill con gran<\/p>\n","protected":false},"featured_media":104070,"comment_status":"open","ping_status":"closed","template":"","meta":{"_joinchat":[]},"product_cat":[825,831,899],"product_tag":[],"class_list":{"0":"post-104069","1":"product","2":"type-product","3":"status-publish","4":"has-post-thumbnail","6":"product_cat-pequeno-electrodomestico","7":"product_cat-accesorios-de-cocina","8":"product_cat-grills","9":"pa_marca-kuken-pae","11":"first","12":"instock","13":"taxable","14":"shipping-taxable","15":"purchasable","16":"product-type-simple"},"_links":{"self":[{"href":"https:\/\/desdropi.com\/elparque\/wp-json\/wp\/v2\/product\/104069"}],"collection":[{"href":"https:\/\/desdropi.com\/elparque\/wp-json\/wp\/v2\/product"}],"about":[{"href":"https:\/\/desdropi.com\/elparque\/wp-json\/wp\/v2\/types\/product"}],"replies":[{"embeddable":true,"href":"https:\/\/desdropi.com\/elparque\/wp-json\/wp\/v2\/comments?post=104069"}],"version-history":[{"count":0,"href":"https:\/\/desdropi.com\/elparque\/wp-json\/wp\/v2\/product\/104069\/revisions"}],"wp:featuredmedia":[{"embeddable":true,"href":"https:\/\/desdropi.com\/elparque\/wp-json\/wp\/v2\/media\/104070"}],"wp:attachment":[{"href":"https:\/\/desdropi.com\/elparque\/wp-json\/wp\/v2\/media?parent=104069"}],"wp:term":[{"taxonomy":"product_cat","embeddable":true,"href":"https:\/\/desdropi.com\/elparque\/wp-json\/wp\/v2\/product_cat?post=104069"},{"taxonomy":"product_tag","embeddable":true,"href":"https:\/\/desdropi.com\/elparque\/wp-json\/wp\/v2\/product_tag?post=104069"}],"curies":[{"name":"wp","href":"https:\/\/api.w.org\/{rel}","templated":true}]}}