{"id":104080,"date":"2022-06-25T00:08:02","date_gmt":"2022-06-24T23:08:02","guid":{"rendered":"https:\/\/desdropi.com\/elparque\/picadora-kuken-34133-700w\/"},"modified":"2024-04-07T23:44:59","modified_gmt":"2024-04-07T21:44:59","slug":"picadora-kuken-34133-700w","status":"publish","type":"product","link":"https:\/\/desdropi.com\/elparque\/picadora-kuken-34133-700w\/","title":{"rendered":"Picadora Kuken 34133 700W"},"content":{"rendered":"<div class=\"descripcion-tab\">\n<ul>\n<li>Picadora el\u00e9ctrica k\u00fcken con 700W de potencia.<\/li>\n<li>Cuerpo de pl\u00e1stico con acabado en color blanco.<\/li>\n<li>Picadora 1,2,3 de 1 velocidad capaz de picar todo tipo de alimentos.<\/li>\n<li>Pulsador de encendido en el lateral de color rojo.<\/li>\n<li>Tapa de pl\u00e1stico transparente.<\/li>\n<li>Piezas extra\u00edbles para facilitar su limpieza.<\/li>\n<li>Picadora el\u00e9ctrica con doble cuchilla de acero inoxidable.<\/li>\n<li>Patas de goma antideslizantes.<\/li>\n<\/ul>\n<p><strong>Especificaciones<\/strong><\/p>\n<ul>\n<li>Unidades: 1.<\/li>\n<li>Color: Blanco y rojo.<\/li>\n<li>Envase: Caja de color.<\/li>\n<li>Potencia: 700 W.<\/li>\n<li>Voltaje: 230 V.<\/li>\n<li>Material: Pl\u00e1stico.<\/li>\n<li>Base antideslizante: S\u00ed.<\/li>\n<li>Velocidades: 1.<\/li>\n<li>Desmontable: S\u00ed.<\/li>\n<li>Peso: 1,5 kg.<\/li>\n<li>Altura: 150 mm.<\/li>\n<\/ul>\n<\/div>\n","protected":false},"excerpt":{"rendered":"<p>Picadora el\u00e9ctrica k\u00fcken con 700W de potencia. Cuerpo de pl\u00e1stico con acabado en color blanco. Picadora 1,2,3 de 1 velocidad<\/p>\n","protected":false},"featured_media":104081,"comment_status":"open","ping_status":"closed","template":"","meta":{"_joinchat":[]},"product_cat":[825,831,865],"product_tag":[],"class_list":{"0":"post-104080","1":"product","2":"type-product","3":"status-publish","4":"has-post-thumbnail","6":"product_cat-pequeno-electrodomestico","7":"product_cat-accesorios-de-cocina","8":"product_cat-picadoras","9":"pa_marca-kuken-pae","11":"first","12":"instock","13":"taxable","14":"shipping-taxable","15":"purchasable","16":"product-type-simple"},"_links":{"self":[{"href":"https:\/\/desdropi.com\/elparque\/wp-json\/wp\/v2\/product\/104080"}],"collection":[{"href":"https:\/\/desdropi.com\/elparque\/wp-json\/wp\/v2\/product"}],"about":[{"href":"https:\/\/desdropi.com\/elparque\/wp-json\/wp\/v2\/types\/product"}],"replies":[{"embeddable":true,"href":"https:\/\/desdropi.com\/elparque\/wp-json\/wp\/v2\/comments?post=104080"}],"version-history":[{"count":0,"href":"https:\/\/desdropi.com\/elparque\/wp-json\/wp\/v2\/product\/104080\/revisions"}],"wp:featuredmedia":[{"embeddable":true,"href":"https:\/\/desdropi.com\/elparque\/wp-json\/wp\/v2\/media\/104081"}],"wp:attachment":[{"href":"https:\/\/desdropi.com\/elparque\/wp-json\/wp\/v2\/media?parent=104080"}],"wp:term":[{"taxonomy":"product_cat","embeddable":true,"href":"https:\/\/desdropi.com\/elparque\/wp-json\/wp\/v2\/product_cat?post=104080"},{"taxonomy":"product_tag","embeddable":true,"href":"https:\/\/desdropi.com\/elparque\/wp-json\/wp\/v2\/product_tag?post=104080"}],"curies":[{"name":"wp","href":"https:\/\/api.w.org\/{rel}","templated":true}]}}