{"id":104096,"date":"2022-06-25T00:08:02","date_gmt":"2022-06-24T23:08:02","guid":{"rendered":"https:\/\/desdropi.com\/elparque\/exprimidor-kuken-33901-160w-c-brazo-inox\/"},"modified":"2024-04-07T23:45:08","modified_gmt":"2024-04-07T21:45:08","slug":"exprimidor-kuken-33901-160w-c-brazo-inox","status":"publish","type":"product","link":"https:\/\/desdropi.com\/elparque\/exprimidor-kuken-33901-160w-c-brazo-inox\/","title":{"rendered":"Exprimidor Kuken 33901 160W C\/Brazo Inox"},"content":{"rendered":"<div class=\"descripcion-tab\">\n<ul>\n<li>Exprimidor el\u00e9ctrico con brazo k\u00fcken de alta potencia.<\/li>\n<li>Incluye dos filtros; uno de acero inoxidable y otro de pl\u00e1stico.<\/li>\n<li>Dos conos desmontables para adaptarse a c\u00edtricos de todos los tama\u00f1os.<\/li>\n<li>Palanca de presi\u00f3n para extraer el zumo con el m\u00ednimo esfuerzo.<\/li>\n<li>Sistema de extracci\u00f3n continua para una mayor comodidad y rapidez.<\/li>\n<li>Exprimidor el\u00e9ctrico con brazo y boquilla anti goteo de acero inoxidable.<\/li>\n<li>Piezas desmontables para una limpieza f\u00e1cil y c\u00f3moda.<\/li>\n<li>Encendido autom\u00e1tico al presionar el cono con ayuda de la fruta.<\/li>\n<li>Base antideslizante para facilitar su uso y evitar verter el zumo.<\/li>\n<li>Cuerpo fabricado en acero inoxidable y PC de color negro y gris.<\/li>\n<\/ul>\n<p><strong>Especificaciones<\/strong><\/p>\n<ul>\n<li class=\"answer\">Unidades: 1.<\/li>\n<li class=\"answer\">Color: Negro\/inox.<\/li>\n<li class=\"answer\">Envase: Caja de color.<\/li>\n<li class=\"answer\">Potencia: 160 W.<\/li>\n<li class=\"answer\">Voltaje: 230 V.<\/li>\n<li class=\"answer\">Material: Acero inoxidable \/ PC.<\/li>\n<li class=\"answer\">Base antideslizante: S\u00ed.<\/li>\n<li class=\"answer\">Desmontable: Si.<\/li>\n<li class=\"answer\">Peso: 2,32 kg.<\/li>\n<\/ul>\n<\/div>\n","protected":false},"excerpt":{"rendered":"<p>Exprimidor el\u00e9ctrico con brazo k\u00fcken de alta potencia. Incluye dos filtros; uno de acero inoxidable y otro de pl\u00e1stico. Dos<\/p>\n","protected":false},"featured_media":134282,"comment_status":"open","ping_status":"closed","template":"","meta":{"_joinchat":[]},"product_cat":[825,831,893],"product_tag":[],"class_list":{"0":"post-104096","1":"product","2":"type-product","3":"status-publish","4":"has-post-thumbnail","6":"product_cat-pequeno-electrodomestico","7":"product_cat-accesorios-de-cocina","8":"product_cat-exprimidores","9":"pa_marca-kuken-pae","11":"first","12":"instock","13":"taxable","14":"shipping-taxable","15":"purchasable","16":"product-type-simple"},"_links":{"self":[{"href":"https:\/\/desdropi.com\/elparque\/wp-json\/wp\/v2\/product\/104096"}],"collection":[{"href":"https:\/\/desdropi.com\/elparque\/wp-json\/wp\/v2\/product"}],"about":[{"href":"https:\/\/desdropi.com\/elparque\/wp-json\/wp\/v2\/types\/product"}],"replies":[{"embeddable":true,"href":"https:\/\/desdropi.com\/elparque\/wp-json\/wp\/v2\/comments?post=104096"}],"version-history":[{"count":0,"href":"https:\/\/desdropi.com\/elparque\/wp-json\/wp\/v2\/product\/104096\/revisions"}],"wp:featuredmedia":[{"embeddable":true,"href":"https:\/\/desdropi.com\/elparque\/wp-json\/wp\/v2\/media\/134282"}],"wp:attachment":[{"href":"https:\/\/desdropi.com\/elparque\/wp-json\/wp\/v2\/media?parent=104096"}],"wp:term":[{"taxonomy":"product_cat","embeddable":true,"href":"https:\/\/desdropi.com\/elparque\/wp-json\/wp\/v2\/product_cat?post=104096"},{"taxonomy":"product_tag","embeddable":true,"href":"https:\/\/desdropi.com\/elparque\/wp-json\/wp\/v2\/product_tag?post=104096"}],"curies":[{"name":"wp","href":"https:\/\/api.w.org\/{rel}","templated":true}]}}