{"id":104215,"date":"2022-06-25T00:12:02","date_gmt":"2022-06-24T23:12:02","guid":{"rendered":"https:\/\/desdropi.com\/elparque\/crepera-electrica-kuken-33949-30cm-1000w\/"},"modified":"2024-04-07T23:46:47","modified_gmt":"2024-04-07T21:46:47","slug":"crepera-electrica-kuken-33949-30cm-1000w","status":"publish","type":"product","link":"https:\/\/desdropi.com\/elparque\/crepera-electrica-kuken-33949-30cm-1000w\/","title":{"rendered":"Crepera Electrica Kuken 33949 30Cm 1000W"},"content":{"rendered":"<div class=\"descripcion-tab\">\n<ul>\n<li>Crepera el\u00e9ctrica con 1000W de potencia.<\/li>\n<li>La manera m\u00e1s f\u00e1cil de preparar crepes.<\/li>\n<li>Selector giratorio para ajustar la temperatura.<\/li>\n<li>Superficie de aluminio antiadherente.<\/li>\n<li>Luz de led de calentando y listo.<\/li>\n<li>Crepera el\u00e9ctrica con sistema de apagado autom\u00e1tico.<\/li>\n<li>Incluye esp\u00e1tula y repartidor de masa de madera.<\/li>\n<li>Muy f\u00e1cil de usar y de limpiar.<\/li>\n<\/ul>\n<p><strong>Especificaciones<\/strong><\/p>\n<ul>\n<li>Unidades: 1.<\/li>\n<li>Color: Negro.<\/li>\n<li>Envase: Caja de color.<\/li>\n<li>Potencia: 1000W.<\/li>\n<li>Voltaje: 230V.<\/li>\n<li>Material: Aluminio.<\/li>\n<li>Base antideslizante: S\u00ed.<\/li>\n<li>Peso: 1,2 kg.<\/li>\n<li>Di\u00e1metro: 300 mm.<\/li>\n<\/ul>\n<\/div>\n","protected":false},"excerpt":{"rendered":"<p>Crepera el\u00e9ctrica con 1000W de potencia. La manera m\u00e1s f\u00e1cil de preparar crepes. Selector giratorio para ajustar la temperatura. Superficie<\/p>\n","protected":false},"featured_media":104216,"comment_status":"open","ping_status":"closed","template":"","meta":{"_joinchat":[]},"product_cat":[6923,825,831],"product_tag":[],"class_list":{"0":"post-104215","1":"product","2":"type-product","3":"status-publish","4":"has-post-thumbnail","6":"product_cat-creperas","7":"product_cat-pequeno-electrodomestico","8":"product_cat-accesorios-de-cocina","9":"pa_marca-kuken-pae","11":"first","12":"instock","13":"taxable","14":"shipping-taxable","15":"purchasable","16":"product-type-simple"},"_links":{"self":[{"href":"https:\/\/desdropi.com\/elparque\/wp-json\/wp\/v2\/product\/104215"}],"collection":[{"href":"https:\/\/desdropi.com\/elparque\/wp-json\/wp\/v2\/product"}],"about":[{"href":"https:\/\/desdropi.com\/elparque\/wp-json\/wp\/v2\/types\/product"}],"replies":[{"embeddable":true,"href":"https:\/\/desdropi.com\/elparque\/wp-json\/wp\/v2\/comments?post=104215"}],"version-history":[{"count":0,"href":"https:\/\/desdropi.com\/elparque\/wp-json\/wp\/v2\/product\/104215\/revisions"}],"wp:featuredmedia":[{"embeddable":true,"href":"https:\/\/desdropi.com\/elparque\/wp-json\/wp\/v2\/media\/104216"}],"wp:attachment":[{"href":"https:\/\/desdropi.com\/elparque\/wp-json\/wp\/v2\/media?parent=104215"}],"wp:term":[{"taxonomy":"product_cat","embeddable":true,"href":"https:\/\/desdropi.com\/elparque\/wp-json\/wp\/v2\/product_cat?post=104215"},{"taxonomy":"product_tag","embeddable":true,"href":"https:\/\/desdropi.com\/elparque\/wp-json\/wp\/v2\/product_tag?post=104215"}],"curies":[{"name":"wp","href":"https:\/\/api.w.org\/{rel}","templated":true}]}}