{"id":134002,"date":"2022-07-07T23:00:58","date_gmt":"2022-07-07T22:00:58","guid":{"rendered":"https:\/\/desdropi.com\/elparque\/horno-silverline-ove-64g-72-litros-cristal-gris\/"},"modified":"2025-04-13T23:21:19","modified_gmt":"2025-04-13T21:21:19","slug":"horno-silverline-ove-64g-72-litros-cristal-gris","status":"publish","type":"product","link":"https:\/\/desdropi.com\/elparque\/horno-silverline-ove-64g-72-litros-cristal-gris\/","title":{"rendered":"Horno Silverline Ove-64G   72 Litros Cristal Gris"},"content":{"rendered":"<div class=\"descripcion-tab\">\n<p><strong>Tipolog\u00eda:<\/strong><\/p>\n<ul>\n<li>Horno El\u00e9ctrico Multifunci\u00f3n<\/li>\n<li>72 litros<\/li>\n<li>A+ Eficiencia energ\u00e9tica<\/li>\n<\/ul>\n<p><strong>Funciones de Cocci\u00f3n:<\/strong><\/p>\n<ul>\n<li>8 Funciones<\/li>\n<li>3D Airmove<\/li>\n<li>R\u00e1pido pre-Calentamiento<\/li>\n<li>Maxi grill, Termostato, turbo fan<\/li>\n<li>B\u00f3veda + Solera<\/li>\n<li>B\u00f3beda + Solera + Turbo<\/li>\n<li>B\u00f3veda + turbo<\/li>\n<li>Solera<\/li>\n<\/ul>\n<p><strong>Limpieza:<\/strong><\/p>\n<ul>\n<li>Auto limpieza<\/li>\n<li>Steam Clean<\/li>\n<li>F\u00e1cil Extracci\u00f3n<\/li>\n<\/ul>\n<p><strong>Comfort:<\/strong><\/p>\n<ul>\n<li>Timer Display Digital &#8211; Alarma y Tiempo<\/li>\n<li>2 mandos push-pull<\/li>\n<li>Bloqueo de pantalla<\/li>\n<li>Soportes Cromados Extraibles<\/li>\n<li>Gu\u00edas Telesc\u00f3picas<\/li>\n<li>Luz<\/li>\n<li>Puerta doble Cristal (Low-e Glass) Refrigerados<\/li>\n<\/ul>\n<p><strong>Accesorios:<\/strong><\/p>\n<ul>\n<li>1 Rejilla Cromada<\/li>\n<li>1 Bandeja standard<\/li>\n<li>1 profunda<\/li>\n<\/ul>\n<p><strong>Dimensiones:<\/strong><\/p>\n<ul>\n<li>(AnxFxAI) 595x547x595mm<\/li>\n<\/ul>\n<\/div>\n","protected":false},"excerpt":{"rendered":"<p>Tipolog\u00eda: Horno El\u00e9ctrico Multifunci\u00f3n 72 litros A+ Eficiencia energ\u00e9tica Funciones de Cocci\u00f3n: 8 Funciones 3D Airmove R\u00e1pido pre-Calentamiento Maxi grill,<\/p>\n","protected":false},"featured_media":134003,"comment_status":"open","ping_status":"closed","template":"","meta":{"_joinchat":[]},"product_cat":[6507,3268,3279],"product_tag":[],"class_list":{"0":"post-134002","1":"product","2":"type-product","3":"status-publish","4":"has-post-thumbnail","6":"product_cat-multifuncion","7":"product_cat-coccion","8":"product_cat-hornos","9":"pa_marca-silverline","11":"first","12":"instock","13":"taxable","14":"shipping-taxable","15":"purchasable","16":"product-type-simple"},"_links":{"self":[{"href":"https:\/\/desdropi.com\/elparque\/wp-json\/wp\/v2\/product\/134002"}],"collection":[{"href":"https:\/\/desdropi.com\/elparque\/wp-json\/wp\/v2\/product"}],"about":[{"href":"https:\/\/desdropi.com\/elparque\/wp-json\/wp\/v2\/types\/product"}],"replies":[{"embeddable":true,"href":"https:\/\/desdropi.com\/elparque\/wp-json\/wp\/v2\/comments?post=134002"}],"version-history":[{"count":1,"href":"https:\/\/desdropi.com\/elparque\/wp-json\/wp\/v2\/product\/134002\/revisions"}],"predecessor-version":[{"id":224689,"href":"https:\/\/desdropi.com\/elparque\/wp-json\/wp\/v2\/product\/134002\/revisions\/224689"}],"wp:featuredmedia":[{"embeddable":true,"href":"https:\/\/desdropi.com\/elparque\/wp-json\/wp\/v2\/media\/134003"}],"wp:attachment":[{"href":"https:\/\/desdropi.com\/elparque\/wp-json\/wp\/v2\/media?parent=134002"}],"wp:term":[{"taxonomy":"product_cat","embeddable":true,"href":"https:\/\/desdropi.com\/elparque\/wp-json\/wp\/v2\/product_cat?post=134002"},{"taxonomy":"product_tag","embeddable":true,"href":"https:\/\/desdropi.com\/elparque\/wp-json\/wp\/v2\/product_tag?post=134002"}],"curies":[{"name":"wp","href":"https:\/\/api.w.org\/{rel}","templated":true}]}}