{"id":136595,"date":"2022-07-21T22:58:01","date_gmt":"2022-07-21T21:58:01","guid":{"rendered":"https:\/\/desdropi.com\/elparque\/termo-solido-bra-a198102-800gr-2-contenedores-cuchara\/"},"modified":"2025-04-13T23:35:37","modified_gmt":"2025-04-13T21:35:37","slug":"termo-solido-bra-a198102-800gr-2-contenedores-cuchara","status":"publish","type":"product","link":"https:\/\/desdropi.com\/elparque\/termo-solido-bra-a198102-800gr-2-contenedores-cuchara\/","title":{"rendered":"Termo Solido Bra A198102 800Gr + 2 Contenedores + Cuchara"},"content":{"rendered":"<div class=\"descripcion-tab\">\n<strong>Informaci\u00f3n del producto<\/strong><\/p>\n<ul>\n<li>El Termo para alimentos Enjoy Efficient de Bra es un recipiente reutilizable de alta calidad y dise\u00f1o vanguardista. Es ideal para llevar la comida de forma sostenible y gracias a su doble pared de acero inoxidable, mantiene los alimentos fr\u00edos o calientes durante varias horas.<br \/>\nEl vac\u00edo entre la doble pared de acero inoxidable 18\/10 aumenta la capacidad de aislamiento y reduce la p\u00e9rdida de calor, por lo que los alimentos de su interior se mantienen calientes hasta 12 horas y los fr\u00edos hasta 24 horas.<\/li>\n<li>En la base dispone de una alfombrilla antideslizante de silicona para una mayor estabilidad y confort, que evita que el termo resbale al manejarlo. Su anillo de silicona central facilita la sujeci\u00f3n al abrir y cerrar el termo, asegurando y facilitando su agarre.<\/li>\n<li>Su tap\u00f3n interior es de rosca y proporciona un cierre herm\u00e9tico. Cuenta con un bot\u00f3n de despresurizaci\u00f3n que garantiza una apertura segura.<\/li>\n<li>La tapa exterior dispone de una anilla plegable que, a modo de asa, facilita el transporte del termo.<\/li>\n<li>El Termo para alimentos Enjoy es un recipiente reutilizable y muy higi\u00e9nico, ya que al ser de acero inoxidable no absorbe olores ni sabores, y es f\u00e1cil de usar y de limpiar. Al ser reutilizable, su uso contribuye a evitar el consumo de botellas desechables, reduciendo el impacto ambiental negativo.<\/li>\n<li>Con un dise\u00f1o muy pr\u00e1ctico, su cuerpo es de color negro (en pintura negra de resina fen\u00f3lica curada a 185\u202f\u00b0C) y los detalles son en el caracter\u00edstico color naranja de la colecci\u00f3n Efficient.<\/li>\n<\/ul>\n<p>Se presenta en tres formatos:<\/p>\n<ul>\n<li>Capacidad: 500 g.<\/li>\n<li>Capacidad: 800 g.<\/li>\n<li>Capacidad: 1000 g.<\/li>\n<\/ul>\n<p>Los termos con capacidad de 800 g y 1000 g incluyen una cuchara plegable que se encaja en el tap\u00f3n interior de rosca, y dos contenedores adicionales para los alimentos secos o cocinados. Los dos recipientes est\u00e1n dise\u00f1ados para llevarlos junto con el termo, no son aptos para depositarlos en su interior.<\/p>\n<p>El termo para alimentos es un recipiente ideal para llevar y mantener la comida caliente all\u00ed donde vayas. Una opci\u00f3n perfecta para el t\u00e1per de cada d\u00eda si comes en la oficina, para las excursiones de los fines de semana, para llevarte la cena del p\u00edcnic en la playa o en la monta\u00f1a o para cuando te apetece comer fuera de casa sin preocuparte por el men\u00fa, por tener que calentarlo o por mantenerlo fresco. Es muy f\u00e1cil y c\u00f3modo de transportar, gracias a su anilla de silicona a modo de asa. Y al estar fabricado en acero inoxidable, es muy higi\u00e9nico y no absorber\u00e1 olores ni sabores, por lo que es muy pr\u00e1ctico y una opci\u00f3n perfecta para comer en \u00e9l directamente, sin tener que ensuciar nada m\u00e1s. Y en los termos de mayor capacidad, podr\u00e1s acompa\u00f1ar la comida con los aderezos que m\u00e1s te gusten y que podr\u00e1s llevar en los contenedores que vienen incluidos, junto con una cuchara plegable.<\/p>\n<p><strong>Caracter\u00edsticas<\/strong><\/p>\n<ul>\n<li>Termo reutilizable para alimentos con doble pared de acero inoxidable 18\/10.<\/li>\n<li>Mantiene los alimentos calientes 12 horas y los fr\u00edos 24 horas.<\/li>\n<li>Cuerpo exterior de color negro en pintura de resina fen\u00f3lica curada a 185\u202f\u00b0C.<\/li>\n<li>Tap\u00f3n interior con rosca para un cierre estanco.<\/li>\n<li>Sistema de despresurizaci\u00f3n incorporado en el tap\u00f3n interior.<\/li>\n<li>Anillo y base de silicona para una mayor estabilidad y un agarre seguro.<\/li>\n<li>Asa plegable de silicona en la tapa para su mejor transporte.<\/li>\n<li>Cuchara plegable y dos recipientes adicionales para alimentos (solo en los modelos de 800 y 1000 g).<\/li>\n<li>Contenedores adicionales y cuchara plegable de polipropileno.<\/li>\n<li>Muy seguro e higi\u00e9nico.<\/li>\n<li>F\u00e1cil de usar y de limpiar.<\/li>\n<li>No apto para el lavavajillas.<\/li>\n<\/ul>\n<p><strong>Medidas Disponibles<\/strong><br \/>\nCapacidad, Medidas y Peso.<\/p>\n<ul>\n<li>500 g 10,3 cm x 15,8 cm 420 g.<\/li>\n<li>800 g 11,9 cm x 18,5 cm 527 g.<\/li>\n<li>1000 g 11,9 cm x 20,5 cm 640 g.<\/li>\n<\/ul>\n<\/div>\n","protected":false},"excerpt":{"rendered":"<p>Informaci\u00f3n del producto El Termo para alimentos Enjoy Efficient de Bra es un recipiente reutilizable de alta calidad y dise\u00f1o<\/p>\n","protected":false},"featured_media":136596,"comment_status":"open","ping_status":"closed","template":"","meta":{"_joinchat":[]},"product_cat":[6426,5661,5662,5953],"product_tag":[],"class_list":{"0":"post-136595","1":"product","2":"type-product","3":"status-publish","4":"has-post-thumbnail","6":"product_cat-solidos","7":"product_cat-menaje","8":"product_cat-menaje-de-cocina","9":"product_cat-termos","10":"pa_marca-bra","12":"first","13":"instock","14":"taxable","15":"shipping-taxable","16":"purchasable","17":"product-type-simple"},"_links":{"self":[{"href":"https:\/\/desdropi.com\/elparque\/wp-json\/wp\/v2\/product\/136595"}],"collection":[{"href":"https:\/\/desdropi.com\/elparque\/wp-json\/wp\/v2\/product"}],"about":[{"href":"https:\/\/desdropi.com\/elparque\/wp-json\/wp\/v2\/types\/product"}],"replies":[{"embeddable":true,"href":"https:\/\/desdropi.com\/elparque\/wp-json\/wp\/v2\/comments?post=136595"}],"version-history":[{"count":1,"href":"https:\/\/desdropi.com\/elparque\/wp-json\/wp\/v2\/product\/136595\/revisions"}],"predecessor-version":[{"id":224715,"href":"https:\/\/desdropi.com\/elparque\/wp-json\/wp\/v2\/product\/136595\/revisions\/224715"}],"wp:featuredmedia":[{"embeddable":true,"href":"https:\/\/desdropi.com\/elparque\/wp-json\/wp\/v2\/media\/136596"}],"wp:attachment":[{"href":"https:\/\/desdropi.com\/elparque\/wp-json\/wp\/v2\/media?parent=136595"}],"wp:term":[{"taxonomy":"product_cat","embeddable":true,"href":"https:\/\/desdropi.com\/elparque\/wp-json\/wp\/v2\/product_cat?post=136595"},{"taxonomy":"product_tag","embeddable":true,"href":"https:\/\/desdropi.com\/elparque\/wp-json\/wp\/v2\/product_tag?post=136595"}],"curies":[{"name":"wp","href":"https:\/\/api.w.org\/{rel}","templated":true}]}}