{"id":136604,"date":"2022-07-21T22:58:01","date_gmt":"2022-07-21T21:58:01","guid":{"rendered":"https:\/\/desdropi.com\/elparque\/termo-liquido-bra-a198105-800ml\/"},"modified":"2025-04-13T23:38:51","modified_gmt":"2025-04-13T21:38:51","slug":"termo-liquido-bra-a198105-800ml","status":"publish","type":"product","link":"https:\/\/desdropi.com\/elparque\/termo-liquido-bra-a198105-800ml\/","title":{"rendered":"Termo Liquido Bra A198105 800Ml"},"content":{"rendered":"<div class=\"descripcion-tab\">\n<strong>Informaci\u00f3n del producto<\/strong><\/p>\n<ul>\n<li>El Termo Enjoy Efficient de Bra es un recipiente de alta calidad y dise\u00f1o vanguardista, ideal para llevar tus bebidas de forma sostenible, manteni\u00e9ndolas fr\u00edas o calientes durante varias horas gracias a su doble pared de acero inoxidable.<br \/>\nEl vac\u00edo entre la doble pared de acero inoxidable 18\/10 aumenta la capacidad de aislamiento y reduce la p\u00e9rdida de calor, por lo que los l\u00edquidos en su interior se mantienen calientes hasta 12 horas y los fr\u00edos hasta 24 horas.<\/li>\n<li>En la base dispone de una alfombrilla antideslizante de silicona para una mayor estabilidad y confort, que evita que el termo resbale al manejarlo. Su anillo de silicona permite sujetarlo con seguridad al abrirlo y cerrarlo.<\/li>\n<li>Cuenta con tap\u00f3n exterior de rosca y tap\u00f3n interior de seguridad antica\u00edda con funci\u00f3n \u00abstop\u00bb, tambi\u00e9n de rosca, que proporciona un cierre herm\u00e9tico y que permite beber sin necesidad de extraer el tap\u00f3n por completo.<\/li>\n<li>El Termo para l\u00edquidos Enjoy es un recipiente reutilizable y muy higi\u00e9nico, ya que al ser de acero inoxidable no absorbe olores ni sabores, y es f\u00e1cil de usar y de limpiar. Al ser reutilizable, su uso contribuye a evitar el consumo de botellas desechables, reduciendo el impacto ambiental negativo.<\/li>\n<li>Con un dise\u00f1o muy pr\u00e1ctico, su cuerpo es de color negro (en pintura negra de resina fen\u00f3lica curada a 185\u202f\u00b0C) y tanto el anillo como la alfombrilla de la base son en el caracter\u00edstico color naranja de la colecci\u00f3n Efficient.<\/li>\n<\/ul>\n<p>Se presenta en tres formatos:<\/p>\n<ul>\n<li>Capacidad: 500 ml.<\/li>\n<li>Capacidad: 800 ml.<\/li>\n<li>Capacidad: 1 l.<\/li>\n<\/ul>\n<p>El termo para l\u00edquidos es un recipiente ideal para llevar y mantener las bebidas fr\u00edas o calientes all\u00ed donde vayas. Una opci\u00f3n estupenda para tener siempre a punto el caf\u00e9 o el t\u00e9 calientes de la ma\u00f1ana, camino al trabajo, o el caldo caliente para esos d\u00edas de fr\u00edo. Tambi\u00e9n es perfecto para llevar el agua bien fresca cuando quieras hidratarte mientras haces deporte, para las caminatas por el campo, o para disfrutar de un zumo refrescante mientras tomas el sol en la playa o la piscina. Es muy f\u00e1cil y c\u00f3modo de usar. Y al estar fabricado en acero inoxidable, es muy higi\u00e9nico y no absorber\u00e1 olores ni sabores, por lo que es muy pr\u00e1ctico y una opci\u00f3n perfecta para beber directamente sin riesgos de derrames, gracias a su tap\u00f3n de seguridad.<\/p>\n<p><strong>Caracter\u00edsticas<\/strong><\/p>\n<ul>\n<li>Termo reutilizable para l\u00edquidos con doble pared de acero inoxidable 18\/10.<\/li>\n<li>Mantiene las bebidas calientes 12 horas y las fr\u00edas 24 horas.<\/li>\n<li>Cuerpo exterior de color negro en pintura de resina fen\u00f3lica curada a 185\u202f\u00b0C.<\/li>\n<li>Tap\u00f3n exterior de rosca.<\/li>\n<li>Tap\u00f3n interior de seguridad antica\u00edda con funci\u00f3n \u00abstop\u00bb.Cierre herm\u00e9tico de rosca.<\/li>\n<li>Base y anillo de silicona para una mayor estabilidad y un agarre seguro.<\/li>\n<li>Muy seguro e higi\u00e9nico.<\/li>\n<li>F\u00e1cil de usar y de limpiar.<\/li>\n<li>No apto para el lavavajillas.<\/li>\n<\/ul>\n<p><strong>Medidas Disponibles<\/strong><br \/>\nCapacidad, Medidas y Peso.<\/p>\n<ul>\n<li>500 ml \u2013 8,2 cm x 24,5 cm \u2013 335 g<\/li>\n<li>800 ml \u2013 9,7 cm x 27 cm \u2013 506 g<\/li>\n<li>1 l \u2013 9,8 cm x 31,5 cm \u2013 570 g<\/li>\n<\/ul>\n<\/div>\n","protected":false},"excerpt":{"rendered":"<p>Informaci\u00f3n del producto El Termo Enjoy Efficient de Bra es un recipiente de alta calidad y dise\u00f1o vanguardista, ideal para<\/p>\n","protected":false},"featured_media":136605,"comment_status":"open","ping_status":"closed","template":"","meta":{"_joinchat":[]},"product_cat":[6427,5661,5662,5953],"product_tag":[],"class_list":{"0":"post-136604","1":"product","2":"type-product","3":"status-publish","4":"has-post-thumbnail","6":"product_cat-liquidos-termos","7":"product_cat-menaje","8":"product_cat-menaje-de-cocina","9":"product_cat-termos","10":"pa_marca-bra","12":"first","13":"instock","14":"taxable","15":"shipping-taxable","16":"purchasable","17":"product-type-simple"},"_links":{"self":[{"href":"https:\/\/desdropi.com\/elparque\/wp-json\/wp\/v2\/product\/136604"}],"collection":[{"href":"https:\/\/desdropi.com\/elparque\/wp-json\/wp\/v2\/product"}],"about":[{"href":"https:\/\/desdropi.com\/elparque\/wp-json\/wp\/v2\/types\/product"}],"replies":[{"embeddable":true,"href":"https:\/\/desdropi.com\/elparque\/wp-json\/wp\/v2\/comments?post=136604"}],"version-history":[{"count":1,"href":"https:\/\/desdropi.com\/elparque\/wp-json\/wp\/v2\/product\/136604\/revisions"}],"predecessor-version":[{"id":224717,"href":"https:\/\/desdropi.com\/elparque\/wp-json\/wp\/v2\/product\/136604\/revisions\/224717"}],"wp:featuredmedia":[{"embeddable":true,"href":"https:\/\/desdropi.com\/elparque\/wp-json\/wp\/v2\/media\/136605"}],"wp:attachment":[{"href":"https:\/\/desdropi.com\/elparque\/wp-json\/wp\/v2\/media?parent=136604"}],"wp:term":[{"taxonomy":"product_cat","embeddable":true,"href":"https:\/\/desdropi.com\/elparque\/wp-json\/wp\/v2\/product_cat?post=136604"},{"taxonomy":"product_tag","embeddable":true,"href":"https:\/\/desdropi.com\/elparque\/wp-json\/wp\/v2\/product_tag?post=136604"}],"curies":[{"name":"wp","href":"https:\/\/api.w.org\/{rel}","templated":true}]}}