{"id":139439,"date":"2022-08-09T22:58:39","date_gmt":"2022-08-09T21:58:39","guid":{"rendered":"https:\/\/desdropi.com\/elparque\/frigo-combi-daewoo-fkm295eln1es-186x60-inox-disp-de-agua\/"},"modified":"2024-05-18T23:38:43","modified_gmt":"2024-05-18T21:38:43","slug":"frigo-combi-daewoo-fkm295eln1es-186x60-inox-disp-de-agua","status":"publish","type":"product","link":"https:\/\/desdropi.com\/elparque\/frigo-combi-daewoo-fkm295eln1es-186x60-inox-disp-de-agua\/","title":{"rendered":"Frigo Combi Daewoo Fkm295Eln1Es 186X60 Inox Disp De Agua"},"content":{"rendered":"<div class=\"descripcion-tab\">\n<p><strong>Especificaciones destacadas<\/strong><\/p>\n<ul>\n<li>Instalaci\u00f3n &#8211; Instalaci\u00f3n libre<\/li>\n<li>Tipo de producto &#8211; combinado<\/li>\n<li>Ancho &#8211; 60cm<\/li>\n<li>Altura &#8211; 186cm<\/li>\n<li>N\u00famero de art\u00edculo &#8211; europeo<\/li>\n<li>C\u00f3digo EAN &#8211; 8698902500845<\/li>\n<\/ul>\n<p><strong>Caracter\u00edsticas<\/strong><\/p>\n<ul>\n<li>Sistema de refrigeraci\u00f3n &#8211; Alta tecnolog\u00eda sin escarcha<\/li>\n<li>Sistema de control &#8211; Pantallas Interiores<\/li>\n<li>Clasificaci\u00f3n energ\u00e9tica &#8211; Clasificaci\u00f3n Energ\u00e9tica E<\/li>\n<li>Iluminaci\u00f3n Interior (Refrigerador) &#8211; Luz Interior Led<\/li>\n<li>Iluminaci\u00f3n interior (Congelador) &#8211; No<\/li>\n<li>Zona OptiCrisp &#8211; No<\/li>\n<li>Zona Diaria &#8211; No<\/li>\n<li>Maquina de hielo &#8211; No<\/li>\n<li>Cubeta de hielo &#8211; Si<\/li>\n<li>Estrellas congeladas &#8211; 4<\/li>\n<li>Capacidad de congelaci\u00f3n &#8211; 5<\/li>\n<li>Tipo de descongelaci\u00f3n &#8211; Autom\u00e1tico<\/li>\n<\/ul>\n<p><strong>Caracter\u00edsticas t\u00e9cnicas<\/strong><\/p>\n<ul>\n<li>N\u00famero de puertas &#8211; 2<\/li>\n<li>Tipo de producto &#8211; combinado<\/li>\n<li>Color Aspecto &#8211; Acero inoxidable<\/li>\n<li>Clasificaci\u00f3n energ\u00e9tica &#8211;\u00a0 Clasificaci\u00f3n Energ\u00e9tica E<\/li>\n<li>Clase clim\u00e1tica &#8211; N\/T<\/li>\n<li>Consumo anual de energ\u00eda &#8211; 239<\/li>\n<li>Emisi\u00f3n de sonido &#8211; 41<\/li>\n<li>Capacidad de congelaci\u00f3n &#8211; 5,00<\/li>\n<li>Autonom\u00eda (Tiempo de subida de temperatura) &#8211; 10<\/li>\n<\/ul>\n<p><strong>Otras caracter\u00edsticas<\/strong><\/p>\n<ul>\n<li>Bloqueo para ni\u00f1os &#8211; No<\/li>\n<li>Tipo de tirador &#8211; tirador integrado<\/li>\n<li>Puerta f\u00e1cil de cambiar &#8211; Si<\/li>\n<li>Dispensador de agua &#8211; Si<\/li>\n<li>Requisito de plomer\u00eda &#8211; No<\/li>\n<li>Control Pantallas &#8211; Interiores<\/li>\n<li>Interfaz de control &#8211; interior de la pantalla<\/li>\n<li>Modo ecol\u00f3gico &#8211; No<\/li>\n<li>Modo vacaciones &#8211; No<\/li>\n<li>Alarma de puerta abierta &#8211; No<\/li>\n<li>Botellero &#8211; No<\/li>\n<\/ul>\n<p><strong>Accesorios<\/strong><\/p>\n<ul>\n<li>Dispensador de agua &#8211; Si<\/li>\n<li>Maquina de hielo &#8211; No<\/li>\n<li>Botellero &#8211; No<\/li>\n<li>Filtro verde &#8211; No<\/li>\n<li>Zona OptiCrisp &#8211; No<\/li>\n<li>Zona Diaria &#8211; No<\/li>\n<li>Caj\u00f3n convertible &#8211; Si<\/li>\n<li>Verde fresco &#8211; No<\/li>\n<li>Ionizador de tecnolog\u00eda de iones naturales &#8211; No<\/li>\n<li>Enfriamiento de metales &#8211; No<\/li>\n<\/ul>\n<p><strong>Actuaci\u00f3n<\/strong><\/p>\n<ul>\n<li>Dimensiones sin tirador (mm) &#8211; 595 x 600 x 1860<\/li>\n<li>Dimensiones producto embalado (mm) &#8211; 660 x 661 x 1920<\/li>\n<li>Volumen neto del refrigerador &#8211; 295<\/li>\n<li>Volumen neto del congelador &#8211; 88<\/li>\n<li>Peso neto &#8211; 64<\/li>\n<li>Peso bruto &#8211; 69<\/li>\n<li>Eficiencia energ\u00e9tica Clasificaci\u00f3n Energ\u00e9tica &#8211; E<\/li>\n<li>Consumo de energ\u00eda &#8211; 239<\/li>\n<li>Nivel de sonido &#8211; 41<\/li>\n<\/ul>\n<\/div>\n","protected":false},"excerpt":{"rendered":"<p><a href=\"https:\/\/desdropi.com\/elparque\/wp-content\/uploads\/14497.pdf\" target=\"_blank\" rel=\"noopener\"><img decoding=\"async\" class=\"alignnone wp-image-205373 size-full\" src=\"https:\/\/desdropi.com\/elparque\/wp-content\/uploads\/eficiencia-E.png\" alt=\"\" width=\"56\" height=\"33\" \/><\/a><\/p>\n<p><a style=\"text-decoration: underline;\" href=\"https:\/\/desdropi.com\/elparque\/wp-content\/uploads\/14497.2.pdf\" target=\"_blank\" rel=\"noopener\">Ficha de informaci\u00f3n de producto<\/a><\/p>\n","protected":false},"featured_media":139440,"comment_status":"open","ping_status":"closed","template":"","meta":{"_joinchat":[]},"product_cat":[6442,6441,780],"product_tag":[],"class_list":{"0":"post-139439","1":"product","2":"type-product","3":"status-publish","4":"has-post-thumbnail","6":"product_cat-combis-frigorificos","7":"product_cat-frigorificos","8":"product_cat-gran-electrodomestico","9":"pa_marca-daewoo","11":"first","12":"instock","13":"sale","14":"taxable","15":"shipping-taxable","16":"purchasable","17":"product-type-simple"},"_links":{"self":[{"href":"https:\/\/desdropi.com\/elparque\/wp-json\/wp\/v2\/product\/139439"}],"collection":[{"href":"https:\/\/desdropi.com\/elparque\/wp-json\/wp\/v2\/product"}],"about":[{"href":"https:\/\/desdropi.com\/elparque\/wp-json\/wp\/v2\/types\/product"}],"replies":[{"embeddable":true,"href":"https:\/\/desdropi.com\/elparque\/wp-json\/wp\/v2\/comments?post=139439"}],"version-history":[{"count":0,"href":"https:\/\/desdropi.com\/elparque\/wp-json\/wp\/v2\/product\/139439\/revisions"}],"wp:featuredmedia":[{"embeddable":true,"href":"https:\/\/desdropi.com\/elparque\/wp-json\/wp\/v2\/media\/139440"}],"wp:attachment":[{"href":"https:\/\/desdropi.com\/elparque\/wp-json\/wp\/v2\/media?parent=139439"}],"wp:term":[{"taxonomy":"product_cat","embeddable":true,"href":"https:\/\/desdropi.com\/elparque\/wp-json\/wp\/v2\/product_cat?post=139439"},{"taxonomy":"product_tag","embeddable":true,"href":"https:\/\/desdropi.com\/elparque\/wp-json\/wp\/v2\/product_tag?post=139439"}],"curies":[{"name":"wp","href":"https:\/\/api.w.org\/{rel}","templated":true}]}}