{"id":141164,"date":"2022-08-29T22:42:44","date_gmt":"2022-08-29T21:42:44","guid":{"rendered":"https:\/\/desdropi.com\/elparque\/palomitero-lacor-69299-1200w\/"},"modified":"2025-04-13T22:36:03","modified_gmt":"2025-04-13T20:36:03","slug":"palomitero-lacor-69299-1200w","status":"publish","type":"product","link":"https:\/\/desdropi.com\/elparque\/palomitero-lacor-69299-1200w\/","title":{"rendered":"Palomitero Lacor 69299 1200W"},"content":{"rendered":"<div class=\"descripcion-tab\">\n<ul>\n<li>Una forma r\u00e1pida, f\u00e1cil y eficar de preparar palomitas<\/li>\n<li>Ahora con la palomitera de Lacor podr\u00e1s olvidarte de las volsas para microondas y preparar palomitas sin necesidad de utilizar aceite ni mantequilla. Funciona con cocci\u00f3n por aire caliente, la cual te permite preparar las palomitas a tu gusto.<\/li>\n<li>Su uso es muy sencillo; con tan s\u00f3lo pulsar un bot\u00f3n, en unos instantes nuestras palomitas estar\u00e1n listas. Hacerlas apenas resta tiempo, obtendr\u00e1s las palomitas en solo 3 minutos. Adem\u00e1s, puedes a\u00f1adir tantos ingredientes como quieras.<\/li>\n<li>Prepara hasta 80g de ma\u00edz por cada ciclo de trabajo e incluye una cuchara medidora para calcular las raciones.<\/li>\n<li>Gracias a su dise\u00f1o compacto es ideal para cualquier cocina. Para evitar desplazamientos, dispone de pies antideslizante.<\/li>\n<\/ul>\n<p><strong>Caracter\u00edsticas t\u00e9cnicas<\/strong><\/p>\n<ul>\n<li>Tensi\u00f3n: 220-240 V \/ 50-60 Hz.<\/li>\n<li>Potencia: 1000 W.<\/li>\n<li>Capacidad: 80 g.<\/li>\n<li>Dimensiones: 14&#8217;5 x 21&#8217;5 x 30 cm.<\/li>\n<li>Peso: 0&#8217;87 kg.<\/li>\n<\/ul>\n<\/div>\n","protected":false},"excerpt":{"rendered":"<p>Una forma r\u00e1pida, f\u00e1cil y eficar de preparar palomitas Ahora con la palomitera de Lacor podr\u00e1s olvidarte de las volsas<\/p>\n","protected":false},"featured_media":141165,"comment_status":"open","ping_status":"closed","template":"","meta":{"_joinchat":[]},"product_cat":[6370,825,831],"product_tag":[],"class_list":{"0":"post-141164","1":"product","2":"type-product","3":"status-publish","4":"has-post-thumbnail","6":"product_cat-palomiteros","7":"product_cat-pequeno-electrodomestico","8":"product_cat-accesorios-de-cocina","9":"pa_marca-lacor-p-a-e","11":"first","12":"instock","13":"taxable","14":"shipping-taxable","15":"purchasable","16":"product-type-simple"},"_links":{"self":[{"href":"https:\/\/desdropi.com\/elparque\/wp-json\/wp\/v2\/product\/141164"}],"collection":[{"href":"https:\/\/desdropi.com\/elparque\/wp-json\/wp\/v2\/product"}],"about":[{"href":"https:\/\/desdropi.com\/elparque\/wp-json\/wp\/v2\/types\/product"}],"replies":[{"embeddable":true,"href":"https:\/\/desdropi.com\/elparque\/wp-json\/wp\/v2\/comments?post=141164"}],"version-history":[{"count":1,"href":"https:\/\/desdropi.com\/elparque\/wp-json\/wp\/v2\/product\/141164\/revisions"}],"predecessor-version":[{"id":224636,"href":"https:\/\/desdropi.com\/elparque\/wp-json\/wp\/v2\/product\/141164\/revisions\/224636"}],"wp:featuredmedia":[{"embeddable":true,"href":"https:\/\/desdropi.com\/elparque\/wp-json\/wp\/v2\/media\/141165"}],"wp:attachment":[{"href":"https:\/\/desdropi.com\/elparque\/wp-json\/wp\/v2\/media?parent=141164"}],"wp:term":[{"taxonomy":"product_cat","embeddable":true,"href":"https:\/\/desdropi.com\/elparque\/wp-json\/wp\/v2\/product_cat?post=141164"},{"taxonomy":"product_tag","embeddable":true,"href":"https:\/\/desdropi.com\/elparque\/wp-json\/wp\/v2\/product_tag?post=141164"}],"curies":[{"name":"wp","href":"https:\/\/api.w.org\/{rel}","templated":true}]}}