{"id":141169,"date":"2022-08-29T22:44:44","date_gmt":"2022-08-29T21:44:44","guid":{"rendered":"https:\/\/desdropi.com\/elparque\/termo-solido-lacor-62636-flora-interior-500ml-inox\/"},"modified":"2025-04-13T22:51:58","modified_gmt":"2025-04-13T20:51:58","slug":"termo-solido-lacor-62636-flora-interior-500ml-inox","status":"publish","type":"product","link":"https:\/\/desdropi.com\/elparque\/termo-solido-lacor-62636-flora-interior-500ml-inox\/","title":{"rendered":"Termo Solido Lacor 62636 Flora Interior 500Ml Inox"},"content":{"rendered":"<div class=\"descripcion-tab\">\n<ul>\n<li>Fabricado en acero inoxidable 18\/10 de m\u00e1xima calidad.<\/li>\n<li>Cierre herm\u00e9tico: tapa de rosca con junta de silicona para evitar derrames.<\/li>\n<li>Alto rendimiento t\u00e9rmico gracias a su doble pared y a la c\u00e1mara de vac\u00edo del contenedor: mantiene la comida caliente hasta 6 horas y fr\u00edas hasta 8 horas.<\/li>\n<li>Sistema de boca extra ancha: facilita el llenado y la toma de los alimentos.<\/li>\n<li>Revestimiento exterior en color mate antiralladura.<\/li>\n<li>Materiales at\u00f3xicos, 100% libres de BPA.<\/li>\n<li>Asa de silicona para un agarre ergon\u00f3mico.<\/li>\n<li>Incluye cuchara plegable de acero inoxidable.<\/li>\n<\/ul>\n<p><strong>Caracter\u00edsticas t\u00e9cnicas<\/strong><\/p>\n<ul>\n<li>Capacidad<\/li>\n<li>500 ml.<\/li>\n<li>Marca &#8211; LACOR<\/li>\n<li>Material &#8211; Acero inoxidable 18\/10<\/li>\n<li>Medida &#8211; 15 x 10,5 cm.<\/li>\n<\/ul>\n<\/div>\n","protected":false},"excerpt":{"rendered":"<p>Fabricado en acero inoxidable 18\/10 de m\u00e1xima calidad. Cierre herm\u00e9tico: tapa de rosca con junta de silicona para evitar derrames.<\/p>\n","protected":false},"featured_media":141170,"comment_status":"open","ping_status":"closed","template":"","meta":{"_joinchat":[]},"product_cat":[6426,5661,5662,5953],"product_tag":[],"class_list":{"0":"post-141169","1":"product","2":"type-product","3":"status-publish","4":"has-post-thumbnail","6":"product_cat-solidos","7":"product_cat-menaje","8":"product_cat-menaje-de-cocina","9":"product_cat-termos","10":"pa_marca-lacor","12":"first","13":"instock","14":"taxable","15":"shipping-taxable","16":"purchasable","17":"product-type-simple"},"_links":{"self":[{"href":"https:\/\/desdropi.com\/elparque\/wp-json\/wp\/v2\/product\/141169"}],"collection":[{"href":"https:\/\/desdropi.com\/elparque\/wp-json\/wp\/v2\/product"}],"about":[{"href":"https:\/\/desdropi.com\/elparque\/wp-json\/wp\/v2\/types\/product"}],"replies":[{"embeddable":true,"href":"https:\/\/desdropi.com\/elparque\/wp-json\/wp\/v2\/comments?post=141169"}],"version-history":[{"count":1,"href":"https:\/\/desdropi.com\/elparque\/wp-json\/wp\/v2\/product\/141169\/revisions"}],"predecessor-version":[{"id":224655,"href":"https:\/\/desdropi.com\/elparque\/wp-json\/wp\/v2\/product\/141169\/revisions\/224655"}],"wp:featuredmedia":[{"embeddable":true,"href":"https:\/\/desdropi.com\/elparque\/wp-json\/wp\/v2\/media\/141170"}],"wp:attachment":[{"href":"https:\/\/desdropi.com\/elparque\/wp-json\/wp\/v2\/media?parent=141169"}],"wp:term":[{"taxonomy":"product_cat","embeddable":true,"href":"https:\/\/desdropi.com\/elparque\/wp-json\/wp\/v2\/product_cat?post=141169"},{"taxonomy":"product_tag","embeddable":true,"href":"https:\/\/desdropi.com\/elparque\/wp-json\/wp\/v2\/product_tag?post=141169"}],"curies":[{"name":"wp","href":"https:\/\/api.w.org\/{rel}","templated":true}]}}