{"id":141228,"date":"2022-08-29T22:56:43","date_gmt":"2022-08-29T21:56:43","guid":{"rendered":"https:\/\/desdropi.com\/elparque\/espumador-de-leche-lacor-69398-600w-250ml\/"},"modified":"2025-04-13T23:43:40","modified_gmt":"2025-04-13T21:43:40","slug":"espumador-de-leche-lacor-69398-600w-250ml","status":"publish","type":"product","link":"https:\/\/desdropi.com\/elparque\/espumador-de-leche-lacor-69398-600w-250ml\/","title":{"rendered":"Espumador De Leche Lacor 69398 600W 250Ml"},"content":{"rendered":"<div class=\"descripcion-tab\">\n<ul>\n<li>Color &#8211; Multicolor<\/li>\n<li>Material &#8211; Cristal<\/li>\n<li>Marca &#8211; LACOR<\/li>\n<li>Estilo Espumador &#8211; 02<\/li>\n<li>Peso del producto &#8211; 2 Kilogramos<\/li>\n<li>Capacidad &#8211; 250 Mililitros<\/li>\n<li>Espuma fina y cremosa en pocos segundos. Termostato interno. Recipiente de vidrio con base de acero inoxidable.<\/li>\n<li>Tapa herm\u00e9tica. Mango ergon\u00f3mico para facilitar el vertido. 2 accesorios batidores en la base, uno para el proceso solo calentamiento y otro para espumar.<\/li>\n<li>Tecnolog\u00eda magn\u00e9tica, el movimiento de los accesorios se crea por atracci\u00f3n. Apagado autom\u00e1tico gracias al sensor de temperatura de la base.<\/li>\n<li>Base independiente rotativa de 360\u00ba, f\u00e1cil de rellenar y verter. Funcionamiento silencioso. Indicador de luz que visualiza si la leche est\u00e1 caliente o fr\u00eda. Capacidad espuma: 115 ml \/ Capacidad calentamiento: 250 ml<\/li>\n<li>&#8220;Apta para leches vegetales. F\u00e1cil de limpiar. Libre de BPA. Medidas: 12 x 12 x 19,5cm.&#8221;<\/li>\n<\/ul>\n<\/div>\n","protected":false},"excerpt":{"rendered":"<p>Color &#8211; Multicolor Material &#8211; Cristal Marca &#8211; LACOR Estilo Espumador &#8211; 02 Peso del producto &#8211; 2 Kilogramos Capacidad<\/p>\n","protected":false},"featured_media":141229,"comment_status":"open","ping_status":"closed","template":"","meta":{"_joinchat":[]},"product_cat":[6435,825,831],"product_tag":[],"class_list":{"0":"post-141228","1":"product","2":"type-product","3":"status-publish","4":"has-post-thumbnail","6":"product_cat-espumadores","7":"product_cat-pequeno-electrodomestico","8":"product_cat-accesorios-de-cocina","9":"pa_marca-lacor-p-a-e","11":"first","12":"instock","13":"taxable","14":"shipping-taxable","15":"purchasable","16":"product-type-simple"},"_links":{"self":[{"href":"https:\/\/desdropi.com\/elparque\/wp-json\/wp\/v2\/product\/141228"}],"collection":[{"href":"https:\/\/desdropi.com\/elparque\/wp-json\/wp\/v2\/product"}],"about":[{"href":"https:\/\/desdropi.com\/elparque\/wp-json\/wp\/v2\/types\/product"}],"replies":[{"embeddable":true,"href":"https:\/\/desdropi.com\/elparque\/wp-json\/wp\/v2\/comments?post=141228"}],"version-history":[{"count":1,"href":"https:\/\/desdropi.com\/elparque\/wp-json\/wp\/v2\/product\/141228\/revisions"}],"predecessor-version":[{"id":224723,"href":"https:\/\/desdropi.com\/elparque\/wp-json\/wp\/v2\/product\/141228\/revisions\/224723"}],"wp:featuredmedia":[{"embeddable":true,"href":"https:\/\/desdropi.com\/elparque\/wp-json\/wp\/v2\/media\/141229"}],"wp:attachment":[{"href":"https:\/\/desdropi.com\/elparque\/wp-json\/wp\/v2\/media?parent=141228"}],"wp:term":[{"taxonomy":"product_cat","embeddable":true,"href":"https:\/\/desdropi.com\/elparque\/wp-json\/wp\/v2\/product_cat?post=141228"},{"taxonomy":"product_tag","embeddable":true,"href":"https:\/\/desdropi.com\/elparque\/wp-json\/wp\/v2\/product_tag?post=141228"}],"curies":[{"name":"wp","href":"https:\/\/api.w.org\/{rel}","templated":true}]}}