{"id":141236,"date":"2022-08-29T22:56:43","date_gmt":"2022-08-29T21:56:43","guid":{"rendered":"https:\/\/desdropi.com\/elparque\/sarten-lacor-26820-java-eco-piedra-20cm\/"},"modified":"2024-05-18T23:39:03","modified_gmt":"2024-05-18T21:39:03","slug":"sarten-lacor-26820-java-eco-piedra-20cm","status":"publish","type":"product","link":"https:\/\/desdropi.com\/elparque\/sarten-lacor-26820-java-eco-piedra-20cm\/","title":{"rendered":"Sarten Lacor 26820 Java Eco-Piedra 20Cm"},"content":{"rendered":"<div class=\"descripcion-tab\">\n<ul>\n<li>Fabricada en aluminio forjado de m\u00e1xima calidad.<\/li>\n<li>Antiadherente interior y exterior reforzado a base de part\u00edculas de piedra.<\/li>\n<li>Ecol\u00f3gico, libre de materiales t\u00f3xicos y pesados.<\/li>\n<li>Libre de PFOA.<\/li>\n<li>Fondo FULL INDUCTION compatible con todas las fuentes de calor, incluida la inducci\u00f3n.<\/li>\n<li>Excelente conductividad t\u00e9rmica.<\/li>\n<\/ul>\n<\/div>\n","protected":false},"excerpt":{"rendered":"<p>Fabricada en aluminio forjado de m\u00e1xima calidad. Antiadherente interior y exterior reforzado a base de part\u00edculas de piedra. Ecol\u00f3gico, libre<\/p>\n","protected":false},"featured_media":141237,"comment_status":"open","ping_status":"closed","template":"","meta":{"_joinchat":[]},"product_cat":[5661,5662,5768],"product_tag":[],"class_list":{"0":"post-141236","1":"product","2":"type-product","3":"status-publish","4":"has-post-thumbnail","6":"product_cat-menaje","7":"product_cat-menaje-de-cocina","8":"product_cat-sartenes","9":"pa_marca-lacor","11":"first","12":"instock","13":"taxable","14":"shipping-taxable","15":"purchasable","16":"product-type-simple"},"_links":{"self":[{"href":"https:\/\/desdropi.com\/elparque\/wp-json\/wp\/v2\/product\/141236"}],"collection":[{"href":"https:\/\/desdropi.com\/elparque\/wp-json\/wp\/v2\/product"}],"about":[{"href":"https:\/\/desdropi.com\/elparque\/wp-json\/wp\/v2\/types\/product"}],"replies":[{"embeddable":true,"href":"https:\/\/desdropi.com\/elparque\/wp-json\/wp\/v2\/comments?post=141236"}],"version-history":[{"count":0,"href":"https:\/\/desdropi.com\/elparque\/wp-json\/wp\/v2\/product\/141236\/revisions"}],"wp:featuredmedia":[{"embeddable":true,"href":"https:\/\/desdropi.com\/elparque\/wp-json\/wp\/v2\/media\/141237"}],"wp:attachment":[{"href":"https:\/\/desdropi.com\/elparque\/wp-json\/wp\/v2\/media?parent=141236"}],"wp:term":[{"taxonomy":"product_cat","embeddable":true,"href":"https:\/\/desdropi.com\/elparque\/wp-json\/wp\/v2\/product_cat?post=141236"},{"taxonomy":"product_tag","embeddable":true,"href":"https:\/\/desdropi.com\/elparque\/wp-json\/wp\/v2\/product_tag?post=141236"}],"curies":[{"name":"wp","href":"https:\/\/api.w.org\/{rel}","templated":true}]}}