{"id":145446,"date":"2022-10-03T18:18:16","date_gmt":"2022-10-03T16:18:16","guid":{"rendered":"https:\/\/desdropi.com\/elparque\/television-samsung-32-ue32t5305-fhd-smart-tv-2\/"},"modified":"2024-05-17T12:59:50","modified_gmt":"2024-05-17T10:59:50","slug":"television-samsung-32-ue32t5305-fhd-smart-tv-2","status":"publish","type":"product","link":"https:\/\/desdropi.com\/elparque\/television-samsung-32-ue32t5305-fhd-smart-tv-2\/","title":{"rendered":"Television Samsung 32&#8243; Ue32T5305 Fhd Smart Tv"},"content":{"rendered":"<div class=\"descripcion-tab\">\n<strong>Exhibici\u00f3n:<\/strong><\/p>\n<ul>\n<li>Pulgadas: 32&#8243;<\/li>\n<li>Resoluci\u00f3n de la pantalla: 1920 x 1080 Pixeles<\/li>\n<li>Tecnolog\u00eda del panel: LED<\/li>\n<li>Relaci\u00f3n de aspecto nativa: 16:9<\/li>\n<li>Tecnolog\u00eda de interpolaci\u00f3n de movimiento: PQI (Picture Quality Index) 1000<\/li>\n<li>Diagonal de pantalla: 80 cm (32&#8243;)<\/li>\n<li>Nombre comercial de la relaci\u00f3n de contraste din\u00e1mico: Mega Contrast<\/li>\n<li>Retroiluminaci\u00f3n del panel: Direct LED<\/li>\n<li>Tipo de matriz: VA<\/li>\n<li>Resoluci\u00f3n: Full HD<\/li>\n<li>Forma de la pantalla: Plana<\/li>\n<\/ul>\n<p><strong>Audio:<\/strong><\/p>\n<ul>\n<li>N\u00famero de altavoces: 2<\/li>\n<li>Potencia estimada RMS: 10 W<\/li>\n<li>Decodificadores incorporados: Dolby Digital<\/li>\n<li>Tecnolog\u00edas de decodificaci\u00f3n de audio: Dolby Digital Plus<\/li>\n<\/ul>\n<p><strong>Puertos e Interfaces:<\/strong><\/p>\n<ul>\n<li>N\u00famero de puertos HDMI: 2<\/li>\n<li>Puerto DVI: No<\/li>\n<li>Cantidad de puertos USB 2.0: 1<\/li>\n<li>Ethernet LAN (RJ-45) cantidad de puertos: 1<\/li>\n<li>Video componente (YPbPr\/YCbCr) entrada: 1<\/li>\n<li>Entrada de video compuesto: 1<\/li>\n<li>Interfaz com\u00fan: S\u00ed<\/li>\n<li>Interfaz com\u00fan Plus (CI+): S\u00ed<\/li>\n<li>Control de electr\u00f3nica de consumo (CEC): Anynet+<\/li>\n<\/ul>\n<p><strong>Peso y dimensiones:<\/strong><\/p>\n<ul>\n<li>Ancho del dispositivo (con soporte): 737,4 mm<\/li>\n<li>Profundidad del dispositivo (con soporte): 150,5 mm<\/li>\n<li>Altura del dispositivo (con soporte): 465,4 mm<\/li>\n<li>Peso con stand: 4,1 kg<\/li>\n<\/ul>\n<p><strong>Control de energ\u00eda:<\/strong><\/p>\n<ul>\n<li>Consumo de energ\u00eda anual: 46 kWh<\/li>\n<li>Consumo de energ\u00eda (inactivo): 0,5 W<\/li>\n<li>Consumo energ\u00e9tico: 33 W<\/li>\n<li>Consumo de energ\u00eda (m\u00e1x): 75 W<\/li>\n<li>Voltaje de entrada AC: 220 &#8211; 240 V<\/li>\n<li>Frecuencia de entrada AC: 50\/60 Hz<\/li>\n<li>Modo de ahorro de energ\u00eda: S\u00ed<\/li>\n<li>Clase de eficiencia de energ\u00eda: A+<\/li>\n<\/ul>\n<p><strong>Empaquetado:<\/strong><\/p>\n<ul>\n<li>Mando a distancia: S\u00ed<\/li>\n<li>Manual electr\u00f3nico: S\u00ed<\/li>\n<li>Ancho del paquete: 879 mm<\/li>\n<li>Profundidad del paquete: 127 mm<\/li>\n<li>Altura del paquete: 500 mm<\/li>\n<li>Peso del paquete: 5,8 kg<\/li>\n<li>Tipo de embalaje: Caja<\/li>\n<\/ul>\n<p><strong>Sintonizador de la TV:<\/strong><\/p>\n<ul>\n<li>Tipo de sintonizador: Anal\u00f3gico y digital<\/li>\n<li>Autob\u00fasqueda de canal: S\u00ed<\/li>\n<li>Formato de se\u00f1al digital: DVB-C, DVB-T2<\/li>\n<\/ul>\n<p><strong>Aprobaciones reguladoras:<\/strong><\/p>\n<ul>\n<li>Certificado (DLNA): Alianza para el estilo de vida digital en red: S\u00ed<\/li>\n<\/ul>\n<p><strong>Caracter\u00edsticas de administraci\u00f3n:<\/strong><\/p>\n<ul>\n<li>Gu\u00eda electr\u00f3nica de programaci\u00f3n: S\u00ed<\/li>\n<li>Exhibici\u00f3n en pantalla (OSD): S\u00ed<\/li>\n<li>Apagado autom\u00e1tico: S\u00ed<\/li>\n<\/ul>\n<p><strong>Dise\u00f1o:<\/strong><\/p>\n<ul>\n<li>Rollable display: No<\/li>\n<li>Color del producto: Negro<\/li>\n<li>Interruptor de encendido\/apagado integrado: S\u00ed<\/li>\n<li>Montaje VESA: S\u00ed<\/li>\n<\/ul>\n<p><strong>Desempe\u00f1o:<\/strong><\/p>\n<ul>\n<li>Alto Rango Din\u00e1mico (HDR): S\u00ed<\/li>\n<li>Modo de juego: S\u00ed<\/li>\n<li>Funciones de teletexto: S\u00ed<\/li>\n<li>Funci\u00f3n de subt\u00edtulos: S\u00ed<\/li>\n<li>Oscurecimiento local: S\u00ed<\/li>\n<li>Tecnolog\u00eda de procesamiento de imagen: Samsung Contrast Enhancer<\/li>\n<li>Grabaci\u00f3n USB: No<\/li>\n<li>ConnectShare (HDD): S\u00ed<\/li>\n<li>ConnectShare (USB): S\u00ed<\/li>\n<li>Soporte IPv6: S\u00ed<\/li>\n<\/ul>\n<p><strong>Smart TV:<\/strong><\/p>\n<ul>\n<li>TV por Internet: S\u00ed<\/li>\n<li>HbbTV: S\u00ed<\/li>\n<li>Smart TV: S\u00ed<\/li>\n<li>Sistema operativo instalado: Tizen<\/li>\n<\/ul>\n<p><strong>Conexi\u00f3n:<\/strong><\/p>\n<ul>\n<li>Wifi: S\u00ed<\/li>\n<li>Ethernet: S\u00ed<\/li>\n<li>Bluetooth: No<\/li>\n<li>Wi-Fi Direct: S\u00ed<\/li>\n<li>Navegador web: S\u00ed<\/li>\n<li>Soporte HID: S\u00ed<\/li>\n<\/ul>\n<\/div>\n","protected":false},"excerpt":{"rendered":"<p>Exhibici\u00f3n: Pulgadas: 32&#8243; Resoluci\u00f3n de la pantalla: 1920 x 1080 Pixeles Tecnolog\u00eda del panel: LED Relaci\u00f3n de aspecto nativa: 16:9<\/p>\n","protected":false},"featured_media":145448,"comment_status":"closed","ping_status":"closed","template":"","meta":{"_joinchat":[]},"product_cat":[6464,7067,795],"product_tag":[],"class_list":{"0":"post-145446","1":"product","2":"type-product","3":"status-publish","4":"has-post-thumbnail","6":"product_cat-televisores-electronica","7":"product_cat-tv-20-39","8":"product_cat-electronica","10":"first","11":"instock","12":"taxable","13":"shipping-taxable","14":"purchasable","15":"product-type-simple"},"_links":{"self":[{"href":"https:\/\/desdropi.com\/elparque\/wp-json\/wp\/v2\/product\/145446"}],"collection":[{"href":"https:\/\/desdropi.com\/elparque\/wp-json\/wp\/v2\/product"}],"about":[{"href":"https:\/\/desdropi.com\/elparque\/wp-json\/wp\/v2\/types\/product"}],"replies":[{"embeddable":true,"href":"https:\/\/desdropi.com\/elparque\/wp-json\/wp\/v2\/comments?post=145446"}],"version-history":[{"count":0,"href":"https:\/\/desdropi.com\/elparque\/wp-json\/wp\/v2\/product\/145446\/revisions"}],"wp:featuredmedia":[{"embeddable":true,"href":"https:\/\/desdropi.com\/elparque\/wp-json\/wp\/v2\/media\/145448"}],"wp:attachment":[{"href":"https:\/\/desdropi.com\/elparque\/wp-json\/wp\/v2\/media?parent=145446"}],"wp:term":[{"taxonomy":"product_cat","embeddable":true,"href":"https:\/\/desdropi.com\/elparque\/wp-json\/wp\/v2\/product_cat?post=145446"},{"taxonomy":"product_tag","embeddable":true,"href":"https:\/\/desdropi.com\/elparque\/wp-json\/wp\/v2\/product_tag?post=145446"}],"curies":[{"name":"wp","href":"https:\/\/api.w.org\/{rel}","templated":true}]}}