{"id":146087,"date":"2022-10-04T18:33:46","date_gmt":"2022-10-04T16:33:46","guid":{"rendered":"https:\/\/desdropi.com\/elparque\/tv-lg-70-70nano766qa-uhd-nanocell-alfa5-aithinq\/"},"modified":"2024-05-17T12:59:50","modified_gmt":"2024-05-17T10:59:50","slug":"tv-lg-70-70nano766qa-uhd-nanocell-alfa5-aithinq","status":"publish","type":"product","link":"https:\/\/desdropi.com\/elparque\/tv-lg-70-70nano766qa-uhd-nanocell-alfa5-aithinq\/","title":{"rendered":"Tv Lg 70&#8243; 70Nano766Qa Uhd Nanocell Alfa5 Aithinq"},"content":{"rendered":"<div class=\"descripcion-tab\"><strong>Exhibici\u00f3n:<\/strong><\/p>\n<ul>\n<li>Pulgadas: 70&#8243;<\/li>\n<li>Resoluci\u00f3n de la pantalla: 3840 x 2160<\/li>\n<li>Tecnolog\u00eda del panel: NanoCell<\/li>\n<li>Relaci\u00f3n de aspecto nativa: 16:9<\/li>\n<li>Frecuencia nativa de refresco: 60 Hz<\/li>\n<li>Diagonal de pantalla: 177 cm<\/li>\n<li>Retroiluminaci\u00f3n del panel: Direct LED<\/li>\n<li>Resoluci\u00f3n: 4K Ultra HD<\/li>\n<li>Tipo de matriz: IPS<\/li>\n<li>Forma de la pantalla: Plana<\/li>\n<\/ul>\n<p><strong>Audio:<\/strong><\/p>\n<ul>\n<li>N\u00famero de altavoces: 2<\/li>\n<li>Potencia estimada RMS: 20 W<\/li>\n<li>Modos de sonido: AI Sound Pro, Clear Voice Pro<\/li>\n<li>Enhanced Audio Return Channel (eARC) (Canal de retorno de audio mejorado): S\u00ed<\/li>\n<\/ul>\n<p><strong>Puertos e Interfaces:<\/strong><\/p>\n<ul>\n<li>Versi\u00f3n Common Interface Plus (CI+): 1.4<\/li>\n<li>N\u00famero de puertos HDMI: 3<\/li>\n<li>Versi\u00f3n HDMI: 2.0<\/li>\n<li>Entrada de RF: 2<\/li>\n<li>Interfaz com\u00fan: S\u00ed<\/li>\n<li>Interfaz com\u00fan Plus (CI+): S\u00ed<\/li>\n<\/ul>\n<p><strong>Peso y Dimensiones:<\/strong><\/p>\n<ul>\n<li>Ancho del dispositivo (con soporte): 156.2 cm<\/li>\n<li>Altura del dispositivo (con soporte): 98.6 cm<\/li>\n<li>Profundidad dispositivo (con soporte): 37.8 cm<\/li>\n<li>Peso (con soporte): 31.7 kg<\/li>\n<li>Ancho (sin base): 156.2 cm<\/li>\n<li>Altura (sin base): 90.7 cm<\/li>\n<li>Profundidad (sin base): 5.99 cm<\/li>\n<li>Peso (sin base): 28.5 kg<\/li>\n<li>Ancho del soporte: 89.5 cm<\/li>\n<li>Profundidad del soporte: 37.8 cm<\/li>\n<\/ul>\n<p><strong>Control de Energ\u00eda:<\/strong><\/p>\n<ul>\n<li>Voltaje de entrada AC: 100 &#8211; 240 V<\/li>\n<li>Frecuencia de entrada AC: 50\/60 Hz<\/li>\n<li>Modo de ahorro de energ\u00eda: S\u00ed<\/li>\n<li>Consumo de energ\u00eda (inactivo): 0.5 W<\/li>\n<li>Energy consumption (SDR) per 1000 hours: 124 kWh<\/li>\n<li>Energy efficiency class (SDR): G<\/li>\n<li>Energy efficiency class (HDR): G<\/li>\n<li>Energy consumption (HDR) per 1000 hours: 169 kWh<\/li>\n<\/ul>\n<p><strong>Empaquetado:<\/strong><\/p>\n<ul>\n<li>Mando a distancia incluido: S\u00ed<\/li>\n<li>Tipo de control remoto: MR22<\/li>\n<li>Ancho del paquete: 170 cm<\/li>\n<li>Altura del paquete: 112 cm<\/li>\n<li>Profundidad del paquete: 22.8 cm<\/li>\n<li>Peso del paquete: 40.1 kg<\/li>\n<li>Cables incluidos: Corriente alterna<\/li>\n<\/ul>\n<p><strong>Sintonizador de la TV:<\/strong><\/p>\n<ul>\n<li>Formato de se\u00f1al digital: DVB-C, DVB-S2, DVB-T2<\/li>\n<\/ul>\n<p><strong>Otras Caracter\u00edsticas:<\/strong><\/p>\n<ul>\n<li>Modo inteligente: Intelligent Edit<\/li>\n<li>Compatible con Apple HomeKit: S\u00ed<\/li>\n<li>Aplicaciones: S\u00ed<\/li>\n<li>Reconocimiento de voz inteligente: S\u00ed<\/li>\n<li>Versi\u00f3n del tablero de mandos de la casa: S\u00ed<\/li>\n<li>Apoyar a las aplicaciones de Google: Google Home<\/li>\n<li>Admite CI\/CI+: S\u00ed<\/li>\n<li>Puerto USB: S\u00ed<\/li>\n<li>Cantidad de puertos USB: 2<\/li>\n<li>HDMI: S\u00ed<\/li>\n<li>Tipo de bater\u00eda: ??<\/li>\n<li>Pilas incluidas: S\u00ed<\/li>\n<\/ul>\n<p><strong>Caracter\u00edsticas de Administraci\u00f3n:<\/strong><\/p>\n<ul>\n<li>Funciona con el Asistente de Google: S\u00ed<\/li>\n<li>Modo hotel: No<\/li>\n<li>Funciona con Amazon Alexa: S\u00ed<\/li>\n<li>Gu\u00eda electr\u00f3nica de programaci\u00f3n: S\u00ed<\/li>\n<li>Exhibici\u00f3n en pantalla (OSD): S\u00ed<\/li>\n<li>N\u00famero de lenguajes OSD: 37<\/li>\n<\/ul>\n<p><strong>Dise\u00f1o:<\/strong><\/p>\n<ul>\n<li>Montaje VESA: S\u00ed<\/li>\n<li>Interfaz de panel de montaje: 400 x 400<\/li>\n<li>Color del producto: Negro<\/li>\n<\/ul>\n<p><strong>Desempe\u00f1o:<\/strong><\/p>\n<ul>\n<li>Alto Rango Din\u00e1mico (HDR): S\u00ed<\/li>\n<li>High Dynamic Range (HDR) technology: High Dynamic Range 10 Pro (HDR10 Pro), Hybrid Log-Gamma (HLG)<\/li>\n<li>Formatos de v\u00eddeo compatibles: HEVC, VP9<\/li>\n<li>Game features: Modo autom\u00e1tico de baja latencia (ALLM, Auto Low Latency Mode), Game Optimizer<\/li>\n<li>Formatos de audio soportados: AAC, AC3, AC4, EAC3, HE-AAC, MP2, MP3, PCM, WMA, apt-X<\/li>\n<li>Funciones de teletexto: S\u00ed<\/li>\n<li>Formatos de subt\u00edtulos soportados: DVB<\/li>\n<li>N\u00famero de n\u00facleos de procesador: 4<\/li>\n<\/ul>\n<p><strong>Smart TV:<\/strong><\/p>\n<ul>\n<li>Modos inteligentes: Cine, Modo director, Juego, Est\u00e1ndar, Vivo<\/li>\n<li>Aplicaciones de deportes: Sports Alerts<\/li>\n<li>Apple AirPlay 2 support: S\u00ed<\/li>\n<li>Grabaci\u00f3n diferida (timeshift): S\u00ed<\/li>\n<li>Aplicaciones de v\u00eddeo: Disney+, Netflix<\/li>\n<li>Versi\u00f3n de sistema operativo: WebOS 22<\/li>\n<li>Smart TV: S\u00ed<\/li>\n<li>Sistema operativo instalado: Web OS<\/li>\n<\/ul>\n<p><strong>Conexi\u00f3n:<\/strong><\/p>\n<ul>\n<li>Navegador web: S\u00ed<\/li>\n<li>Bluetooth Low Energy (BLE): S\u00ed<\/li>\n<li>Wifi: S\u00ed<\/li>\n<li>Bluetooth: S\u00ed<\/li>\n<li>Versi\u00f3n de Bluetooth: 5.0<\/li>\n<li>Ethernet: S\u00ed<\/li>\n<li>Wi-Fi est\u00e1ndares: Wi-Fi 5 (802.11ac)<\/li>\n<\/ul>\n<\/div>\n","protected":false},"excerpt":{"rendered":"<p>Exhibici\u00f3n: Pulgadas: 70&#8243; Resoluci\u00f3n de la pantalla: 3840 x 2160 Tecnolog\u00eda del panel: NanoCell Relaci\u00f3n de aspecto nativa: 16:9 Frecuencia<\/p>\n","protected":false},"featured_media":146089,"comment_status":"closed","ping_status":"closed","template":"","meta":{"_joinchat":[]},"product_cat":[6464,7069,795],"product_tag":[],"class_list":{"0":"post-146087","1":"product","2":"type-product","3":"status-publish","4":"has-post-thumbnail","6":"product_cat-televisores-electronica","7":"product_cat-tv-60-79","8":"product_cat-electronica","10":"first","11":"instock","12":"sale","13":"taxable","14":"shipping-taxable","15":"purchasable","16":"product-type-simple"},"_links":{"self":[{"href":"https:\/\/desdropi.com\/elparque\/wp-json\/wp\/v2\/product\/146087"}],"collection":[{"href":"https:\/\/desdropi.com\/elparque\/wp-json\/wp\/v2\/product"}],"about":[{"href":"https:\/\/desdropi.com\/elparque\/wp-json\/wp\/v2\/types\/product"}],"replies":[{"embeddable":true,"href":"https:\/\/desdropi.com\/elparque\/wp-json\/wp\/v2\/comments?post=146087"}],"version-history":[{"count":0,"href":"https:\/\/desdropi.com\/elparque\/wp-json\/wp\/v2\/product\/146087\/revisions"}],"wp:featuredmedia":[{"embeddable":true,"href":"https:\/\/desdropi.com\/elparque\/wp-json\/wp\/v2\/media\/146089"}],"wp:attachment":[{"href":"https:\/\/desdropi.com\/elparque\/wp-json\/wp\/v2\/media?parent=146087"}],"wp:term":[{"taxonomy":"product_cat","embeddable":true,"href":"https:\/\/desdropi.com\/elparque\/wp-json\/wp\/v2\/product_cat?post=146087"},{"taxonomy":"product_tag","embeddable":true,"href":"https:\/\/desdropi.com\/elparque\/wp-json\/wp\/v2\/product_tag?post=146087"}],"curies":[{"name":"wp","href":"https:\/\/api.w.org\/{rel}","templated":true}]}}