{"id":147546,"date":"2022-10-14T09:45:59","date_gmt":"2022-10-14T07:45:59","guid":{"rendered":"https:\/\/desdropi.com\/elparque\/smartphone-realme-8i-4-64-66-space-black\/"},"modified":"2024-05-17T12:59:51","modified_gmt":"2024-05-17T10:59:51","slug":"smartphone-realme-8i-4-64-66-space-black","status":"publish","type":"product","link":"https:\/\/desdropi.com\/elparque\/smartphone-realme-8i-4-64-66-space-black\/","title":{"rendered":"Smartphone Realme 8I 4\/64 6,6&#8243; Space Black"},"content":{"rendered":"<div class=\"descripcion-tab\">\n<p><strong>Procesador:<\/strong><\/p>\n<ul>\n<li>Familia de procesador: MediaTek<\/li>\n<li>Modelo del procesador: Helio G96<\/li>\n<li>Frecuencia del procesador turbo: 2.05 GHz<\/li>\n<li>Arquitectura del procesador: ARM Cortex-A76 + Cortex-A55<\/li>\n<li>N\u00famero de n\u00facleos de procesador: 8<\/li>\n<\/ul>\n<p><strong>Exhibici\u00f3n:<\/strong><\/p>\n<ul>\n<li>Tipo de visualizador: LCD<\/li>\n<li>Resoluci\u00f3n de la pantalla: 2412 x 1080<\/li>\n<li>M\u00e1xima velocidad de actualizaci\u00f3n: 120 Hz<\/li>\n<li>N\u00famero de colores de la pantalla: 16.78 millones<\/li>\n<li>Forma de la pantalla: Plana<\/li>\n<li>Tama\u00f1o de la pantalla: 6.6&#8243;<\/li>\n<\/ul>\n<p><strong>Puertos e Interfaces:<\/strong><\/p>\n<ul>\n<li>Puerto USB: S\u00ed<\/li>\n<li>Conector USB: USB Tipo C<\/li>\n<li>Versi\u00f3n USB: 2.0<\/li>\n<li>Conector para auriculares: 3.5 mm<\/li>\n<\/ul>\n<p><strong>Peso y dimensiones:<\/strong><\/p>\n<ul>\n<li>Peso: 194 g<\/li>\n<li>Ancho: 75.5 mm<\/li>\n<li>Profundidad: 164.1 mm<\/li>\n<li>Altura: 8.5 mm<\/li>\n<\/ul>\n<p><strong>Medios de almacenaje:<\/strong><\/p>\n<ul>\n<li>Tarjetas de memoria compatibles: MicroSD (TransFlash)<\/li>\n<li>Memoria interna: 64 GB<\/li>\n<li>RAM interna: 4 GB<\/li>\n<li>Tama\u00f1o m\u00e1ximo de tarjeta de memoria: 256 GB<\/li>\n<\/ul>\n<p><strong>Mensajer\u00eda:<\/strong><\/p>\n<ul>\n<li>Servicios de mensajes cortos (SMS): S\u00ed<\/li>\n<li>Sistema de mensajer\u00eda multimedia (MMS): S\u00ed<\/li>\n<li>Correo electr\u00f3nico: S\u00ed<\/li>\n<\/ul>\n<p><strong>Navegaci\u00f3n:<\/strong><\/p>\n<ul>\n<li>GPS: S\u00ed<\/li>\n<li>GLONASS: S\u00ed<\/li>\n<li>BeiDou: S\u00ed<\/li>\n<li>Galileo: S\u00ed<\/li>\n<li>Br\u00fajula electr\u00f3nica: S\u00ed<\/li>\n<\/ul>\n<p><strong>Software:<\/strong><\/p>\n<ul>\n<li>Plataforma: Android<\/li>\n<li>Sistema operativo instalado: Android 11<\/li>\n<li>Asistente virtual: Google Assistant<\/li>\n<\/ul>\n<p><strong>C\u00e1mara fotogr\u00e1fica:<\/strong><\/p>\n<ul>\n<li>Tipo de c\u00e1mara trasera: Triple c\u00e1mara<\/li>\n<li>Resoluci\u00f3n de la c\u00e1mara trasera: 50 MP<\/li>\n<li>Resoluci\u00f3n de la segunda c\u00e1mara trasera: 2 MP<\/li>\n<li>Resoluci\u00f3n de la tercera c\u00e1mara trasera: 2 MP<\/li>\n<li>Resoluci\u00f3n de la c\u00e1mara con objetivo macro: 2 MP<\/li>\n<li>Tipo de c\u00e1mara frontal: C\u00e1mara \u00fanica<\/li>\n<li>Resoluci\u00f3n de la c\u00e1mara frontal: 16 MP<\/li>\n<li>N\u00famero de apertura de la c\u00e1mara frontal: 2.1<\/li>\n<li>N\u00famero de apertura de la c\u00e1mara trasera: 1.8<\/li>\n<li>N\u00famero de apertura de la segunda c\u00e1mara trasera: 2.4<\/li>\n<li>N\u00famero de diafragma de la tercera c\u00e1mara trasera: 2.4<\/li>\n<li>Flash en c\u00e1mara trasera: S\u00ed<\/li>\n<li>Tipo de flash: LED<\/li>\n<li>Modo noche: S\u00ed<\/li>\n<li>Panor\u00e1mica: S\u00ed<\/li>\n<li>Reconocimiento de escena AI: S\u00ed<\/li>\n<li>Zoom digital: 10x<\/li>\n<li>Autoenfoque: S\u00ed<\/li>\n<li>Modos de grabaci\u00f3n de v\u00eddeo: 720p, 1080p<\/li>\n<li>Velocidad m\u00e1xima de cuadro: 120 fps<\/li>\n<li>Edici\u00f3n de imagen: Cosecha, Reescalar, Giratorio<\/li>\n<li>Detector de rostro: S\u00ed<\/li>\n<\/ul>\n<p><strong>Contenido del embalaje:<\/strong><\/p>\n<ul>\n<li>Adaptador AC incluido: S\u00ed<\/li>\n<li>Gu\u00eda de configuraci\u00f3n r\u00e1pida: S\u00ed<\/li>\n<li>Cables incluidos: USB Tipo C<\/li>\n<li>Potencia de adaptador AC: 18 W<\/li>\n<li>Ejection pin: S\u00ed<\/li>\n<\/ul>\n<p><strong>Sensores:<\/strong><\/p>\n<ul>\n<li>Aceler\u00f3metro: S\u00ed<\/li>\n<li>Sensor magn\u00e9tico: S\u00ed<\/li>\n<li>Sensor de proximidad: S\u00ed<\/li>\n<li>Sensor de luz ambiental: S\u00ed<\/li>\n<\/ul>\n<p><strong>Bater\u00eda:<\/strong><\/p>\n<ul>\n<li>Tiempo de suspensi\u00f3n (WCDMA): 140 horas<\/li>\n<li>Tiempo de hablado (WCDMA): 16 horas<\/li>\n<li>Tecnolog\u00eda de bater\u00eda: Pol\u00edmero de litio<\/li>\n<li>Capacidad de bater\u00eda: 5000 mAh<\/li>\n<\/ul>\n<p><strong>Dise\u00f1o:<\/strong><\/p>\n<ul>\n<li>Factor de forma: Barra<\/li>\n<li>Nombre del color: Space Black<\/li>\n<li>Color del tel\u00e9fono: Negro<\/li>\n<\/ul>\n<p><strong>Desempe\u00f1o:<\/strong><\/p>\n<ul>\n<li>Adaptador gr\u00e1fico: Mali-G57 MC2<\/li>\n<li>Lector de huella digital: S\u00ed<\/li>\n<li>Reconocimiento facial: S\u00ed<\/li>\n<li>Carga r\u00e1pida: S\u00ed<\/li>\n<li>Altavoz: S\u00ed<\/li>\n<li>Alerta vibratoria: S\u00ed<\/li>\n<li>Comandos de voz: S\u00ed<\/li>\n<\/ul>\n<p><strong>Multimedia:<\/strong><\/p>\n<ul>\n<li>Formatos de audio soportados: AMR, APE, FLAC, Semitorre, MP3, MP4, OGG, WAV, WMA<\/li>\n<li>Formatos de v\u00eddeo compatibles: 3GP, ASF, AVI, FLV, M2TS, MKV, MP4, MPG, TS, WEBM<\/li>\n<\/ul>\n<p><strong>Suscripci\u00f3n:<\/strong><\/p>\n<ul>\n<li>Tipo de suscripci\u00f3n: Sin suscripci\u00f3n<\/li>\n<\/ul>\n<p><strong>Conexi\u00f3n:<\/strong><\/p>\n<ul>\n<li>Est\u00e1ndares 3G: WCDMA<\/li>\n<li>Est\u00e1ndar 4G: TD-LTE &amp; FDD-LTE<\/li>\n<li>Generaci\u00f3n de red m\u00f3vil: 4G<\/li>\n<li>Bandas 3G soportadas: 850, 900, 1800, 1900<\/li>\n<li>Bandas 4G soportadas: 850, 900, 1800, 1900<\/li>\n<li>Capacidad de la tarjeta SIM: SIM doble<\/li>\n<li>Tipo de tarjeta SIM: NanoSIM<\/li>\n<li>NFC: S\u00ed<\/li>\n<li>Wi-Fi: S\u00ed<\/li>\n<li>Wi-Fi est\u00e1ndares: 802.11a, 802.11b, 802.11g, Wi-Fi 4 (802.11n), Wi-Fi 5 (802.11ac)<\/li>\n<li>Bluetooth: S\u00ed<\/li>\n<li>Versi\u00f3n de Bluetooth: 5.1<\/li>\n<li>Wi-Fi Direct: S\u00ed<\/li>\n<\/ul>\n<\/div>\n","protected":false},"excerpt":{"rendered":"<p>Procesador: Familia de procesador: MediaTek Modelo del procesador: Helio G96 Frecuencia del procesador turbo: 2.05 GHz Arquitectura del procesador: ARM<\/p>\n","protected":false},"featured_media":147548,"comment_status":"closed","ping_status":"closed","template":"","meta":{"_joinchat":[]},"product_cat":[6480,6479,6476,7133,795],"product_tag":[],"class_list":{"0":"post-147546","1":"product","2":"type-product","3":"status-publish","4":"has-post-thumbnail","6":"product_cat-android-smartphones-telefonos","7":"product_cat-smartphones-telefonos","8":"product_cat-telefonos","9":"product_cat-ofertas-smartphones","10":"product_cat-electronica","12":"first","13":"instock","14":"sale","15":"taxable","16":"shipping-taxable","17":"purchasable","18":"product-type-simple"},"_links":{"self":[{"href":"https:\/\/desdropi.com\/elparque\/wp-json\/wp\/v2\/product\/147546"}],"collection":[{"href":"https:\/\/desdropi.com\/elparque\/wp-json\/wp\/v2\/product"}],"about":[{"href":"https:\/\/desdropi.com\/elparque\/wp-json\/wp\/v2\/types\/product"}],"replies":[{"embeddable":true,"href":"https:\/\/desdropi.com\/elparque\/wp-json\/wp\/v2\/comments?post=147546"}],"version-history":[{"count":0,"href":"https:\/\/desdropi.com\/elparque\/wp-json\/wp\/v2\/product\/147546\/revisions"}],"wp:featuredmedia":[{"embeddable":true,"href":"https:\/\/desdropi.com\/elparque\/wp-json\/wp\/v2\/media\/147548"}],"wp:attachment":[{"href":"https:\/\/desdropi.com\/elparque\/wp-json\/wp\/v2\/media?parent=147546"}],"wp:term":[{"taxonomy":"product_cat","embeddable":true,"href":"https:\/\/desdropi.com\/elparque\/wp-json\/wp\/v2\/product_cat?post=147546"},{"taxonomy":"product_tag","embeddable":true,"href":"https:\/\/desdropi.com\/elparque\/wp-json\/wp\/v2\/product_tag?post=147546"}],"curies":[{"name":"wp","href":"https:\/\/api.w.org\/{rel}","templated":true}]}}