{"id":148504,"date":"2022-10-20T22:58:02","date_gmt":"2022-10-20T21:58:02","guid":{"rendered":"https:\/\/desdropi.com\/elparque\/cepillo-alisador-cecotec-04289-bamba-1100\/"},"modified":"2025-04-14T09:30:37","modified_gmt":"2025-04-14T07:30:37","slug":"cepillo-alisador-cecotec-04289-bamba-1100","status":"publish","type":"product","link":"https:\/\/desdropi.com\/elparque\/cepillo-alisador-cecotec-04289-bamba-1100\/","title":{"rendered":"Cepillo Alisador Cecotec 04289 Bamba 1100"},"content":{"rendered":"<div class=\"descripcion-tab\">\n<ul>\n<li>Cepillo alisador de cer\u00e1mica avanzada con microacondicionadores para mantener el cabello brillante e hidratado. Est\u00e1 dise\u00f1ado con revestimiento de extracto de aguacate para mejorar el aspecto de tu cabello, cuidando al m\u00e1ximo su salud.<\/li>\n<li>Tiene un rango de temperatura de 140 \u00baC- 220 \u00baC, con 9 ajustes predeterminados, y pantalla digital, lo que permite un ajuste total para adaptarse a las necesidades de cualquier cabello y alisarlo de forma simple y f\u00e1cil.<\/li>\n<li>Tecnolog\u00eda Pro Ionizer. El generador de iones que incorpora hace que el pelo quede m\u00e1s brillante y sin encrespamiento durante todo el d\u00eda.<\/li>\n<li>El cepillo alisador est\u00e1 dise\u00f1ado para alisar el cabello sin restar volumen. Adem\u00e1s, gracias al revestimiento de cer\u00e1mica con extracto de aguacate aporta brillo y da vida al cabello. Favorece la eliminaci\u00f3n de la caspa y lo protege de los da\u00f1os que puede provocar el exceso de calor.<\/li>\n<li>Su gran cabezal cer\u00e1mico es perfecto para peinar secciones m\u00e1s grandes de cabello consiguiendo un alisado perfecto en menos tiempo y pasadas, lo que hace que el pelo se reseque menos y mantenga su hidrataci\u00f3n y brillo natural.<\/li>\n<li>Gracias al revestimiento de cer\u00e1mica con extracto de aguacate, este se desliza de forma m\u00e1s suave por el cabello, para evitar su posible rotura, y protegerlo de la ra\u00edz a las puntas, mejorando su apariencia.<\/li>\n<li>Cuenta con 37 cerdas gu\u00edas que desenredan y separan el cabello, gui\u00e1ndolo de forma \u00f3ptima hacia las 61 cerdas calefactoras que alisan y dan forma al cabello de manera m\u00e1s r\u00e1pida y efectiva.<\/li>\n<li>Su sistema de autoapagado hace que su uso sea m\u00e1s seguro, apag\u00e1ndose autom\u00e1ticamente a los 30 minutos de inactividad.<\/li>\n<li>Cuenta con un cable de 3 metros y un sistema 360\u00ba para tener libertad total de movimiento durante el proceso. Adem\u00e1s, cuenta con una anilla resistente para colgarlo cuando no se est\u00e9 utilizando sin ocupar un espacio extra.<\/li>\n<li>El sistema t\u00e9rmico de nuestro cepillo alisador difunde el calor de forma constante para optimizar el alisado de las ra\u00edces a las puntas, manteniendo el brillo e hidratando el cabello y sin da\u00f1ar el color del cabello.<\/li>\n<li>Incluye una bolsa de viaje termorresistente, perfecta para guardar el cepillo alisador.<\/li>\n<\/ul>\n<p><strong>Composici\u00f3n<\/strong><\/p>\n<ul>\n<li>Cepillo alisador.<\/li>\n<li>Funda termo resistente.<\/li>\n<li>Manual de instrucciones.<\/li>\n<\/ul>\n<\/div>\n","protected":false},"excerpt":{"rendered":"<p>Cepillo alisador de cer\u00e1mica avanzada con microacondicionadores para mantener el cabello brillante e hidratado. Est\u00e1 dise\u00f1ado con revestimiento de extracto<\/p>\n","protected":false},"featured_media":148662,"comment_status":"open","ping_status":"closed","template":"","meta":{"_joinchat":[]},"product_cat":[6528,6510,825,6097],"product_tag":[],"class_list":{"0":"post-148504","1":"product","2":"type-product","3":"status-publish","4":"has-post-thumbnail","6":"product_cat-rizadores-y-moldeadores","7":"product_cat-vello-y-pelo","8":"product_cat-pequeno-electrodomestico","9":"product_cat-cuidado-personal","10":"pa_marca-cecotec","12":"first","13":"instock","14":"taxable","15":"shipping-taxable","16":"purchasable","17":"product-type-simple"},"_links":{"self":[{"href":"https:\/\/desdropi.com\/elparque\/wp-json\/wp\/v2\/product\/148504"}],"collection":[{"href":"https:\/\/desdropi.com\/elparque\/wp-json\/wp\/v2\/product"}],"about":[{"href":"https:\/\/desdropi.com\/elparque\/wp-json\/wp\/v2\/types\/product"}],"replies":[{"embeddable":true,"href":"https:\/\/desdropi.com\/elparque\/wp-json\/wp\/v2\/comments?post=148504"}],"version-history":[{"count":1,"href":"https:\/\/desdropi.com\/elparque\/wp-json\/wp\/v2\/product\/148504\/revisions"}],"predecessor-version":[{"id":224741,"href":"https:\/\/desdropi.com\/elparque\/wp-json\/wp\/v2\/product\/148504\/revisions\/224741"}],"wp:featuredmedia":[{"embeddable":true,"href":"https:\/\/desdropi.com\/elparque\/wp-json\/wp\/v2\/media\/148662"}],"wp:attachment":[{"href":"https:\/\/desdropi.com\/elparque\/wp-json\/wp\/v2\/media?parent=148504"}],"wp:term":[{"taxonomy":"product_cat","embeddable":true,"href":"https:\/\/desdropi.com\/elparque\/wp-json\/wp\/v2\/product_cat?post=148504"},{"taxonomy":"product_tag","embeddable":true,"href":"https:\/\/desdropi.com\/elparque\/wp-json\/wp\/v2\/product_tag?post=148504"}],"curies":[{"name":"wp","href":"https:\/\/api.w.org\/{rel}","templated":true}]}}