{"id":149372,"date":"2022-10-25T22:54:44","date_gmt":"2022-10-25T21:54:44","guid":{"rendered":"https:\/\/desdropi.com\/elparque\/chimenea-electrica-cecotec-05367-3500-curved-flames-1000w-2000w\/"},"modified":"2025-04-14T09:30:42","modified_gmt":"2025-04-14T07:30:42","slug":"chimenea-electrica-cecotec-05367-3500-curved-flames-1000w-2000w","status":"publish","type":"product","link":"https:\/\/desdropi.com\/elparque\/chimenea-electrica-cecotec-05367-3500-curved-flames-1000w-2000w\/","title":{"rendered":"Chimenea Electrica Cecotec 05367 3500 Curved Flames 1000W\/2000W"},"content":{"rendered":"<div class=\"descripcion-tab\">\n<ul>\n<li>Chimenea el\u00e9ctrica decorativa de 35\u201d con m\u00e1xima potencia de 2000 W. Dos niveles de potencia de 1000 W y 2000 W. \u00c1rea de cobertura de 30 m2. Mando a distancia. Panel curvo de cristal templado. Llama independiente y ajustable. Temporizador semanal. Sensor de puerta abierta.<\/li>\n<li>La chimenea tiene una dimensi\u00f3n de 35 pulgadas lo que facilita su ubicaci\u00f3n en el interior de la casa en la estancia deseada.<\/li>\n<li>Gran potencia m\u00e1xima de 2000 W que permite calentar toda una habitaci\u00f3n y mantener el calor.<\/li>\n<li>Incluye mando a distancia lo que facilita tanto su puesta en marcha como su control durante el funcionamiento y el apagado.<\/li>\n<li>Es posible seleccionar 2 modos de uso, uno a 1000 W y otro a 2000 W, lo que permite seleccionar la potencia calor\u00edfica deseada en cada momento.<\/li>\n<li>Es capaz de calentar una estancia de 30 m2 en un breve periodo de tiempo.<\/li>\n<li>Las llamas poseen 2 luces LED en su interior que adem\u00e1s pueden ser reguladas en dos intensidades, una m\u00e1s potente y otra menos.<\/li>\n<li>Su dise\u00f1o curvo aporta elegancia a la chimenea y otorga un mayor \u00e1ngulo de visualizaci\u00f3n.<\/li>\n<li>Temporizador semanal y diario que permite programar la chimenea el d\u00eda y a la hora deseadas.<\/li>\n<li>Medidas: 92 x 14,5 x 56 cm (largo x profundo x alto)<\/li>\n<\/ul>\n<p><strong>Composici\u00f3n<\/strong><\/p>\n<ul>\n<li>Producto<\/li>\n<li>Mando a distancia<\/li>\n<li>Manual de instrucciones<\/li>\n<\/ul>\n<\/div>\n","protected":false},"excerpt":{"rendered":"<p>Chimenea el\u00e9ctrica decorativa de 35\u201d con m\u00e1xima potencia de 2000 W. Dos niveles de potencia de 1000 W y 2000<\/p>\n","protected":false},"featured_media":149373,"comment_status":"open","ping_status":"closed","template":"","meta":{"_joinchat":[]},"product_cat":[6799,3301,3302],"product_tag":[],"class_list":{"0":"post-149372","1":"product","2":"type-product","3":"status-publish","4":"has-post-thumbnail","6":"product_cat-chimeneas-electricas","7":"product_cat-climatizacion-y-calefaccion","8":"product_cat-calefaccion","9":"pa_marca-cecotec-clima","11":"first","12":"instock","13":"taxable","14":"shipping-taxable","15":"purchasable","16":"product-type-simple"},"_links":{"self":[{"href":"https:\/\/desdropi.com\/elparque\/wp-json\/wp\/v2\/product\/149372"}],"collection":[{"href":"https:\/\/desdropi.com\/elparque\/wp-json\/wp\/v2\/product"}],"about":[{"href":"https:\/\/desdropi.com\/elparque\/wp-json\/wp\/v2\/types\/product"}],"replies":[{"embeddable":true,"href":"https:\/\/desdropi.com\/elparque\/wp-json\/wp\/v2\/comments?post=149372"}],"version-history":[{"count":1,"href":"https:\/\/desdropi.com\/elparque\/wp-json\/wp\/v2\/product\/149372\/revisions"}],"predecessor-version":[{"id":224726,"href":"https:\/\/desdropi.com\/elparque\/wp-json\/wp\/v2\/product\/149372\/revisions\/224726"}],"wp:featuredmedia":[{"embeddable":true,"href":"https:\/\/desdropi.com\/elparque\/wp-json\/wp\/v2\/media\/149373"}],"wp:attachment":[{"href":"https:\/\/desdropi.com\/elparque\/wp-json\/wp\/v2\/media?parent=149372"}],"wp:term":[{"taxonomy":"product_cat","embeddable":true,"href":"https:\/\/desdropi.com\/elparque\/wp-json\/wp\/v2\/product_cat?post=149372"},{"taxonomy":"product_tag","embeddable":true,"href":"https:\/\/desdropi.com\/elparque\/wp-json\/wp\/v2\/product_tag?post=149372"}],"curies":[{"name":"wp","href":"https:\/\/api.w.org\/{rel}","templated":true}]}}