{"id":149932,"date":"2022-10-28T22:56:03","date_gmt":"2022-10-28T21:56:03","guid":{"rendered":"https:\/\/desdropi.com\/elparque\/frigo-americano-hoover-hsc818exwd-183x83-fd-nf-inox-disp-dsp\/"},"modified":"2024-04-07T23:50:21","modified_gmt":"2024-04-07T21:50:21","slug":"frigo-americano-hoover-hsc818exwd-183x83-fd-nf-inox-disp-dsp","status":"publish","type":"product","link":"https:\/\/desdropi.com\/elparque\/frigo-americano-hoover-hsc818exwd-183x83-fd-nf-inox-disp-dsp\/","title":{"rendered":"Frigo Americano Hoover Hsc818Exwd 183X83 Fd Nf Inox Disp. Dsp"},"content":{"rendered":"<div class=\"descripcion-tab\">\n<strong>Peso y dimensiones<\/strong><\/p>\n<ul>\n<li>Altura &#8211; 1830<\/li>\n<li>Ancho &#8211; 836 mm<\/li>\n<li>Profundidad &#8211; 636<\/li>\n<li>Peso &#8211; 86<\/li>\n<li>Peso del paquete &#8211; 95<\/li>\n<\/ul>\n<p><strong>Control de energ\u00eda<\/strong><\/p>\n<ul>\n<li>Frecuencia de entrada AC &#8211; 50<\/li>\n<li>Voltaje de entrada AC &#8211; 220 &#8211; 240<\/li>\n<li>Consumo de energ\u00eda anual &#8211; 282<\/li>\n<\/ul>\n<p><strong>Congelador<\/strong><\/p>\n<ul>\n<li>Tiempo de almacenamiento en caso de fallo de alimentaci\u00f3n &#8211; 10<\/li>\n<li>Congelador, capacidad neta &#8211; 148<\/li>\n<li>Antiescarcha (congelador) &#8211; S\u00ed<\/li>\n<li>Funci\u00f3n de congelado r\u00e1pido &#8211; S\u00ed<\/li>\n<li>Posici\u00f3n congelada &#8211; \u00faltimo lugar<\/li>\n<li>\u00cdndice Star &#8211; 4*<\/li>\n<li>Cubiteras &#8211; S\u00ed<\/li>\n<li>Congelador, n\u00famero de compartimientos &#8211; 2<\/li>\n<li>Descongelaci\u00f3n autom\u00e1tica (congelador) &#8211; S\u00ed<\/li>\n<\/ul>\n<p><strong>Refrigerador<\/strong><\/p>\n<ul>\n<li>N\u00famero de compartimientos para verduras &#8211; 2<\/li>\n<li>Door bottle balcony &#8211; No<\/li>\n<li>Huevera &#8211; S\u00ed<\/li>\n<li>Antiescarcha (nevera) &#8211; S\u00ed<\/li>\n<li>Frigor\u00edfico, n\u00famero de compartimentos &#8211; 3<\/li>\n<li>Funci\u00f3n Super Cool &#8211; S\u00ed<\/li>\n<li>Luz interior de la nevera &#8211; S\u00ed<\/li>\n<li>Botellero &#8211; No<\/li>\n<li>Frigor\u00edfico, capacidad neta &#8211; 284<\/li>\n<li>N\u00famero de balcones para huevos &#8211; 1<\/li>\n<li>Estantes de la puerta de la nevera &#8211; 6<\/li>\n<li>Sistema multi-flujo de aire (nevera) &#8211; S\u00ed<\/li>\n<li>Descongelaci\u00f3n autom\u00e1tica (nevera) &#8211; S\u00ed<\/li>\n<\/ul>\n<p><strong>Otras caracter\u00edsticas<\/strong><\/p>\n<ul>\n<li>Electronic control &#8211; S\u00ed<\/li>\n<li>Sistema de descongelado &#8211; S\u00ed<\/li>\n<li>Luz interior &#8211; S\u00ed<\/li>\n<li>Puertas reversibles &#8211; No<\/li>\n<li>Ajustes de termostato &#8211; S\u00ed<\/li>\n<\/ul>\n<p><strong>Ergonom\u00eda<\/strong><\/p>\n<ul>\n<li>Alarma de puerta (abierta) &#8211; S\u00ed<\/li>\n<\/ul>\n<p><strong>Dise\u00f1o<\/strong><\/p>\n<ul>\n<li>Tipo de control &#8211; Tocar<\/li>\n<li>Pantalla incorporada &#8211; S\u00ed<\/li>\n<li>Dise\u00f1o &#8211; Puerta francesa<\/li>\n<li>Tipo de visualizador &#8211; LED<\/li>\n<li>Display placement &#8211; En la puerta<\/li>\n<li>Tipo de acabado del estante &#8211; Silver frame<\/li>\n<li>Ventilaci\u00f3n &#8211; S\u00ed<\/li>\n<li>Color del producto &#8211; Acero inoxidable<\/li>\n<li>Material de estantes &#8211; Vidrio<\/li>\n<li>Bloqueo para ni\u00f1os &#8211; No<\/li>\n<li>Tipo de l\u00e1mpara &#8211; LED<\/li>\n<li>Estanter\u00edas ajustables &#8211; S\u00ed<\/li>\n<li>N\u00famero de baldas regulables &#8211; 1<\/li>\n<li>Appliance placement &#8211; Independiente<\/li>\n<li>Door balconies finish type &#8211; Silver frame<\/li>\n<li>Door balconies material &#8211; Pl\u00e1stico<\/li>\n<\/ul>\n<p><strong>Desempe\u00f1o<\/strong><\/p>\n<ul>\n<li>Dispensador agua &#8211; S\u00ed<\/li>\n<li>Water supply type &#8211; Dep\u00f3sito de agua<\/li>\n<li>Funci\u00f3n Vacaciones &#8211; S\u00ed<\/li>\n<li>Clase de emisi\u00f3n de ruido &#8211; C<\/li>\n<li>Nivel de ruido &#8211; 41<\/li>\n<li>Clase clim\u00e1tica &#8211; SN<\/li>\n<li>Capacidad neta total &#8211; 432<\/li>\n<li>Sistema de refrigeraci\u00f3n &#8211; Din\u00e1mico (con ventilador)<\/li>\n<\/ul>\n<p><strong>Eficiencia Energ\u00e9tica<\/strong><\/p>\n<ul>\n<li>Escala A \u2013 D (<span style=\"color: #99cc00;\"> A + <\/span>)<\/li>\n<li>Escala A \u2013 G (<span style=\"color: #ff6600;\"> F <\/span>)<\/li>\n<\/ul>\n<p><img fetchpriority=\"high\" decoding=\"async\" class=\"alignnone wp-image-149172 \" src=\"https:\/\/desdropi.com\/elparque\/wp-content\/uploads\/ETIQUETAS-EQUIVALENCIAS-DEF-2-1024x529.png\" alt=\"\" width=\"540\" height=\"279\" \/><\/p>\n<\/div>\n","protected":false},"excerpt":{"rendered":"<p><a href=\"https:\/\/desdropi.com\/elparque\/wp-content\/uploads\/14739.pdf\" target=\"_blank\" rel=\"noopener\"><img decoding=\"async\" class=\"alignnone wp-image-205373 size-full\" src=\"https:\/\/desdropi.com\/elparque\/wp-content\/uploads\/eficiencia-E.png\" alt=\"\" width=\"56\" height=\"33\" \/><\/a><\/p>\n","protected":false},"featured_media":149933,"comment_status":"open","ping_status":"closed","template":"","meta":{"_joinchat":[]},"product_cat":[6458,6441,780],"product_tag":[],"class_list":{"0":"post-149932","1":"product","2":"type-product","3":"status-publish","4":"has-post-thumbnail","6":"product_cat-americanos-frigorificos","7":"product_cat-frigorificos","8":"product_cat-gran-electrodomestico","9":"pa_marca-hoover","11":"first","12":"instock","13":"taxable","14":"shipping-taxable","15":"purchasable","16":"product-type-simple"},"_links":{"self":[{"href":"https:\/\/desdropi.com\/elparque\/wp-json\/wp\/v2\/product\/149932"}],"collection":[{"href":"https:\/\/desdropi.com\/elparque\/wp-json\/wp\/v2\/product"}],"about":[{"href":"https:\/\/desdropi.com\/elparque\/wp-json\/wp\/v2\/types\/product"}],"replies":[{"embeddable":true,"href":"https:\/\/desdropi.com\/elparque\/wp-json\/wp\/v2\/comments?post=149932"}],"version-history":[{"count":0,"href":"https:\/\/desdropi.com\/elparque\/wp-json\/wp\/v2\/product\/149932\/revisions"}],"wp:featuredmedia":[{"embeddable":true,"href":"https:\/\/desdropi.com\/elparque\/wp-json\/wp\/v2\/media\/149933"}],"wp:attachment":[{"href":"https:\/\/desdropi.com\/elparque\/wp-json\/wp\/v2\/media?parent=149932"}],"wp:term":[{"taxonomy":"product_cat","embeddable":true,"href":"https:\/\/desdropi.com\/elparque\/wp-json\/wp\/v2\/product_cat?post=149932"},{"taxonomy":"product_tag","embeddable":true,"href":"https:\/\/desdropi.com\/elparque\/wp-json\/wp\/v2\/product_tag?post=149932"}],"curies":[{"name":"wp","href":"https:\/\/api.w.org\/{rel}","templated":true}]}}