{"id":149954,"date":"2022-10-28T22:58:03","date_gmt":"2022-10-28T21:58:03","guid":{"rendered":"https:\/\/desdropi.com\/elparque\/frigo-combi-hoover-hoce7620dx-200x60-nf-dsp-inox-wifi\/"},"modified":"2024-04-07T23:52:29","modified_gmt":"2024-04-07T21:52:29","slug":"frigo-combi-hoover-hoce7620dx-200x60-nf-dsp-inox-wifi","status":"publish","type":"product","link":"https:\/\/desdropi.com\/elparque\/frigo-combi-hoover-hoce7620dx-200x60-nf-dsp-inox-wifi\/","title":{"rendered":"Frigo Combi Hoover Hoce7620Dx 200X60 Nf Dsp Inox Wifi"},"content":{"rendered":"<div class=\"descripcion-tab\">\n<p><strong>Peso y dimensiones<\/strong><\/p>\n<ul>\n<li>Ancho del paquete &#8211;\u00a0 655<\/li>\n<li>Profundidad del paquete &#8211; 747<\/li>\n<li>Altura del paquete &#8211; 2047<\/li>\n<li>Peso del paquete &#8211; 77,8<\/li>\n<li>Peso &#8211; 75<\/li>\n<li>Ancho &#8211; 594<\/li>\n<li>Profundidad &#8211; 658<\/li>\n<li>Altura &#8211; 2000 mm<\/li>\n<\/ul>\n<p><strong>Congelador<\/strong><\/p>\n<ul>\n<li>Congelador, capacidad neta &#8211; 119<\/li>\n<li>Capacidad de congelaci\u00f3n &#8211; 8<\/li>\n<li>Tiempo de almacenamiento en caso de fallo de alimentaci\u00f3n &#8211; 10<\/li>\n<li>\u00cdndice Star &#8211; 4*<\/li>\n<li>Antiescarcha (congelador) &#8211; S\u00ed<\/li>\n<li>Congelador, n\u00famero de compartimientos &#8211; 3<\/li>\n<li>Funci\u00f3n de congelado r\u00e1pido &#8211; S\u00ed<\/li>\n<li>Descongelaci\u00f3n autom\u00e1tica (congelador) &#8211; S\u00ed<\/li>\n<li>Posici\u00f3n congelada &#8211; \u00faltimo lugar<\/li>\n<\/ul>\n<p><strong>Refrigerador<\/strong><\/p>\n<ul>\n<li>Frigor\u00edfico, capacidad neta &#8211; 258<\/li>\n<li>Zona Conservaci\u00f3n 0\u00baC &#8211; S\u00ed<\/li>\n<li>Cooling system &#8211; Din\u00e1mico (con ventilador)<\/li>\n<li>Luz interior de la nevera &#8211; S\u00ed<\/li>\n<li>Tipo de l\u00e1mpara &#8211; LED<\/li>\n<li>Antiescarcha (nevera) &#8211; S\u00ed<\/li>\n<li>Descongelaci\u00f3n autom\u00e1tica (nevera) &#8211; S\u00ed<\/li>\n<li>Sistema multi-flujo de aire (nevera) &#8211; S\u00ed<\/li>\n<li>Frigor\u00edfico, n\u00famero de compartimentos &#8211; 4<\/li>\n<li>N\u00famero de compartimientos para verduras &#8211; 2<\/li>\n<li>Estantes de la puerta de la nevera &#8211; 6<\/li>\n<li>Huevera &#8211; S\u00ed<\/li>\n<li>Botellero &#8211; S\u00ed<\/li>\n<li>Funci\u00f3n Super Cool &#8211; S\u00ed<\/li>\n<\/ul>\n<p><strong>Ergonom\u00eda<\/strong><\/p>\n<ul>\n<li>Rueda de reenv\u00edo &#8211; S\u00ed<\/li>\n<li>Alarma de puerta (abierta) &#8211; S\u00ed<\/li>\n<li>Patas ajustables &#8211; S\u00ed<\/li>\n<\/ul>\n<p><strong>Dise\u00f1o<\/strong><\/p>\n<ul>\n<li>Color del producto &#8211; Acero inoxidable<\/li>\n<li>Estanter\u00edas ajustables &#8211; S\u00ed<\/li>\n<li>Appliance placement &#8211; Independiente<\/li>\n<li>Bisagra para puerta &#8211; Derecho<\/li>\n<li>Puertas reversibles &#8211; S\u00ed<\/li>\n<li>Pantalla incorporada &#8211; S\u00ed<\/li>\n<li>Tipo de visualizador &#8211; LED<\/li>\n<li>Display placement &#8211; En la puerta<\/li>\n<li>Material de estantes &#8211; Vidrio<\/li>\n<li>Tipo de control &#8211; Tocar<\/li>\n<\/ul>\n<p><strong>Zona fresca<\/strong><\/p>\n<ul>\n<li>Compartimiento de zona fresca &#8211; No<\/li>\n<\/ul>\n<p><strong>Desempe\u00f1o<\/strong><\/p>\n<ul>\n<li>Nivel de ruido &#8211; 38<\/li>\n<li>Funci\u00f3n Vacaciones &#8211; S\u00ed<\/li>\n<li>Aplicaciones de control compatiblesh &#8211; On<\/li>\n<li>Wifi &#8211; S\u00ed<\/li>\n<li>Capacidad neta total &#8211; 377<\/li>\n<li>Clase clim\u00e1tica &#8211; N-ST<\/li>\n<li>Temperatura m\u00ednima de operaci\u00f3n &#8211; 10<\/li>\n<li>M\u00e1xima temperatura &#8211; 43<\/li>\n<li>Clase de emisi\u00f3n de ruido &#8211; C<\/li>\n<\/ul>\n<p><strong>Eficiencia Energ\u00e9tica<\/strong><\/p>\n<ul>\n<li>Escala A \u2013 D (<span style=\"color: #99cc00;\"> A +++ <\/span>)<\/li>\n<li>Escala A \u2013 G (<span style=\"color: #ffcc99;\"> D<\/span>\u00a0)<\/li>\n<\/ul>\n<p><img fetchpriority=\"high\" decoding=\"async\" class=\"alignnone wp-image-149172 \" src=\"https:\/\/desdropi.com\/elparque\/wp-content\/uploads\/ETIQUETAS-EQUIVALENCIAS-DEF-2-1024x529.png\" alt=\"\" width=\"540\" height=\"279\" \/><\/p>\n<\/div>\n","protected":false},"excerpt":{"rendered":"<p><a href=\"https:\/\/desdropi.com\/elparque\/wp-content\/uploads\/15416.pdf\" target=\"_blank\" rel=\"noopener\"><img decoding=\"async\" class=\"alignnone wp-image-205373 size-full\" src=\"https:\/\/desdropi.com\/elparque\/wp-content\/uploads\/eficiencia-D.png\" alt=\"\" width=\"56\" height=\"33\" \/><\/a><\/p>\n","protected":false},"featured_media":149955,"comment_status":"open","ping_status":"closed","template":"","meta":{"_joinchat":[]},"product_cat":[6442,6441,780],"product_tag":[],"class_list":{"0":"post-149954","1":"product","2":"type-product","3":"status-publish","4":"has-post-thumbnail","6":"product_cat-combis-frigorificos","7":"product_cat-frigorificos","8":"product_cat-gran-electrodomestico","9":"pa_marca-hoover","11":"first","12":"instock","13":"taxable","14":"shipping-taxable","15":"purchasable","16":"product-type-simple"},"_links":{"self":[{"href":"https:\/\/desdropi.com\/elparque\/wp-json\/wp\/v2\/product\/149954"}],"collection":[{"href":"https:\/\/desdropi.com\/elparque\/wp-json\/wp\/v2\/product"}],"about":[{"href":"https:\/\/desdropi.com\/elparque\/wp-json\/wp\/v2\/types\/product"}],"replies":[{"embeddable":true,"href":"https:\/\/desdropi.com\/elparque\/wp-json\/wp\/v2\/comments?post=149954"}],"version-history":[{"count":0,"href":"https:\/\/desdropi.com\/elparque\/wp-json\/wp\/v2\/product\/149954\/revisions"}],"wp:featuredmedia":[{"embeddable":true,"href":"https:\/\/desdropi.com\/elparque\/wp-json\/wp\/v2\/media\/149955"}],"wp:attachment":[{"href":"https:\/\/desdropi.com\/elparque\/wp-json\/wp\/v2\/media?parent=149954"}],"wp:term":[{"taxonomy":"product_cat","embeddable":true,"href":"https:\/\/desdropi.com\/elparque\/wp-json\/wp\/v2\/product_cat?post=149954"},{"taxonomy":"product_tag","embeddable":true,"href":"https:\/\/desdropi.com\/elparque\/wp-json\/wp\/v2\/product_tag?post=149954"}],"curies":[{"name":"wp","href":"https:\/\/api.w.org\/{rel}","templated":true}]}}