{"id":153747,"date":"2022-11-21T09:38:37","date_gmt":"2022-11-21T08:38:37","guid":{"rendered":"https:\/\/desdropi.com\/elparque\/aspi-robot-roomba-r694-06l\/"},"modified":"2024-04-07T23:55:16","modified_gmt":"2024-04-07T21:55:16","slug":"aspi-robot-roomba-r694-06l","status":"publish","type":"product","link":"https:\/\/desdropi.com\/elparque\/aspi-robot-roomba-r694-06l\/","title":{"rendered":"Aspi. Robot Roomba R694 0,6L\u00a0\u00a0\u00a0\u00a0\u00a0\u00a0\u00a0\u00a0\u00a0\u00a0\u00a0\u00a0\u00a0\u00a0\u00a0\u00a0\u00a0\u00a0\u00a0\u00a0\u00a0"},"content":{"rendered":"<div class=\"descripcion-tab\">\n<strong>Peso y dimensiones<\/strong><\/p>\n<ul>\n<li>Peso &#8211; 3,54 kg<\/li>\n<li>Di\u00e1metro &#8211; 330 cm<\/li>\n<li>Altura &#8211; 94 mm<\/li>\n<\/ul>\n<p><strong>Control de energ\u00eda<\/strong><\/p>\n<ul>\n<li>Autonom\u00eda (minutos) &#8211; 90<\/li>\n<li>Tecnolog\u00eda de bater\u00eda &#8211; I\u00f3n de litio<\/li>\n<li>Recargable &#8211; S\u00ed<\/li>\n<\/ul>\n<p><strong>Detalles t\u00e9cnicos<\/strong><\/p>\n<ul>\n<li>Manual de usuario &#8211; S\u00ed<\/li>\n<\/ul>\n<p><strong>Empaquetado<\/strong><\/p>\n<ul>\n<li>Ancho del paquete &#8211; 420<\/li>\n<li>Profundidad del paquete &#8211; 140<\/li>\n<li>Altura del paquete &#8211; 475<\/li>\n<li>Peso del paquete &#8211; 5,47<\/li>\n<\/ul>\n<p><strong>Contenido del embalaje<\/strong><\/p>\n<ul>\n<li>Estaci\u00f3n base &#8211; S\u00ed<\/li>\n<li>Cable de alimentaci\u00f3n incluido &#8211; S\u00ed<\/li>\n<\/ul>\n<p><strong>Dise\u00f1o<\/strong><\/p>\n<ul>\n<li>Soporte remoto inteligente &#8211; S\u00ed<\/li>\n<li>Bolsa &#8211; No<\/li>\n<li>Color del producto &#8211; Gris, negro<\/li>\n<li>Tipo aspirador &#8211; Robot<\/li>\n<li>Forma &#8211; Alrededor<\/li>\n<li>Tipo de dep\u00f3sito &#8211; Sin bolsa<\/li>\n<\/ul>\n<p><strong>Desempe\u00f1o<\/strong><\/p>\n<ul>\n<li>Mopa h\u00fameda &#8211; No<\/li>\n<li>Filtraci\u00f3n de aire en aspiradora &#8211; AeroVac<\/li>\n<li>Tipo de superficies admitidas &#8211; Alfombra, Suelo duro<\/li>\n<li>Capacidad de polvo (total) &#8211; 0,6 L<\/li>\n<li>N\u00famero de cepillos &#8211; 1<\/li>\n<li>Sensor de polvo &#8211; S\u00ed<\/li>\n<li>Funciona con el Asistente de Google &#8211; S\u00ed<\/li>\n<li>Funciona con Amazon Alexa &#8211; S\u00ed<\/li>\n<\/ul>\n<p><strong>Datos log\u00edsticos<\/strong><\/p>\n<ul>\n<li>Alto de la caja principal &#8211; 48,9<\/li>\n<li>Peso del envase completo &#8211; 5,97<\/li>\n<li>Cantidad por pal\u00e9 &#8211; 32<\/li>\n<li>Cantidad por capa de palet &#8211; 16<\/li>\n<li>N\u00famero de capas por pal\u00e9 &#8211; 2<\/li>\n<li>Ancho de la caja principal &#8211; 43,5<\/li>\n<li>Longitud de la caja &#8211; 15,6<\/li>\n<li>Cantidad por caja &#8211; 1<\/li>\n<\/ul>\n<p><strong>Conexi\u00f3n<\/strong><\/p>\n<ul>\n<li>Wifi &#8211; S\u00ed<\/li>\n<\/ul>\n<\/div>\n","protected":false},"excerpt":{"rendered":"<p>Peso y dimensiones Peso &#8211; 3,54 kg Di\u00e1metro &#8211; 330 cm Altura &#8211; 94 mm Control de energ\u00eda Autonom\u00eda (minutos)<\/p>\n","protected":false},"featured_media":153749,"comment_status":"open","ping_status":"closed","template":"","meta":{"_joinchat":[]},"product_cat":[6513,6515,825],"product_tag":[],"class_list":{"0":"post-153747","1":"product","2":"type-product","3":"status-publish","4":"has-post-thumbnail","6":"product_cat-aspiracion-y-limpieza","7":"product_cat-robots-aspiradores","8":"product_cat-pequeno-electrodomestico","9":"pa_marca-roomba","11":"first","12":"instock","13":"taxable","14":"shipping-taxable","15":"purchasable","16":"product-type-simple"},"_links":{"self":[{"href":"https:\/\/desdropi.com\/elparque\/wp-json\/wp\/v2\/product\/153747"}],"collection":[{"href":"https:\/\/desdropi.com\/elparque\/wp-json\/wp\/v2\/product"}],"about":[{"href":"https:\/\/desdropi.com\/elparque\/wp-json\/wp\/v2\/types\/product"}],"replies":[{"embeddable":true,"href":"https:\/\/desdropi.com\/elparque\/wp-json\/wp\/v2\/comments?post=153747"}],"version-history":[{"count":0,"href":"https:\/\/desdropi.com\/elparque\/wp-json\/wp\/v2\/product\/153747\/revisions"}],"wp:featuredmedia":[{"embeddable":true,"href":"https:\/\/desdropi.com\/elparque\/wp-json\/wp\/v2\/media\/153749"}],"wp:attachment":[{"href":"https:\/\/desdropi.com\/elparque\/wp-json\/wp\/v2\/media?parent=153747"}],"wp:term":[{"taxonomy":"product_cat","embeddable":true,"href":"https:\/\/desdropi.com\/elparque\/wp-json\/wp\/v2\/product_cat?post=153747"},{"taxonomy":"product_tag","embeddable":true,"href":"https:\/\/desdropi.com\/elparque\/wp-json\/wp\/v2\/product_tag?post=153747"}],"curies":[{"name":"wp","href":"https:\/\/api.w.org\/{rel}","templated":true}]}}