{"id":153771,"date":"2022-11-21T09:38:59","date_gmt":"2022-11-21T07:38:59","guid":{"rendered":"https:\/\/desdropi.com\/elparque\/monitor-aoc-23-6-24b1h-fhd-hdmi-ultraslim\/"},"modified":"2024-05-17T12:59:53","modified_gmt":"2024-05-17T10:59:53","slug":"monitor-aoc-23-6-24b1h-fhd-hdmi-ultraslim","status":"publish","type":"product","link":"https:\/\/desdropi.com\/elparque\/monitor-aoc-23-6-24b1h-fhd-hdmi-ultraslim\/","title":{"rendered":"Monitor Aoc 23.6&#8243; 24B1H Fhd\/Hdmi\/Ultraslim"},"content":{"rendered":"<div class=\"descripcion-tab\">\n<strong>Exhibici\u00f3n<\/strong><\/p>\n<ul>\n<li>Relaci\u00f3n de contraste (din\u00e1mico) &#8211; 20000000:1<\/li>\n<li>Raz\u00f3n de contraste (t\u00edpica) &#8211; 3000:1<\/li>\n<li>Tama\u00f1o de pixel &#8211; 0,272 x 0,272<\/li>\n<li>Formatos gr\u00e1ficos soportados &#8211; 1920 x 1080 (HD 1080)<\/li>\n<li>Tama\u00f1o visible, vertical &#8211; 29,3<\/li>\n<li>Formato de v\u00eddeo soportado &#8211; 1080p<\/li>\n<li>Superficie de la pantalla &#8211; Mate<\/li>\n<li>3D &#8211; No<\/li>\n<li>Tipo de pantalla &#8211; MVA<\/li>\n<li>Cobertura sRGB (t\u00edpica) &#8211; 100<\/li>\n<li>Cobertura Adobe RGB &#8211; 76<\/li>\n<li>Intervalo de escaneado horizontal &#8211; 30 &#8211; 83<\/li>\n<li>Diagonal de la pantalla &#8211; 59,9 cm (23,6&#8243;)<\/li>\n<li>\u00c1ngulo de visi\u00f3n, horizontal &#8211; 178<\/li>\n<li>\u00c1ngulo de visi\u00f3n, vertical &#8211; 178<\/li>\n<li>N\u00famero de colores de la pantalla &#8211; 16,78 millones de colores<\/li>\n<li>Resoluci\u00f3n &#8211; Full HD<\/li>\n<li>Forma de la pantalla &#8211; Plana<\/li>\n<li>Intervalo de escaneado vertical &#8211; 50 &#8211; 76<\/li>\n<li>Tama\u00f1o visible, horizontal &#8211; 52,1<\/li>\n<li>Resoluci\u00f3n de la pantalla &#8211; 1920 x 1080<\/li>\n<li>M\u00e1xima velocidad de actualizaci\u00f3n &#8211; 60<\/li>\n<li>Tiempo de respuesta (ms) &#8211; 5<\/li>\n<li>Tecnolog\u00eda de visualizaci\u00f3n &#8211; LED<\/li>\n<li>Tipo de retroiluminaci\u00f3n &#8211; W-LED<\/li>\n<li>Relaci\u00f3n de aspecto nativa &#8211; 16:9<\/li>\n<li>Relaci\u00f3n de aspecto &#8211; 16:9<\/li>\n<li>Display brightness (typical) &#8211; 250<\/li>\n<\/ul>\n<p><strong>Puertos e Interfaces<\/strong><\/p>\n<ul>\n<li>N\u00famero de puertos HDMI &#8211; 1<\/li>\n<li>Cantidad de puertos VGA (D-Sub) &#8211; 1<\/li>\n<li>Salidas para auriculares &#8211; 1<\/li>\n<li>Auriculares &#8211; 3,5 mm<\/li>\n<li>Versi\u00f3n HDMI &#8211; 1.4<\/li>\n<li>Salida de auriculares &#8211; S\u00ed<\/li>\n<li>Conector USB incorporado &#8211; No<\/li>\n<li>Puerto DVI &#8211; No<\/li>\n<\/ul>\n<p><strong>Peso y dimensiones<\/strong><\/p>\n<ul>\n<li>Ancho (sin base) &#8211; 31,8<\/li>\n<li>Peso (sin base) &#8211; 2,3<\/li>\n<li>Profundidad (sin base) &#8211; 3,4<\/li>\n<li>Peso (con soporte) &#8211; 2,6<\/li>\n<li>Ancho del dispositivo (con soporte) &#8211; 540,1<\/li>\n<li>Altura del dispositivo (con soporte) &#8211; 417,4<\/li>\n<li>Profundidad dispositivo (con soporte) &#8211; 186,8<\/li>\n<li>Altura (sin base) &#8211; 54<\/li>\n<\/ul>\n<p><strong>Control de energ\u00eda<\/strong><\/p>\n<ul>\n<li>Voltaje de entrada AC &#8211; 100 &#8211; 240<\/li>\n<li>Frecuencia de entrada AC &#8211; 50 &#8211; 60<\/li>\n<li>Consumo energ\u00e9tico &#8211; 22<\/li>\n<li>Consumo de energ\u00eda (apagado) &#8211; 0,5<\/li>\n<li>Consumo de energ\u00eda (inactivo) &#8211; 0,5<\/li>\n<li>Clase de eficiencia energ\u00e9tica (SDR) &#8211; E<\/li>\n<li>Consumo de energ\u00eda (SDR) por 1000 horas &#8211; 18<\/li>\n<li>Escala de eficiencia energ\u00e9tica &#8211; De la A a la G<\/li>\n<li>Adaptador de energ\u00eda externo &#8211; S\u00ed<\/li>\n<\/ul>\n<p><strong>Condiciones ambientales<\/strong><\/p>\n<ul>\n<li>Intervalo de temperatura operativa\u00a0 \u00a00 &#8211; 40<\/li>\n<li>Intervalo de temperatura de almacenaje\u00a0 \u00a0-25 &#8211; 55<\/li>\n<li>Intervalo de humedad relativa para funcionamiento\u00a0 \u00a010 &#8211; 85<\/li>\n<li>Intervalo de humedad relativa durante almacenaje\u00a0 \u00a05 &#8211; 93<\/li>\n<li>Altitud de funcionamiento\u00a0 \u00a00 &#8211; 5000<\/li>\n<li>Altitud no operativa &#8211; 5000 &#8211; 12192<\/li>\n<\/ul>\n<p><strong>Empaquetado<\/strong><\/p>\n<ul>\n<li>Tipo de embalaje &#8211; Caja<\/li>\n<li>Cables incluidos &#8211; Corriente alterna, HDMI<\/li>\n<li>Stand incluido &#8211; S\u00ed<\/li>\n<li>Longitud del cable HDMI &#8211; 1,5<\/li>\n<li>Profundidad del paquete &#8211; 131<\/li>\n<li>Altura del paquete &#8211; 492<\/li>\n<li>Peso del paquete &#8211; 4,2<\/li>\n<li>Ancho del paquete &#8211; 614<\/li>\n<\/ul>\n<p><strong>Otras caracter\u00edsticas<\/strong><\/p>\n<ul>\n<li>Tipo de grosor del bisel embellecedor &#8211; Sin marco<\/li>\n<li>Material de embalaje reciclable &#8211; 100<\/li>\n<li>Longitud del cable &#8211; 1,5<\/li>\n<li>Tiempo medio entre fallos &#8211; 50000<\/li>\n<li>Sintonizador de TV integrado &#8211; No<\/li>\n<li>Interruptor de encendido\/apagado integrado &#8211; S\u00ed<\/li>\n<\/ul>\n<p><strong>Ergonom\u00eda<\/strong><\/p>\n<ul>\n<li>Idiomas OSD &#8211; Chino simplificado, Chino tradicional, Checo, Alem\u00e1n, Holand\u00e9s, Ingl\u00e9s, Espa\u00f1ol, Fin\u00e9s, Franc\u00e9s, Italiano, Japon\u00e9s, Coreano, Polaco, Portugu\u00e9s, Ruso, Sueco<\/li>\n<li>N\u00famero de lenguajes OSD &#8211; 16<\/li>\n<li>Ajustes de altura &#8211; No<\/li>\n<li>Conectar y usar (Plug and Play) &#8211; S\u00ed<\/li>\n<li>Exhibici\u00f3n en pantalla (OSD) &#8211; S\u00ed<\/li>\n<li>Ranura para cable de seguridad &#8211; No<\/li>\n<li>montaje VESA &#8211; No<\/li>\n<li>Inclinable &#8211; S\u00ed<\/li>\n<li>\u00c1ngulo de inclinaci\u00f3n\u00a0 \u00a0-5 &#8211; 21,5<\/li>\n<\/ul>\n<p><strong>Dise\u00f1o<\/strong><\/p>\n<ul>\n<li>Libre de metales pesados &#8211; Hg (mercurio)<\/li>\n<li>Certificaci\u00f3n &#8211; ISO<\/li>\n<li>Dise\u00f1o sin marco &#8211; S\u00ed<\/li>\n<li>Posicionamiento de mercado &#8211; Hogar<\/li>\n<li>Color del producto &#8211; Negro<\/li>\n<li>Color de pies &#8211; Negro<\/li>\n<\/ul>\n<p><strong>Desempe\u00f1o<\/strong><\/p>\n<ul>\n<li>Tecnolog\u00eda Flicker free (reduce el parpadeo de la pantalla) &#8211; S\u00ed<\/li>\n<li>Tecnolog\u00eda Low Blue Light (baja luz azul) &#8211; S\u00ed<\/li>\n<\/ul>\n<p><strong>Multimedia<\/strong><\/p>\n<ul>\n<li>Altavoces incorporados &#8211; No<\/li>\n<li>C\u00e1mara incorporada &#8211; No<\/li>\n<\/ul>\n<p><strong>Sostenibilidad<\/strong><\/p>\n<ul>\n<li>Certificados de sostenibilidad &#8211; EPEAT Silver<\/li>\n<\/ul>\n<\/div>\n","protected":false},"excerpt":{"rendered":"<p>Exhibici\u00f3n Relaci\u00f3n de contraste (din\u00e1mico) &#8211; 20000000:1 Raz\u00f3n de contraste (t\u00edpica) &#8211; 3000:1 Tama\u00f1o de pixel &#8211; 0,272 x 0,272<\/p>\n","protected":false},"featured_media":153773,"comment_status":"closed","ping_status":"closed","template":"","meta":{"_joinchat":[]},"product_cat":[6536,6572],"product_tag":[],"class_list":{"0":"post-153771","1":"product","2":"type-product","3":"status-publish","4":"has-post-thumbnail","6":"product_cat-informatica-y-ocio","7":"product_cat-monitores-gaming-informatica-y-gaming","9":"first","10":"instock","11":"taxable","12":"shipping-taxable","13":"purchasable","14":"product-type-simple"},"_links":{"self":[{"href":"https:\/\/desdropi.com\/elparque\/wp-json\/wp\/v2\/product\/153771"}],"collection":[{"href":"https:\/\/desdropi.com\/elparque\/wp-json\/wp\/v2\/product"}],"about":[{"href":"https:\/\/desdropi.com\/elparque\/wp-json\/wp\/v2\/types\/product"}],"replies":[{"embeddable":true,"href":"https:\/\/desdropi.com\/elparque\/wp-json\/wp\/v2\/comments?post=153771"}],"version-history":[{"count":0,"href":"https:\/\/desdropi.com\/elparque\/wp-json\/wp\/v2\/product\/153771\/revisions"}],"wp:featuredmedia":[{"embeddable":true,"href":"https:\/\/desdropi.com\/elparque\/wp-json\/wp\/v2\/media\/153773"}],"wp:attachment":[{"href":"https:\/\/desdropi.com\/elparque\/wp-json\/wp\/v2\/media?parent=153771"}],"wp:term":[{"taxonomy":"product_cat","embeddable":true,"href":"https:\/\/desdropi.com\/elparque\/wp-json\/wp\/v2\/product_cat?post=153771"},{"taxonomy":"product_tag","embeddable":true,"href":"https:\/\/desdropi.com\/elparque\/wp-json\/wp\/v2\/product_tag?post=153771"}],"curies":[{"name":"wp","href":"https:\/\/api.w.org\/{rel}","templated":true}]}}