{"id":154542,"date":"2022-11-25T19:18:56","date_gmt":"2022-11-25T18:18:56","guid":{"rendered":"https:\/\/desdropi.com\/elparque\/?post_type=product&#038;p=154542"},"modified":"2022-11-25T19:19:29","modified_gmt":"2022-11-25T18:19:29","slug":"portatil-asus-f515ea-bq2037w-i5-8gb-512gb-156","status":"publish","type":"product","link":"https:\/\/desdropi.com\/elparque\/portatil-asus-f515ea-bq2037w-i5-8gb-512gb-156\/","title":{"rendered":"PORTATIL ASUS F515EA-BQ2037W I5 8GB\/512GB\/15,6&#8243;"},"content":{"rendered":"<div class=\"descripcion-tab\">\n<strong>Procesador<\/strong><\/p>\n<ul>\n<li>Modelo del procesador &#8211; i5-1135G7<\/li>\n<li>Familia de procesador &#8211; Intel\u00ae Core i5<\/li>\n<li>N\u00famero de n\u00facleos de procesador &#8211; 4<\/li>\n<li>Frecuencia del procesador turbo &#8211; 4,2<\/li>\n<li>Cach\u00e9 del procesador &#8211; 8<\/li>\n<li>Potencia de dise\u00f1o t\u00e9rmico configurable-baja &#8211; 12<\/li>\n<li>Frecuencia de potencia de dise\u00f1o t\u00e9rmico configurable-baja &#8211; 0,9<\/li>\n<li>Fabricante de procesador &#8211; Intel<\/li>\n<li>Frecuencia de potencia de dise\u00f1o t\u00e9rmico configurable-alta &#8211; 2,4<\/li>\n<li>Potencia de dise\u00f1o t\u00e9rmico configurable-alta &#8211; 28<\/li>\n<li>Processor generation &#8211; Intel\u00ae Core i5 de 11ma Generaci\u00f3n<\/li>\n<\/ul>\n<p><strong>Memoria<\/strong><\/p>\n<ul>\n<li>Memoria RAM &#8211; 8<\/li>\n<li>Tipo de memoria interna &#8211; DDR4-SDRAM<\/li>\n<li>Forma de factor de memoria &#8211; Incorporado<\/li>\n<li>Memoria interna m\u00e1xima &#8211; 16<\/li>\n<\/ul>\n<p><strong>Exhibici\u00f3n<\/strong><\/p>\n<ul>\n<li>Tipo de pantalla &#8211; IPS<\/li>\n<li>Resoluci\u00f3n de la pantalla &#8211; 1920 x 1080<\/li>\n<li>Pantalla t\u00e1ctil &#8211; No<\/li>\n<li>Brillo de pantalla &#8211; 250<\/li>\n<li>Pantalla antirreflectante &#8211; S\u00ed<\/li>\n<li>Relaci\u00f3n de aspecto nativa &#8211; 16:9<\/li>\n<li>Diagonal de la pantalla &#8211; 39,6 cm (15.6&#8243;)<\/li>\n<li>Tipo HD &#8211; Full HD<\/li>\n<li>Retroiluminaci\u00f3n LED &#8211; S\u00ed<\/li>\n<li>RGB colour space &#8211; NTSC<\/li>\n<li>Gama de colores &#8211; 45<\/li>\n<\/ul>\n<p><strong>Audio<\/strong><\/p>\n<ul>\n<li>Sistema de audio &#8211; SonicMaster<\/li>\n<li>Micr\u00f3fono incorporado &#8211; S\u00ed<\/li>\n<\/ul>\n<p><strong>Puertos e Interfaces<\/strong><\/p>\n<ul>\n<li>Cantidad de puertos tipo C USB 3.0 (3.1 Gen 1) &#8211; 1<\/li>\n<li>N\u00famero de puertos HDMI &#8211; 1<\/li>\n<li>Versi\u00f3n HDMI &#8211; 1.4<\/li>\n<li>Charging port type &#8211; Toma de entrada de CC<\/li>\n<li>Cantidad de puertos USB 2.0 &#8211; 2<\/li>\n<li>Cantidad de puertos tipo A USB 3.0 (3.1 Gen 1) &#8211; 1<\/li>\n<li>Combo de salida de auriculares \/ micr\u00f3fono del puerto &#8211; S\u00ed<\/li>\n<\/ul>\n<p><strong>Peso y dimensiones<\/strong><\/p>\n<ul>\n<li>Peso &#8211; 1,8<\/li>\n<li>Ancho &#8211; 360<\/li>\n<li>Profundidad &#8211; 235<\/li>\n<li>Altura &#8211; 19,9<\/li>\n<\/ul>\n<p><strong>Control de energ\u00eda<\/strong><\/p>\n<ul>\n<li>Potencia de adaptador AC &#8211; 45<\/li>\n<li>Frecuencia de adaptador AC &#8211; 50 &#8211; 60<\/li>\n<li>Voltaje de entrada de adaptador AC &#8211; 100 &#8211; 240<\/li>\n<li>Corriente de salida de adaptador AC &#8211; 2,37<\/li>\n<li>Voltaje de salida de adaptador AC &#8211; 19<\/li>\n<\/ul>\n<p><strong>Teclado<\/strong><\/p>\n<ul>\n<li>Dispositivo apuntador &#8211; Touchpad<\/li>\n<li>Teclado num\u00e9rico &#8211; S\u00ed<\/li>\n<\/ul>\n<p><strong>Medios de almacenaje<\/strong><\/p>\n<ul>\n<li>Total SSDs capacity &#8211; 512<\/li>\n<li>N\u00famero de unidades SSD instalados &#8211; 1<\/li>\n<li>Capacidad Disco Duro (GB) &#8211; 512<\/li>\n<li>Tipo de Disco Duro &#8211; SSD<\/li>\n<li>Factor de forma de disco SSD &#8211; M.2<\/li>\n<li>Interfaces de disco de estado s\u00f3lido &#8211; NVMe,PCI Express 3.0<\/li>\n<li>Tipo de unidad \u00f3ptica &#8211; No<\/li>\n<li>Disco de estado s\u00f3lido, capacidad &#8211; 512<\/li>\n<\/ul>\n<p><strong>Seguridad<\/strong><\/p>\n<ul>\n<li>Protecci\u00f3n mediante contrase\u00f1a &#8211; S\u00ed<\/li>\n<li>M\u00f3dulo de plataforma confiable (TPM) &#8211; S\u00ed<\/li>\n<li>Ranura para cable de seguridad &#8211; S\u00ed<\/li>\n<\/ul>\n<p><strong>Software<\/strong><\/p>\n<ul>\n<li>Sistema operativo instaladoWindows 11 Home<\/li>\n<li>Arquitectura del sistema operativo64 bits<\/li>\n<li>Software de prueba1-month trial for new Microsoft 365 customers. Credit card required, McAfee LiveSafe 30-day<\/li>\n<\/ul>\n<p><strong>C\u00e1mara fotogr\u00e1fica<\/strong><\/p>\n<ul>\n<li>C\u00e1mara frontal &#8211; S\u00ed<\/li>\n<\/ul>\n<p><strong>Bater\u00eda<\/strong><\/p>\n<ul>\n<li>Capacidad de bater\u00eda (vatio-hora) &#8211; 37<\/li>\n<li>Tecnolog\u00eda de bater\u00eda &#8211; I\u00f3n de litio<\/li>\n<li>N\u00famero de celdas de bater\u00eda &#8211; 2<\/li>\n<\/ul>\n<p><strong>Dise\u00f1o<\/strong><\/p>\n<ul>\n<li>A\u00f1o del modelo &#8211; 2021<\/li>\n<li>Nombre del color &#8211; Slate Grey<\/li>\n<li>Tipo de producto &#8211; Port\u00e1til<\/li>\n<li>Factor de forma &#8211; Concha<\/li>\n<li>Color del producto &#8211; Gris<\/li>\n<\/ul>\n<p><strong>Gr\u00e1ficos<\/strong><\/p>\n<ul>\n<li>Discrete graphics adapter &#8211; No<\/li>\n<li>Modelo de adaptador de gr\u00e1ficos discretos &#8211; No disponible<\/li>\n<li>Tarjeta gr\u00e1fica integrada &#8211; S\u00ed<\/li>\n<li>Modelo de tarjeta gr\u00e1fica &#8211; Intel Iris Xe Graphics<\/li>\n<\/ul>\n<p><strong>Caracter\u00edsticas especiales del procesador<\/strong><\/p>\n<ul>\n<li>Estados de inactividad &#8211; S\u00ed<\/li>\n<li>Tecnolog\u00eda Trusted Execution de Intel\u00ae &#8211; No<\/li>\n<li>Programa de Plataforma de Imagen Estable de Intel\u00ae (SIPP) &#8211; No<\/li>\n<li>Configuraci\u00f3n de CPU (m\u00e1ximo) &#8211; 1<\/li>\n<li>VT-x de Intel\u00ae con Extended Page Tables (EPT) &#8211; S\u00ed<\/li>\n<li>Opciones integradas disponibles &#8211; No<\/li>\n<li>Tecnolog\u00eda de virtualizaci\u00f3n de Intel\u00ae para E \/ S dirigida (VT-d) &#8211; S\u00ed<\/li>\n<li>Extensiones de protecci\u00f3n de software Intel\u00ae (Intel\u00ae SGX) &#8211; No<\/li>\n<li>Tecnolog\u00eda de virtualizaci\u00f3n Intel\u00ae (VT-x) &#8211; S\u00ed<\/li>\n<\/ul>\n<p><strong>Conexi\u00f3n<\/strong><\/p>\n<ul>\n<li>Bluetooth &#8211; S\u00ed<\/li>\n<li>Conexi\u00f3n a red m\u00f3vil &#8211; No<\/li>\n<li>Est\u00e1ndar Wi-Fi &#8211; Wi-Fi 5 (802.11ac)<\/li>\n<li>Wi-Fi est\u00e1ndares &#8211; Wi-Fi 5 (802.11ac)<\/li>\n<li>Tipo de antena &#8211; 1&#215;1<\/li>\n<li>Versi\u00f3n de Bluetooth &#8211; 4.1<\/li>\n<li>Ethernet &#8211; No<\/li>\n<\/ul>\n<\/div>\n","protected":false},"excerpt":{"rendered":"<p>Procesador Modelo del procesador &#8211; i5-1135G7 Familia de procesador &#8211; Intel\u00ae Core i5 N\u00famero de n\u00facleos de procesador &#8211; 4<\/p>\n","protected":false},"featured_media":154544,"comment_status":"open","ping_status":"closed","template":"","meta":{"_joinchat":[]},"product_cat":[6562,6555,6598,6556],"product_tag":[],"class_list":{"0":"post-154542","1":"product","2":"type-product","3":"status-publish","4":"has-post-thumbnail","6":"product_cat-gaming-informatica-y-gaming","7":"product_cat-ordenadores-informatica-y-gaming","8":"product_cat-ordenadores-gaming-informatica-y-gaming","9":"product_cat-portatiles-ordenadores-informatica-y-gaming","11":"first","12":"instock","13":"taxable","14":"shipping-taxable","15":"purchasable","16":"product-type-simple"},"_links":{"self":[{"href":"https:\/\/desdropi.com\/elparque\/wp-json\/wp\/v2\/product\/154542"}],"collection":[{"href":"https:\/\/desdropi.com\/elparque\/wp-json\/wp\/v2\/product"}],"about":[{"href":"https:\/\/desdropi.com\/elparque\/wp-json\/wp\/v2\/types\/product"}],"replies":[{"embeddable":true,"href":"https:\/\/desdropi.com\/elparque\/wp-json\/wp\/v2\/comments?post=154542"}],"version-history":[{"count":0,"href":"https:\/\/desdropi.com\/elparque\/wp-json\/wp\/v2\/product\/154542\/revisions"}],"wp:featuredmedia":[{"embeddable":true,"href":"https:\/\/desdropi.com\/elparque\/wp-json\/wp\/v2\/media\/154544"}],"wp:attachment":[{"href":"https:\/\/desdropi.com\/elparque\/wp-json\/wp\/v2\/media?parent=154542"}],"wp:term":[{"taxonomy":"product_cat","embeddable":true,"href":"https:\/\/desdropi.com\/elparque\/wp-json\/wp\/v2\/product_cat?post=154542"},{"taxonomy":"product_tag","embeddable":true,"href":"https:\/\/desdropi.com\/elparque\/wp-json\/wp\/v2\/product_tag?post=154542"}],"curies":[{"name":"wp","href":"https:\/\/api.w.org\/{rel}","templated":true}]}}