{"id":156193,"date":"2022-12-07T01:23:57","date_gmt":"2022-12-07T00:23:57","guid":{"rendered":"https:\/\/desdropi.com\/elparque\/?post_type=product&#038;p=156193"},"modified":"2025-04-13T23:21:01","modified_gmt":"2025-04-13T21:21:01","slug":"cortapelos-mondial-cr04","status":"publish","type":"product","link":"https:\/\/desdropi.com\/elparque\/cortapelos-mondial-cr04\/","title":{"rendered":"Cortapelos Mondial Cr04"},"content":{"rendered":"<div class=\"descripcion-tab\">Con autonom\u00eda de una hora, 2 gu\u00edas y 6 accesorios para conseguir todo tipo de looks.<br \/>\nCorta pelo recargable.<\/p>\n<ul>\n<li>Cuchillas Acero inox.<\/li>\n<li>2 Gu\u00edas.<\/li>\n<li>6 Accesorios.<\/li>\n<li>Recargable.<\/li>\n<li>Funciona con o sin cable.<\/li>\n<li>Autonom\u00eda 60 min.<\/li>\n<\/ul>\n<p><strong>Inal\u00e1mbrica<\/strong><\/p>\n<ul>\n<li>Una m\u00e1quina de cortar el pelo sin cables que te permitir\u00e1 moldear tu pelo con mucha m\u00e1s facilidad que las maquinillas convencionales con cable. Aunque tambi\u00e9n puedes usarla con cable si es necesario.<\/li>\n<\/ul>\n<p><strong>Autonom\u00eda<\/strong><\/p>\n<ul>\n<li>Con base recargable y con una autonom\u00eda de 60 minutos para que puedas cortar el pelo con tranquilidad.<\/li>\n<li>Especificaciones t\u00e9cnicas Mondial CR04 &#8211; Cortapelos inal\u00e1mbrico Negro\/Rojo.<\/li>\n<\/ul>\n<p><strong>Desempe\u00f1o<\/strong><\/p>\n<ul>\n<li>Color del producto Negro, Rojo<\/li>\n<li>Suites para todo el cuerpo &#8211; No<\/li>\n<li>Material de la cuchilla &#8211; Acero inoxidable<\/li>\n<li>Fuente de energ\u00eda &#8211; Bater\u00eda<\/li>\n<li>Tiempo de funcionamiento &#8211; 60 min<\/li>\n<li>Recargable &#8211; Si<\/li>\n<li>Tipo de bater\u00eda &#8211; Bater\u00eda integrada<\/li>\n<\/ul>\n<p><strong>Contenido del paquete<\/strong><\/p>\n<ul>\n<li>\u00a0Cortapelos inal\u00e1mbrico &#8211; Negro\/Rojo x 1<\/li>\n<li>Gu\u00edas x 2<\/li>\n<li>Accesorios x 4<\/li>\n<li>Cargador x 1<\/li>\n<\/ul>\n<\/div>\n","protected":false},"excerpt":{"rendered":"<p>Con autonom\u00eda de una hora, 2 gu\u00edas y 6 accesorios para conseguir todo tipo de looks. Corta pelo recargable. Cuchillas<\/p>\n","protected":false},"featured_media":156194,"comment_status":"open","ping_status":"closed","template":"","meta":{"_joinchat":[]},"product_cat":[6530,6510,825,6097],"product_tag":[],"class_list":{"0":"post-156193","1":"product","2":"type-product","3":"status-publish","4":"has-post-thumbnail","6":"product_cat-cortapelos","7":"product_cat-vello-y-pelo","8":"product_cat-pequeno-electrodomestico","9":"product_cat-cuidado-personal","10":"pa_marca-mondial","12":"first","13":"instock","14":"taxable","15":"shipping-taxable","16":"purchasable","17":"product-type-simple"},"_links":{"self":[{"href":"https:\/\/desdropi.com\/elparque\/wp-json\/wp\/v2\/product\/156193"}],"collection":[{"href":"https:\/\/desdropi.com\/elparque\/wp-json\/wp\/v2\/product"}],"about":[{"href":"https:\/\/desdropi.com\/elparque\/wp-json\/wp\/v2\/types\/product"}],"replies":[{"embeddable":true,"href":"https:\/\/desdropi.com\/elparque\/wp-json\/wp\/v2\/comments?post=156193"}],"version-history":[{"count":1,"href":"https:\/\/desdropi.com\/elparque\/wp-json\/wp\/v2\/product\/156193\/revisions"}],"predecessor-version":[{"id":224688,"href":"https:\/\/desdropi.com\/elparque\/wp-json\/wp\/v2\/product\/156193\/revisions\/224688"}],"wp:featuredmedia":[{"embeddable":true,"href":"https:\/\/desdropi.com\/elparque\/wp-json\/wp\/v2\/media\/156194"}],"wp:attachment":[{"href":"https:\/\/desdropi.com\/elparque\/wp-json\/wp\/v2\/media?parent=156193"}],"wp:term":[{"taxonomy":"product_cat","embeddable":true,"href":"https:\/\/desdropi.com\/elparque\/wp-json\/wp\/v2\/product_cat?post=156193"},{"taxonomy":"product_tag","embeddable":true,"href":"https:\/\/desdropi.com\/elparque\/wp-json\/wp\/v2\/product_tag?post=156193"}],"curies":[{"name":"wp","href":"https:\/\/api.w.org\/{rel}","templated":true}]}}