{"id":157176,"date":"2022-12-14T16:46:10","date_gmt":"2022-12-14T15:46:10","guid":{"rendered":"https:\/\/desdropi.com\/elparque\/grill-ufesa-pr2000-inox-2200w-apertura-180o-29x23\/"},"modified":"2024-05-18T09:41:34","modified_gmt":"2024-05-18T07:41:34","slug":"grill-ufesa-pr2000-inox-2200w-apertura-180o-29x23","status":"publish","type":"product","link":"https:\/\/desdropi.com\/elparque\/grill-ufesa-pr2000-inox-2200w-apertura-180o-29x23\/","title":{"rendered":"Grill Ufesa Pr2000 Inox 2200W Apertura 180\u00ba 29X23"},"content":{"rendered":"<div class=\"descripcion-tab\">\n<ul>\n<li>El Grill Ufesa PR2000 es un electrodom\u00e9stico de cocina dise\u00f1ado para cocinar alimentos de manera r\u00e1pida y saludable. Este grill cuenta con una potencia de<strong> 2200W<\/strong> y una apertura de 180 grados, lo que permite cocinar grandes porciones de alimentos y diferentes tipos de alimentos al mismo tiempo.<\/li>\n<li>Su superficie de cocci\u00f3n de 29&#215;23 cm est\u00e1 fabricada en <strong>acero inoxidable de alta calidad<\/strong>, lo que garantiza una <strong>excelente distribuci\u00f3n del calor y una larga durabilidad del producto<\/strong>. Adem\u00e1s, cuenta con una bandeja de goteo extra\u00edble que facilita la limpieza despu\u00e9s de su uso.<\/li>\n<li>El Grill Ufesa PR2000 es ideal para cocinar carnes, pescados, verduras y otros alimentos de forma saludable, ya que su dise\u00f1o permite eliminar el exceso de grasa y aceite mientras se cocina. Adem\u00e1s, su tama\u00f1o compacto lo hace f\u00e1cil de almacenar en cualquier cocina y su dise\u00f1o moderno en acero inoxidable se adapta a cualquier estilo de decoraci\u00f3n.<\/li>\n<\/ul>\n<h4><strong>Peso y dimensiones<\/strong><\/h4>\n<ul>\n<li>Ancho \u2192 360<\/li>\n<li>Profundidad \u2192 147<\/li>\n<li>Altura \u2192 368<\/li>\n<\/ul>\n<h4><strong>Control de energ\u00eda<\/strong><\/h4>\n<ul>\n<li>Potencia \u2192 2200<\/li>\n<\/ul>\n<h4><strong>Caracter\u00edsticas<\/strong><\/h4>\n<ul>\n<li>Color del producto \u2192 Negro, Plata<\/li>\n<li>Capa antiadherente \u2192 S\u00ed<\/li>\n<li>Superficie de cocci\u00f3n (LxP) \u2192 290 x 230<\/li>\n<li>Tipo de control \u2192 Giratorio<\/li>\n<li>Mango fr\u00edo al tacto \u2192 S\u00ed<\/li>\n<li>Ajustes de termostato \u2192 S\u00ed<\/li>\n<\/ul>\n<h4><strong>Datos log\u00edsticos<\/strong><\/h4>\n<ul>\n<li>Largo de la caja principal \u2192 60<\/li>\n<li>Longitud de la caja \u2192 37<\/li>\n<li>Alto de la caja principal \u2192 38,3<\/li>\n<\/ul>\n<\/div>\n","protected":false},"excerpt":{"rendered":"<p>El Grill Ufesa PR2000 es un electrodom\u00e9stico de cocina dise\u00f1ado para cocinar alimentos de manera r\u00e1pida y saludable. Este grill<\/p>\n","protected":false},"featured_media":187824,"comment_status":"closed","ping_status":"closed","template":"","meta":{"_joinchat":[]},"product_cat":[825,831,899],"product_tag":[],"class_list":{"0":"post-157176","1":"product","2":"type-product","3":"status-publish","4":"has-post-thumbnail","6":"product_cat-pequeno-electrodomestico","7":"product_cat-accesorios-de-cocina","8":"product_cat-grills","9":"pa_marca-ufesa","10":"pa_potenica-2200w","12":"first","13":"instock","14":"taxable","15":"shipping-taxable","16":"purchasable","17":"product-type-simple"},"_links":{"self":[{"href":"https:\/\/desdropi.com\/elparque\/wp-json\/wp\/v2\/product\/157176"}],"collection":[{"href":"https:\/\/desdropi.com\/elparque\/wp-json\/wp\/v2\/product"}],"about":[{"href":"https:\/\/desdropi.com\/elparque\/wp-json\/wp\/v2\/types\/product"}],"replies":[{"embeddable":true,"href":"https:\/\/desdropi.com\/elparque\/wp-json\/wp\/v2\/comments?post=157176"}],"version-history":[{"count":0,"href":"https:\/\/desdropi.com\/elparque\/wp-json\/wp\/v2\/product\/157176\/revisions"}],"wp:featuredmedia":[{"embeddable":true,"href":"https:\/\/desdropi.com\/elparque\/wp-json\/wp\/v2\/media\/187824"}],"wp:attachment":[{"href":"https:\/\/desdropi.com\/elparque\/wp-json\/wp\/v2\/media?parent=157176"}],"wp:term":[{"taxonomy":"product_cat","embeddable":true,"href":"https:\/\/desdropi.com\/elparque\/wp-json\/wp\/v2\/product_cat?post=157176"},{"taxonomy":"product_tag","embeddable":true,"href":"https:\/\/desdropi.com\/elparque\/wp-json\/wp\/v2\/product_tag?post=157176"}],"curies":[{"name":"wp","href":"https:\/\/api.w.org\/{rel}","templated":true}]}}