{"id":157521,"date":"2022-12-16T09:41:50","date_gmt":"2022-12-16T08:41:50","guid":{"rendered":"https:\/\/desdropi.com\/elparque\/afeita-philips-s5466-17-recargable-wetdry\/"},"modified":"2024-05-18T23:22:45","modified_gmt":"2024-05-18T21:22:45","slug":"afeita-philips-s5466-17-recargable-wetdry","status":"publish","type":"product","link":"https:\/\/desdropi.com\/elparque\/afeita-philips-s5466-17-recargable-wetdry\/","title":{"rendered":"Afeita. Philips S5466\/17 Recargable Wet&#038;Dry"},"content":{"rendered":"<div class=\"descripcion-tab\">\n<p><strong>Control de energ\u00eda<\/strong><\/p>\n<ul>\n<li>Voltaje de entrada AC &#8211; 100-240<\/li>\n<li>Consumo de energ\u00eda (inactivo) &#8211; 0,1<\/li>\n<li>Autonom\u00eda (Minutos) &#8211; 45<\/li>\n<li>Tipo de bater\u00eda &#8211; Bater\u00eda integrada<\/li>\n<li>Consumo de energ\u00eda (m\u00e1x.) &#8211; 9<\/li>\n<\/ul>\n<p><strong>Dise\u00f1o<\/strong><\/p>\n<ul>\n<li>Tipo de visualizador &#8211; LED<\/li>\n<li>Color del producto &#8211; Azul, negro<\/li>\n<\/ul>\n<p><strong>Desempe\u00f1o<\/strong><\/p>\n<ul>\n<li>Cortador de relieves &#8211; S\u00ed<\/li>\n<li>Sistema de afeitado &#8211; M\u00e1quina de afeitar de rotaci\u00f3n<\/li>\n<\/ul>\n<\/div>\n","protected":false},"excerpt":{"rendered":"<p>Control de energ\u00eda Voltaje de entrada AC &#8211; 100-240 Consumo de energ\u00eda (inactivo) &#8211; 0,1 Autonom\u00eda (Minutos) &#8211; 45 Tipo<\/p>\n","protected":false},"featured_media":157523,"comment_status":"open","ping_status":"closed","template":"","meta":{"_joinchat":[]},"product_cat":[6097,6510,6874,825],"product_tag":[],"class_list":{"0":"post-157521","1":"product","2":"type-product","3":"status-publish","4":"has-post-thumbnail","6":"product_cat-cuidado-personal","7":"product_cat-vello-y-pelo","8":"product_cat-afeitadoras-vello-y-pelo","9":"product_cat-pequeno-electrodomestico","10":"pa_marca-philips","11":"pa_marca-philips-p-a-e","13":"first","14":"instock","15":"sale","16":"taxable","17":"shipping-taxable","18":"purchasable","19":"product-type-simple"},"_links":{"self":[{"href":"https:\/\/desdropi.com\/elparque\/wp-json\/wp\/v2\/product\/157521"}],"collection":[{"href":"https:\/\/desdropi.com\/elparque\/wp-json\/wp\/v2\/product"}],"about":[{"href":"https:\/\/desdropi.com\/elparque\/wp-json\/wp\/v2\/types\/product"}],"replies":[{"embeddable":true,"href":"https:\/\/desdropi.com\/elparque\/wp-json\/wp\/v2\/comments?post=157521"}],"version-history":[{"count":0,"href":"https:\/\/desdropi.com\/elparque\/wp-json\/wp\/v2\/product\/157521\/revisions"}],"wp:featuredmedia":[{"embeddable":true,"href":"https:\/\/desdropi.com\/elparque\/wp-json\/wp\/v2\/media\/157523"}],"wp:attachment":[{"href":"https:\/\/desdropi.com\/elparque\/wp-json\/wp\/v2\/media?parent=157521"}],"wp:term":[{"taxonomy":"product_cat","embeddable":true,"href":"https:\/\/desdropi.com\/elparque\/wp-json\/wp\/v2\/product_cat?post=157521"},{"taxonomy":"product_tag","embeddable":true,"href":"https:\/\/desdropi.com\/elparque\/wp-json\/wp\/v2\/product_tag?post=157521"}],"curies":[{"name":"wp","href":"https:\/\/api.w.org\/{rel}","templated":true}]}}