{"id":157653,"date":"2022-12-16T10:43:39","date_gmt":"2022-12-16T08:43:39","guid":{"rendered":"https:\/\/desdropi.com\/elparque\/smartwatch-garmin-venu-black-slate-010-02173-12\/"},"modified":"2024-05-17T12:59:59","modified_gmt":"2024-05-17T10:59:59","slug":"smartwatch-garmin-venu-black-slate-010-02173-12","status":"publish","type":"product","link":"https:\/\/desdropi.com\/elparque\/smartwatch-garmin-venu-black-slate-010-02173-12\/","title":{"rendered":"Smartwatch Garmin Venu Black\/Slate 010-02173-12"},"content":{"rendered":"<div class=\"descripcion-tab\">\n<strong>NOMBRE DEL PRODUCTO: Reloj GARMIN 010-02173-12<\/strong><strong>Puertos e Interfaces:<\/strong><\/p>\n<ul>\n<li>Bluetooth: S\u00ed<\/li>\n<li>Puerto USB: No<\/li>\n<li>Wifi: S\u00ed<\/li>\n<\/ul>\n<p><strong>Peso y dimensiones:<\/strong><\/p>\n<ul>\n<li>Ancho: 43,2 mm<\/li>\n<li>Profundidad: 43,2 mm<\/li>\n<li>Grosor: 1,24 cm<\/li>\n<li>Peso: 46,3 g<\/li>\n<\/ul>\n<p><strong>Control de energ\u00eda:<\/strong><\/p>\n<ul>\n<li>Autonom\u00eda: 120 horas<\/li>\n<li>Modo de espera autom\u00e1tico: S\u00ed<\/li>\n<\/ul>\n<p><strong>Medios de almacenaje:<\/strong><\/p>\n<ul>\n<li>Tarjetas de memoria compatibles: No compatible<\/li>\n<\/ul>\n<p><strong>Dise\u00f1o:<\/strong><\/p>\n<ul>\n<li>Color de la correa: Negro<\/li>\n<li>Color de la carcasa: Negro<\/li>\n<li>Material de la carcasa: Acero inoxidable<\/li>\n<li>Material de la banda: Silicona<\/li>\n<li>Forma: Alrededor<\/li>\n<li>Tama\u00f1o de mu\u00f1eca: 125 &#8211; 190 mm<\/li>\n<li>Longitud m\u00e1xima de la correa: 19 cm<\/li>\n<li>G\u00e9nero: Unisex<\/li>\n<li>Color de hebilla: Negro<\/li>\n<li>Material de hebilla: Acero inoxidable<\/li>\n<li>Tipo de cierre: Single prong strap buckle<\/li>\n<li>Tipo de vidrio de reloj: Corning Gorilla Glass<\/li>\n<li>A prueba de agua: S\u00ed<\/li>\n<li>Color de la esfera: Negro<\/li>\n<\/ul>\n<p><strong>Caracter\u00edsticas:<\/strong><\/p>\n<ul>\n<li>Bar\u00f3metro: S\u00ed<\/li>\n<li>Term\u00f3metro: S\u00ed<\/li>\n<li>Alt\u00edmetro: S\u00ed<\/li>\n<li>Reloj despertador vibrante: S\u00ed<\/li>\n<li>Tipo de visualizador: AMOLED<\/li>\n<li>Resoluci\u00f3n de la pantalla: 390 x 390 Pixeles<\/li>\n<li>Pantalla t\u00e1ctil: S\u00ed<\/li>\n<li>Micr\u00f3fono incorporado: No<\/li>\n<li>Tecnolog\u00eda de visualizaci\u00f3n: AMOLED<\/li>\n<li>Sistemas operativos m\u00f3viles soportados: Android, iOS<\/li>\n<li>Calidad del sue\u00f1o: S\u00ed<\/li>\n<li>Metas personales: S\u00ed<\/li>\n<li>Altavoces incorporados: No<\/li>\n<li>Pod\u00f3metro: S\u00ed<\/li>\n<li>Calor\u00edas quemadas: S\u00ed<\/li>\n<li>Sensor frecuencia card\u00edaca: S\u00ed<\/li>\n<li>Medici\u00f3n del pulso por contacto: S\u00ed<\/li>\n<li>Aceler\u00f3metro: S\u00ed<\/li>\n<li>Radio FM: No<\/li>\n<li>C\u00e1mara incorporada: No<\/li>\n<li>Giroscopio: S\u00ed<\/li>\n<li>Modo reloj: 24 horas<\/li>\n<li>Notificaciones inteligentes: S\u00ed<\/li>\n<li>Activity tracker: S\u00ed<\/li>\n<li>Visualizaci\u00f3n de clima: S\u00ed<\/li>\n<li>Notificaciones del calendario: S\u00ed<\/li>\n<li>Funci\u00f3n de alerta anti-p\u00e9rdida: S\u00ed<\/li>\n<li>Temporizador: S\u00ed<\/li>\n<\/ul>\n<p><strong>Conexi\u00f3n:<\/strong><\/p>\n<ul>\n<li>GPS (sat\u00e9lite): S\u00ed<\/li>\n<li>GLONASS: S\u00ed<\/li>\n<li>Galileo: S\u00ed<\/li>\n<li>ANT+ habilitado: S\u00ed<\/li>\n<\/ul>\n<\/div>\n","protected":false},"excerpt":{"rendered":"<p><span style=\"color: #ff0000;\"><strong>\u00a1ENV\u00cdO GRATIS!<\/strong><\/span><\/p>\n","protected":false},"featured_media":157655,"comment_status":"closed","ping_status":"closed","template":"","meta":{"_joinchat":[]},"product_cat":[6873,795],"product_tag":[],"class_list":{"0":"post-157653","1":"product","2":"type-product","3":"status-publish","4":"has-post-thumbnail","6":"product_cat-smartwatches","7":"product_cat-electronica","9":"first","10":"instock","11":"sale","12":"taxable","13":"shipping-taxable","14":"purchasable","15":"product-type-simple"},"_links":{"self":[{"href":"https:\/\/desdropi.com\/elparque\/wp-json\/wp\/v2\/product\/157653"}],"collection":[{"href":"https:\/\/desdropi.com\/elparque\/wp-json\/wp\/v2\/product"}],"about":[{"href":"https:\/\/desdropi.com\/elparque\/wp-json\/wp\/v2\/types\/product"}],"replies":[{"embeddable":true,"href":"https:\/\/desdropi.com\/elparque\/wp-json\/wp\/v2\/comments?post=157653"}],"version-history":[{"count":0,"href":"https:\/\/desdropi.com\/elparque\/wp-json\/wp\/v2\/product\/157653\/revisions"}],"wp:featuredmedia":[{"embeddable":true,"href":"https:\/\/desdropi.com\/elparque\/wp-json\/wp\/v2\/media\/157655"}],"wp:attachment":[{"href":"https:\/\/desdropi.com\/elparque\/wp-json\/wp\/v2\/media?parent=157653"}],"wp:term":[{"taxonomy":"product_cat","embeddable":true,"href":"https:\/\/desdropi.com\/elparque\/wp-json\/wp\/v2\/product_cat?post=157653"},{"taxonomy":"product_tag","embeddable":true,"href":"https:\/\/desdropi.com\/elparque\/wp-json\/wp\/v2\/product_tag?post=157653"}],"curies":[{"name":"wp","href":"https:\/\/api.w.org\/{rel}","templated":true}]}}