{"id":157783,"date":"2022-12-16T09:52:05","date_gmt":"2022-12-16T08:52:05","guid":{"rendered":"https:\/\/desdropi.com\/elparque\/afeita-corporal-philips-bg3010-15-bodygroom\/"},"modified":"2024-05-17T12:59:59","modified_gmt":"2024-05-17T10:59:59","slug":"afeita-corporal-philips-bg3010-15-bodygroom","status":"publish","type":"product","link":"https:\/\/desdropi.com\/elparque\/afeita-corporal-philips-bg3010-15-bodygroom\/","title":{"rendered":"Afeita. Corporal Philips Bg3010\/15 Bodygroom"},"content":{"rendered":"<div class=\"descripcion-tab\">\n<p><strong>Control de energ\u00eda<\/strong><\/p>\n<ul>\n<li>Fuente de energ\u00eda \u2192 Bater\u00eda<\/li>\n<li>Tecnolog\u00eda de bater\u00eda \u2192 N\u00edquel-Metal hidruro (NiMH)<\/li>\n<li>Autonom\u00eda (Minutos) \u2192 50<\/li>\n<li>Tiempo de recarga de la bater\u00eda \u2192 8 h<\/li>\n<li>Recargable \u2192 S\u00ed<\/li>\n<\/ul>\n<p><strong>Detalles t\u00e9cnicos<\/strong><\/p>\n<ul>\n<li>Ancho de la cuchilla \u2192 3,2 cm<\/li>\n<li>N\u00famero de pasos de longitud \u2192 1<\/li>\n<li>Libre de mantenimiento \u2192 No<\/li>\n<li>Longitud m\u00ednima del cabello \u2192 3 mm<\/li>\n<li>Longitud m\u00e1xima del cabello \u2192 3 mm<\/li>\n<li>Color del producto \u2192 Negro, Gris<\/li>\n<li>Indicador de nivel de bater\u00eda \u2192 S\u00ed<\/li>\n<li>Garant\u00eda \u2192 2 a\u00f1o(s)<\/li>\n<li>No necesita mantenimiento ni lubricaci\u00f3n \u2192 S\u00ed<\/li>\n<li>A prueba de agua \u2192 S\u00ed<\/li>\n<li>Mojado y seco \u2192 S\u00ed<\/li>\n<li>Lavable \u2192 S\u00ed<\/li>\n<\/ul>\n<p><strong>Contenido del embalaje<\/strong><\/p>\n<ul>\n<li>Cantidad de peines \u2192 1<\/li>\n<\/ul>\n<p><strong>Desempe\u00f1o<\/strong><\/p>\n<ul>\n<li>Funcionamiento seco\/mojado \u2192 S\u00ed<\/li>\n<\/ul>\n<\/div>\n","protected":false},"excerpt":{"rendered":"<p>Control de energ\u00eda Fuente de energ\u00eda \u2192 Bater\u00eda Tecnolog\u00eda de bater\u00eda \u2192 N\u00edquel-Metal hidruro (NiMH) Autonom\u00eda (Minutos) \u2192 50 Tiempo<\/p>\n","protected":false},"featured_media":167588,"comment_status":"closed","ping_status":"closed","template":"","meta":{"_joinchat":[]},"product_cat":[6874,6510,825,6097],"product_tag":[],"class_list":{"0":"post-157783","1":"product","2":"type-product","3":"status-publish","4":"has-post-thumbnail","6":"product_cat-afeitadoras-vello-y-pelo","7":"product_cat-vello-y-pelo","8":"product_cat-pequeno-electrodomestico","9":"product_cat-cuidado-personal","11":"first","12":"instock","13":"taxable","14":"shipping-taxable","15":"purchasable","16":"product-type-simple"},"_links":{"self":[{"href":"https:\/\/desdropi.com\/elparque\/wp-json\/wp\/v2\/product\/157783"}],"collection":[{"href":"https:\/\/desdropi.com\/elparque\/wp-json\/wp\/v2\/product"}],"about":[{"href":"https:\/\/desdropi.com\/elparque\/wp-json\/wp\/v2\/types\/product"}],"replies":[{"embeddable":true,"href":"https:\/\/desdropi.com\/elparque\/wp-json\/wp\/v2\/comments?post=157783"}],"version-history":[{"count":0,"href":"https:\/\/desdropi.com\/elparque\/wp-json\/wp\/v2\/product\/157783\/revisions"}],"wp:featuredmedia":[{"embeddable":true,"href":"https:\/\/desdropi.com\/elparque\/wp-json\/wp\/v2\/media\/167588"}],"wp:attachment":[{"href":"https:\/\/desdropi.com\/elparque\/wp-json\/wp\/v2\/media?parent=157783"}],"wp:term":[{"taxonomy":"product_cat","embeddable":true,"href":"https:\/\/desdropi.com\/elparque\/wp-json\/wp\/v2\/product_cat?post=157783"},{"taxonomy":"product_tag","embeddable":true,"href":"https:\/\/desdropi.com\/elparque\/wp-json\/wp\/v2\/product_tag?post=157783"}],"curies":[{"name":"wp","href":"https:\/\/api.w.org\/{rel}","templated":true}]}}