{"id":159598,"date":"2022-12-28T23:58:48","date_gmt":"2022-12-28T22:58:48","guid":{"rendered":"https:\/\/desdropi.com\/elparque\/television-tcl-65-65p631-uhd-googletv-2\/"},"modified":"2024-06-05T11:33:55","modified_gmt":"2024-06-05T09:33:55","slug":"television-tcl-65-65p631-uhd-googletv-2","status":"publish","type":"product","link":"https:\/\/desdropi.com\/elparque\/television-tcl-65-65p631-uhd-googletv-2\/","title":{"rendered":"Television Tcl 65&#8243; 65P631 Uhd Googletv"},"content":{"rendered":"<div class=\"descripcion-tab\">\n<h4>TELEVISION TCL 65&#8243; 65P631 UHD GOOGLETV<\/h4>\n<p><strong>Exhibici\u00f3n<\/strong><\/p>\n<ul>\n<li>Relaci\u00f3n de aspecto nativa &#8211; 16:9<\/li>\n<li>Tecnolog\u00eda del panel &#8211; LED<\/li>\n<li>Resoluci\u00f3n de la pantalla &#8211; 3840 x 2160<\/li>\n<li>Frecuencia nativa de refresco &#8211; 60<\/li>\n<li>Diagonal de pantalla &#8211; 164<\/li>\n<li>Relaci\u00f3n de luminosidad m\u00e1xima &#8211; 65%<\/li>\n<li>Nombre comercial de la relaci\u00f3n de contraste din\u00e1mico &#8211; Mega Contrast<\/li>\n<li>Retroiluminaci\u00f3n del panel &#8211; Direct LED<\/li>\n<li>Escaneado progresivo &#8211; S\u00ed<\/li>\n<li>Resoluci\u00f3n &#8211; 4K Ultra HD<\/li>\n<li>Tipo de matriz &#8211; VA<\/li>\n<li>Pulgadas &#8211; 65&#8243;<\/li>\n<li>Forma de la pantalla &#8211; Plana<\/li>\n<\/ul>\n<p><strong>Audio<\/strong><\/p>\n<ul>\n<li>N\u00famero de altavoces &#8211; 2<\/li>\n<li>Potencia estimada RMS &#8211; 20<\/li>\n<li>Decodificadores incorporados &#8211; DTS, Dolby Audio<\/li>\n<li>Tecnolog\u00edas de decodificaci\u00f3n de audio &#8211; Dolby AC-4<\/li>\n<\/ul>\n<p><strong>Puertos e Interfaces<\/strong><\/p>\n<ul>\n<li>N\u00famero de puertos HDMI &#8211; 3<\/li>\n<li>PC (D-Sub) &#8211; No<\/li>\n<li>Versi\u00f3n HDMI &#8211; 2.1<\/li>\n<li>Ethernet LAN (RJ-45) cantidad de puertos &#8211; 1<\/li>\n<li>Salidas para auriculares &#8211; 1<\/li>\n<li>Audio digital, salida optica &#8211; 1<\/li>\n<li>Cambio r\u00e1pido entre entradas HDMI &#8211; S\u00ed<\/li>\n<li>Interfaz com\u00fan Plus (CI+) &#8211; S\u00ed<\/li>\n<li>Entrada de CA &#8211; S\u00ed<\/li>\n<li>Cantidad de puertos tipo A USB 3.0 (3.1 Gen 1) &#8211; 1<\/li>\n<\/ul>\n<p><strong>Peso y dimensiones<\/strong><\/p>\n<ul>\n<li>Ancho del dispositivo (con soporte) &#8211; 1446<\/li>\n<li>Altura del dispositivo (con soporte) &#8211; 883<\/li>\n<li>Profundidad dispositivo (con soporte) &#8211; 355<\/li>\n<li>Ancho (sin base) &#8212; 1446<\/li>\n<li>Altura (sin base) &#8211; 883<\/li>\n<li>Profundidad (sin base) &#8211; 76<\/li>\n<li>Peso (con soporte) &#8211; 14,1<\/li>\n<li>Peso (sin base) &#8211; 13,8<\/li>\n<\/ul>\n<p><strong>Control de energ\u00eda<\/strong><\/p>\n<ul>\n<li>Energy efficiency class (SDR) &#8211; F<\/li>\n<li>Energy efficiency class (HDR) &#8211; F<\/li>\n<li>Energy consumption (SDR) per 1000 hours &#8211; 98<\/li>\n<\/ul>\n<p><strong>Empaquetado<\/strong><\/p>\n<ul>\n<li>Soporte de sobremesa &#8211; S\u00ed<\/li>\n<li>Tipo de embalaje &#8211; Caja<\/li>\n<li>Profundidad del paquete &#8211; 155<\/li>\n<li>Ancho del paquete &#8211; 1641<\/li>\n<li>Altura del paquete &#8211; 990<\/li>\n<li>Peso del paquete &#8211; 19,76<\/li>\n<li>Mando a distancia incluido &#8211; S\u00ed<\/li>\n<li>Cables incluidos &#8211; Corriente alterna<\/li>\n<li>Incluye mando a distancia Smart Remote &#8211; S\u00ed<\/li>\n<li>Incluye barra de sonido &#8211; No<\/li>\n<\/ul>\n<p><strong>Sintonizador de la TV<\/strong><\/p>\n<ul>\n<li>Autobusqueda de canal &#8211; S\u00ed<\/li>\n<li>Formato de se\u00f1al digital &#8211; DVB-C, DVB-S2, DVB-T2<\/li>\n<\/ul>\n<p><strong>Otras caracter\u00edsticas<\/strong><\/p>\n<ul>\n<li>C\u00e1mara incorporada &#8211; No<\/li>\n<\/ul>\n<p><strong>Caracter\u00edsticas de administraci\u00f3n<\/strong><\/p>\n<ul>\n<li>Gu\u00eda electr\u00f3nica de programaci\u00f3n &#8211; S\u00ed<\/li>\n<li>Funciona con el Asistente de Google &#8211; S\u00ed<\/li>\n<li>Apagado autom\u00e1tico &#8211; S\u00ed<\/li>\n<li>Temporizador de apagado &#8211; S\u00ed<\/li>\n<li>Firmware actualizable &#8211; S\u00ed<\/li>\n<li>Firmware actualizable mediante &#8211; Asistente para actualizaci\u00f3n autom\u00e1tica, Red, USB<\/li>\n<\/ul>\n<p><strong>Dise\u00f1o<\/strong><\/p>\n<ul>\n<li>Color del producto &#8211; Negro<\/li>\n<li>montaje VESA &#8211; S\u00ed<\/li>\n<li>Interfaz de panel de montaje &#8211; 200 x 200<\/li>\n<li>Iluminaci\u00f3n ambiental &#8211; No<\/li>\n<li>Introduction year &#8211; 2022<\/li>\n<li>Nombre del color &#8211; Black<\/li>\n<\/ul>\n<p><strong>Desempe\u00f1o<\/strong><\/p>\n<ul>\n<li>Funci\u00f3n de subt\u00edtulos &#8211; S\u00ed<\/li>\n<li>Modo de juego &#8211; S\u00ed<\/li>\n<li>Funciones de teletexto &#8211; S\u00ed<\/li>\n<\/ul>\n<p><strong>Smart TV<\/strong><\/p>\n<ul>\n<li>Aplicaciones de v\u00eddeo &#8211; Amazon Prime Video, Apple TV, Disney+, Google TV, HBO, Netflix, Twitch, Vimeo, YouTube<\/li>\n<li>Grabaci\u00f3n diferida (timeshift) &#8211; No<\/li>\n<li>Aplicaciones de m\u00fasica &#8211; Amazon Music, Deezer, Spotify, Tidal, Tune-In, YouTube Music<\/li>\n<li>Aplicaciones de estilo de vida &#8211; Google Apps<\/li>\n<li>Interacci\u00f3n de voz de campo lejano &#8211; S\u00ed<\/li>\n<li>Plataforma de distribuciones de aplicaciones &#8211; Google Play<\/li>\n<li>TV por Internet &#8211; S\u00ed<\/li>\n<li>Smart TV &#8211; S\u00ed<\/li>\n<li>Sistema operativo instalado &#8211; Google TV<\/li>\n<\/ul>\n<p><strong>Conexi\u00f3n<\/strong><\/p>\n<ul>\n<li>Bluetooth &#8211; S\u00ed<\/li>\n<li>Wifi &#8211; S\u00ed<\/li>\n<li>Ethernet &#8211; S\u00ed<\/li>\n<li>Wi-Fi est\u00e1ndares &#8211; 802.11b, 802.11g, Wi-Fi 4 (802.11n), Wi-Fi 5 (802.11ac), Wi-Fi 6E (802.11ax)<\/li>\n<li>Versi\u00f3n de Bluetooth &#8211; 5.2<\/li>\n<li>Navegador web &#8211; S\u00ed<\/li>\n<li>Wi-Fi Direct &#8211; S\u00ed<\/li>\n<li>Miracast &#8211; S\u00ed<\/li>\n<li>Navegaci\u00f3n &#8211; S\u00ed<\/li>\n<\/ul>\n<\/div>\n","protected":false},"excerpt":{"rendered":"<p><a href=\"https:\/\/desdropi.com\/elparque\/wp-content\/uploads\/15834.pdf\" target=\"_blank\" rel=\"noopener\"><img decoding=\"async\" class=\"alignnone wp-image-205373 size-full\" src=\"https:\/\/desdropi.com\/elparque\/wp-content\/uploads\/eficiencia-F.png\" alt=\"\" width=\"56\" height=\"33\" \/><\/a><\/p>\n<p><a style=\"text-decoration: underline;\" href=\"https:\/\/desdropi.com\/elparque\/wp-content\/uploads\/15834.2.pdf\" target=\"_blank\" rel=\"noopener\">Ficha de informaci\u00f3n de producto<\/a><\/p>\n","protected":false},"featured_media":175681,"comment_status":"open","ping_status":"closed","template":"","meta":{"_joinchat":[]},"product_cat":[6464,7069,795],"product_tag":[],"class_list":{"0":"post-159598","1":"product","2":"type-product","3":"status-publish","4":"has-post-thumbnail","6":"product_cat-televisores-electronica","7":"product_cat-tv-60-79","8":"product_cat-electronica","9":"pa_marca-tcl","11":"first","12":"instock","13":"taxable","14":"shipping-taxable","15":"purchasable","16":"product-type-simple"},"_links":{"self":[{"href":"https:\/\/desdropi.com\/elparque\/wp-json\/wp\/v2\/product\/159598"}],"collection":[{"href":"https:\/\/desdropi.com\/elparque\/wp-json\/wp\/v2\/product"}],"about":[{"href":"https:\/\/desdropi.com\/elparque\/wp-json\/wp\/v2\/types\/product"}],"replies":[{"embeddable":true,"href":"https:\/\/desdropi.com\/elparque\/wp-json\/wp\/v2\/comments?post=159598"}],"version-history":[{"count":0,"href":"https:\/\/desdropi.com\/elparque\/wp-json\/wp\/v2\/product\/159598\/revisions"}],"wp:featuredmedia":[{"embeddable":true,"href":"https:\/\/desdropi.com\/elparque\/wp-json\/wp\/v2\/media\/175681"}],"wp:attachment":[{"href":"https:\/\/desdropi.com\/elparque\/wp-json\/wp\/v2\/media?parent=159598"}],"wp:term":[{"taxonomy":"product_cat","embeddable":true,"href":"https:\/\/desdropi.com\/elparque\/wp-json\/wp\/v2\/product_cat?post=159598"},{"taxonomy":"product_tag","embeddable":true,"href":"https:\/\/desdropi.com\/elparque\/wp-json\/wp\/v2\/product_tag?post=159598"}],"curies":[{"name":"wp","href":"https:\/\/api.w.org\/{rel}","templated":true}]}}