{"id":159769,"date":"2022-12-30T10:25:19","date_gmt":"2022-12-30T08:25:19","guid":{"rendered":"https:\/\/desdropi.com\/elparque\/consola-nintendo-switch-oled-blanca\/"},"modified":"2024-05-17T13:00:00","modified_gmt":"2024-05-17T11:00:00","slug":"consola-nintendo-switch-oled-blanca","status":"publish","type":"product","link":"https:\/\/desdropi.com\/elparque\/consola-nintendo-switch-oled-blanca\/","title":{"rendered":"Consola Nintendo Switch Oled Blanca"},"content":{"rendered":"<div class=\"descripcion-tab\">\n<ul>\n<li>La videoconsola Nintendo Switch Azul Neon\/Rojo Neon es un dispositivo de entretenimiento de alta calidad que ofrece una experiencia de juego \u00fanica. Con su dise\u00f1o innovador, la consola es <strong>f\u00e1cil de llevar contigo<\/strong> dondequiera que vayas, lo que la hace ideal para jugar en casa o en movimiento.<\/li>\n<li>La Nintendo Switch Azul Neon\/Rojo Neon cuenta con una pantalla t\u00e1ctil de alta definici\u00f3n de 6.2 pulgadas, que ofrece im\u00e1genes claras y n\u00edtidas para una experiencia de juego envolvente. La consola tambi\u00e9n cuenta con un<strong> procesador potente y una bater\u00eda de larga duraci\u00f3n<\/strong> para que puedas jugar durante horas sin interrupciones.<\/li>\n<\/ul>\n<p><strong>Exhibici\u00f3n<\/strong><\/p>\n<ul>\n<li>Pantalla &#8211; OLED<\/li>\n<li>Diagonal de la pantalla &#8211; 17,8<\/li>\n<li>Pantalla t\u00e1ctil &#8211; S\u00ed<\/li>\n<li>Resoluci\u00f3n de la pantalla &#8211; 1280 x 720<\/li>\n<li>Tecnolog\u00eda t\u00e1ctil &#8211; Multi-touch<\/li>\n<li>Tipo de pantalla t\u00e1ctil &#8211; Capacitiva<\/li>\n<\/ul>\n<p><strong>Puertos e Interfaces<\/strong><\/p>\n<ul>\n<li>Conector USB &#8211; USB Tipo C<\/li>\n<li>Auriculares &#8211; 3,5 mm<\/li>\n<li>Combo de salida de auriculares \/ micr\u00f3fono del puerto &#8211; S\u00ed<\/li>\n<li>HDMI &#8211; S\u00ed<\/li>\n<li>Puerto USB &#8211; S\u00ed<\/li>\n<\/ul>\n<p><strong>Peso y dimensiones<\/strong><\/p>\n<ul>\n<li>Profundidad &#8211; 13,9<\/li>\n<li>Altura &#8211; 102<\/li>\n<li>Peso &#8211; 320<\/li>\n<li>Ancho &#8211; 242<\/li>\n<\/ul>\n<p><strong>Control de energ\u00eda<\/strong><\/p>\n<ul>\n<li>Tecnolog\u00eda de bater\u00eda &#8211; I\u00f3n de litio<\/li>\n<li>Capacidad de bater\u00eda &#8211; 4310<\/li>\n<li>Autonom\u00eda &#8211; 9<\/li>\n<li>Tiempo de carga &#8211; 3<\/li>\n<\/ul>\n<p><strong>Condiciones ambientales<\/strong><\/p>\n<ul>\n<li>Intervalo de temperatura operativa &#8211; 5 &#8211; 35<\/li>\n<li>Intervalo de humedad relativa para funcionamiento &#8211; 20 &#8211; 80<\/li>\n<\/ul>\n<p><strong>Medios de almacenaje<\/strong><\/p>\n<ul>\n<li>Capacidad de memoria interna &#8211; 64<\/li>\n<li>Tarjeta de lectura integrada &#8211; S\u00ed<\/li>\n<li>Tarjetas de memoria compatibles &#8211; MicroSD (TransFlash), MicroSDHC, MicroSDXC<\/li>\n<li>Tama\u00f1o m\u00e1ximo de tarjeta de memoria &#8211; 2000<\/li>\n<li>Capacidad de almacenamiento interno &#8211; 64 GB<\/li>\n<\/ul>\n<p><strong>Contenido del embalaje<\/strong><\/p>\n<ul>\n<li>Juego de video incluido &#8211; No<\/li>\n<li>Cargador de baterias &#8211; S\u00ed<\/li>\n<li>Manual de usuario &#8211; S\u00ed<\/li>\n<\/ul>\n<p><strong>Dise\u00f1o<\/strong><\/p>\n<ul>\n<li>Control de volumen &#8211; Botones<\/li>\n<li>Color del producto &#8211; Blanco<\/li>\n<li>Tecnolog\u00eda de control para juegos &#8211; Anal\u00f3gico\/Digital<\/li>\n<li>Juegos de llaves de control de funci\u00f3n &#8211; Bot\u00f3n de inicio, Bot\u00f3n de encendido<\/li>\n<li>Joystick anal\u00f3gico &#8211; S\u00ed<\/li>\n<\/ul>\n<p><strong>Desempe\u00f1o<\/strong><\/p>\n<ul>\n<li>Giroscopio &#8211; S\u00ed<\/li>\n<li>Sensor de luz ambiental &#8211; S\u00ed<\/li>\n<li>Aceler\u00f3metro &#8211; S\u00ed<\/li>\n<li>Plataforma &#8211; Nintendo Switch<\/li>\n<li>Modelo del procesador &#8211; NVIDIA Tegra X1<\/li>\n<\/ul>\n<p><strong>Multimedia<\/strong><\/p>\n<ul>\n<li>N\u00famero de altavoces incorporados &#8211; 2<\/li>\n<li>C\u00e1mara incorporada &#8211; No<\/li>\n<\/ul>\n<p><strong>Conexi\u00f3n<\/strong><\/p>\n<ul>\n<li>Wifi &#8211; S\u00ed<\/li>\n<li>Bluetooth &#8211; S\u00ed<\/li>\n<li>Wi-Fi est\u00e1ndares &#8211; 802.11a,802.11b,802.11g,Wi-Fi 4 (802.11n),Wi-Fi 5 (802.11ac)<\/li>\n<li>Versi\u00f3n de Bluetooth &#8211; 4.1<\/li>\n<\/ul>\n<\/div>\n","protected":false},"excerpt":{"rendered":"<p>La videoconsola Nintendo Switch Azul Neon\/Rojo Neon es un dispositivo de entretenimiento de alta calidad que ofrece una experiencia de<\/p>\n","protected":false},"featured_media":159771,"comment_status":"closed","ping_status":"closed","template":"","meta":{"_joinchat":[]},"product_cat":[6544,6536,6545],"product_tag":[],"class_list":{"0":"post-159769","1":"product","2":"type-product","3":"status-publish","4":"has-post-thumbnail","6":"product_cat-consolas-informatica-y-gaming","7":"product_cat-informatica-y-ocio","8":"product_cat-videoconsolas","10":"first","11":"instock","12":"taxable","13":"shipping-taxable","14":"purchasable","15":"product-type-simple"},"_links":{"self":[{"href":"https:\/\/desdropi.com\/elparque\/wp-json\/wp\/v2\/product\/159769"}],"collection":[{"href":"https:\/\/desdropi.com\/elparque\/wp-json\/wp\/v2\/product"}],"about":[{"href":"https:\/\/desdropi.com\/elparque\/wp-json\/wp\/v2\/types\/product"}],"replies":[{"embeddable":true,"href":"https:\/\/desdropi.com\/elparque\/wp-json\/wp\/v2\/comments?post=159769"}],"version-history":[{"count":0,"href":"https:\/\/desdropi.com\/elparque\/wp-json\/wp\/v2\/product\/159769\/revisions"}],"wp:featuredmedia":[{"embeddable":true,"href":"https:\/\/desdropi.com\/elparque\/wp-json\/wp\/v2\/media\/159771"}],"wp:attachment":[{"href":"https:\/\/desdropi.com\/elparque\/wp-json\/wp\/v2\/media?parent=159769"}],"wp:term":[{"taxonomy":"product_cat","embeddable":true,"href":"https:\/\/desdropi.com\/elparque\/wp-json\/wp\/v2\/product_cat?post=159769"},{"taxonomy":"product_tag","embeddable":true,"href":"https:\/\/desdropi.com\/elparque\/wp-json\/wp\/v2\/product_tag?post=159769"}],"curies":[{"name":"wp","href":"https:\/\/api.w.org\/{rel}","templated":true}]}}