{"id":159887,"date":"2022-12-30T11:26:14","date_gmt":"2022-12-30T09:26:14","guid":{"rendered":"https:\/\/desdropi.com\/elparque\/juego-nintendo-switch-minecraft\/"},"modified":"2024-05-17T13:00:04","modified_gmt":"2024-05-17T11:00:04","slug":"juego-nintendo-switch-minecraft","status":"publish","type":"product","link":"https:\/\/desdropi.com\/elparque\/juego-nintendo-switch-minecraft\/","title":{"rendered":"Juego Nintendo Switch Minecraft"},"content":{"rendered":"<div class=\"descripcion-tab\">\n<strong>Requisitos del sistema:<\/strong><\/p>\n<ul>\n<li>Controlador requerido: Nintendo Switch Pro<\/li>\n<\/ul>\n<p><strong>Caracter\u00edsticas:<\/strong><\/p>\n<ul>\n<li>Juego de edici\u00f3n: Est\u00e1ndar<\/li>\n<li>Plataforma: Nintendo Switch<\/li>\n<li>G\u00e9nero del juego: Acci\u00f3n, Plataforma<\/li>\n<li>Rango ESRB: E10+ (Everyone 10+)<\/li>\n<li>Versi\u00f3n de idioma: Pluriling\u00fce<\/li>\n<li>Idioma de la voz en off: Chino simplificado, Alem\u00e1n, Holand\u00e9s, Ingl\u00e9s, Espa\u00f1ol, Franc\u00e9s, Italiano, Japon\u00e9s, Coreano<\/li>\n<li>Subt\u00edtulos Idioma: Holand\u00e9s, Ingl\u00e9s, Espa\u00f1ol, Chino simplificado, Franc\u00e9s, Italiano, Japon\u00e9s, Coreano, Alem\u00e1n<\/li>\n<li>Fecha de lanzamiento: 25\/03\/2022<\/li>\n<li>Desarrollador: HAL Laboratory<\/li>\n<li>Serie del juego: Kirby<\/li>\n<li>Clasificaci\u00f3n PEGI: 7<\/li>\n<li>N\u00famero m\u00ednimo de jugadores desconectados: 1<\/li>\n<li>N\u00famero m\u00e1ximo de jugadores desconectados: 2<\/li>\n<li>Modo multijugador: S\u00ed<\/li>\n<li>Tipo de modo multijugador: Fuera de l\u00ednea, En l\u00ednea<\/li>\n<li>Editor: Nintendo<\/li>\n<li>Descriptores de contenido PEGI: Miedo, Violencia<\/li>\n<li>Modos de Nintendo Switch compatibles: Handheld mode, TV mode, Tabletop mode<\/li>\n<li>Descriptor de contenido ESRB: Violencia de caricatura<\/li>\n<li>N\u00famero m\u00ednimo de jugadores conectados: 2<\/li>\n<li>N\u00famero m\u00e1ximo de jugadores conectados: 2<\/li>\n<\/ul>\n<\/div>\n","protected":false},"excerpt":{"rendered":"<p>Requisitos del sistema: Controlador requerido: Nintendo Switch Pro Caracter\u00edsticas: Juego de edici\u00f3n: Est\u00e1ndar Plataforma: Nintendo Switch G\u00e9nero del juego: Acci\u00f3n,<\/p>\n","protected":false},"featured_media":159889,"comment_status":"closed","ping_status":"closed","template":"","meta":{"_joinchat":[]},"product_cat":[6544,6536,6971],"product_tag":[],"class_list":{"0":"post-159887","1":"product","2":"type-product","3":"status-publish","4":"has-post-thumbnail","6":"product_cat-consolas-informatica-y-gaming","7":"product_cat-informatica-y-ocio","8":"product_cat-videojuegos","10":"first","11":"instock","12":"taxable","13":"shipping-taxable","14":"purchasable","15":"product-type-simple"},"_links":{"self":[{"href":"https:\/\/desdropi.com\/elparque\/wp-json\/wp\/v2\/product\/159887"}],"collection":[{"href":"https:\/\/desdropi.com\/elparque\/wp-json\/wp\/v2\/product"}],"about":[{"href":"https:\/\/desdropi.com\/elparque\/wp-json\/wp\/v2\/types\/product"}],"replies":[{"embeddable":true,"href":"https:\/\/desdropi.com\/elparque\/wp-json\/wp\/v2\/comments?post=159887"}],"version-history":[{"count":0,"href":"https:\/\/desdropi.com\/elparque\/wp-json\/wp\/v2\/product\/159887\/revisions"}],"wp:featuredmedia":[{"embeddable":true,"href":"https:\/\/desdropi.com\/elparque\/wp-json\/wp\/v2\/media\/159889"}],"wp:attachment":[{"href":"https:\/\/desdropi.com\/elparque\/wp-json\/wp\/v2\/media?parent=159887"}],"wp:term":[{"taxonomy":"product_cat","embeddable":true,"href":"https:\/\/desdropi.com\/elparque\/wp-json\/wp\/v2\/product_cat?post=159887"},{"taxonomy":"product_tag","embeddable":true,"href":"https:\/\/desdropi.com\/elparque\/wp-json\/wp\/v2\/product_tag?post=159887"}],"curies":[{"name":"wp","href":"https:\/\/api.w.org\/{rel}","templated":true}]}}