{"id":162929,"date":"2023-01-16T09:34:53","date_gmt":"2023-01-16T08:34:53","guid":{"rendered":"https:\/\/desdropi.com\/elparque\/?post_type=product&#038;p=162929"},"modified":"2024-05-17T13:00:05","modified_gmt":"2024-05-17T11:00:05","slug":"princess-182021","status":"publish","type":"product","link":"https:\/\/desdropi.com\/elparque\/princess-182021\/","title":{"rendered":"Freidora Aire Princess 182021 3,2L 1400W Negra"},"content":{"rendered":"<h4>FREIDORA AIRE PRINCESS 182021 3,2L 1400W NEGRA<\/h4>\n<p>La freidora de aire Princess 182021 es un electrodom\u00e9stico de cocina que utiliza la tecnolog\u00eda de aire caliente para cocinar alimentos con una m\u00ednima cantidad de aceite, lo que hace que los alimentos sean m\u00e1s saludables y con menos grasas saturadas. Con una capacidad de<strong> 3,2 litros<\/strong>, es capaz de cocinar una gran cantidad de alimentos, incluyendo patatas fritas, pollo, pescado y verduras.<\/p>\n<p>Esta freidora de aire cuenta con una potencia de<strong> 1400W<\/strong>, lo que le permite alcanzar r\u00e1pidamente la temperatura deseada para cocinar los alimentos de manera uniforme y eficiente. Adem\u00e1s, su dise\u00f1o en color negro es elegante y moderno, por lo que se ver\u00e1 bien en cualquier cocina.<\/p>\n<p>La freidora de aire Princess 182021 es <strong>f\u00e1cil de usar<\/strong>, con controles simples y una pantalla digital que muestra el tiempo y la temperatura de cocci\u00f3n. Tambi\u00e9n es f\u00e1cil de limpiar, ya que cuenta con una cesta de alimentos y una bandeja de goteo que se pueden retirar y limpiar en el lavavajillas.<\/p>\n<h4>Peso y dimensiones<\/h4>\n<p>Peso \u2192 4,7<\/p>\n<p>Ancho del paquete \u2192 318<\/p>\n<p>Profundidad del paquete \u2192 318<\/p>\n<p>Altura del paquete \u2192 380<\/p>\n<p>Peso del paquete \u2192 6,1<\/p>\n<h4>Control de energ\u00eda<\/h4>\n<p>Protecci\u00f3n contra sobrecalentamiento \u2192 S\u00ed<\/p>\n<p>Potencia \u2192 1400<\/p>\n<p>Voltaje de entrada AC \u2192 220-240<\/p>\n<h4>Indicaci\u00f3n<\/h4>\n<p>LED de energ\u00eda \u2192 S\u00ed<\/p>\n<p>Pantalla incorporada \u2192 S\u00ed<\/p>\n<p>Luz de indicaci\u00f3n \u2192 S\u00ed<\/p>\n<p>Tipo de visualizador \u2192 LED<\/p>\n<h4>Contenido del embalaje<\/h4>\n<p>Manual de usuario \u2192 S\u00ed<\/p>\n<p>Rejilla para parrilla \u2192 S\u00ed<\/p>\n<h4>Dise\u00f1o<\/h4>\n<p>Tipo de construcci\u00f3n \u2192 Sencillo<\/p>\n<p>Appliance placement \u2192 Independiente<\/p>\n<p>Color del producto \u2192 Negro<\/p>\n<p>Tipo de control \u2192 Tocar<\/p>\n<p>Mango fr\u00edo al tacto \u2192 S\u00ed<\/p>\n<p>Capa antiadherente \u2192 S\u00ed<\/p>\n<p>Agarradera(s) \u2192 S\u00ed<\/p>\n<p>Taz\u00f3n extraible \u2192 S\u00ed<\/p>\n<h4>Desempe\u00f1o<\/h4>\n<p>Tipo de producto \u2192 Freidora de aire caliente<\/p>\n<p>Capacidad (Litros) \u2192 3,2<\/p>\n<p>Temperatura (min) \u2192 80<\/p>\n<p>Temperatura (m\u00e1x) \u2192 200<\/p>\n<p>Ajustes de termostato \u2192 S\u00ed<\/p>\n<p>Temporizador digital \u2192 S\u00ed<\/p>\n<p>La duraci\u00f3n del temporizador \u2192 60<\/p>\n<p>Tecnolog\u00eda de fritura baja en grasas \u2192 Rapid Air<\/p>\n<p>Funci\u00f3n de fondue \u2192 No<\/p>\n","protected":false},"excerpt":{"rendered":"<p>FREIDORA AIRE PRINCESS 182021 3,2L 1400W NEGRA La freidora de aire Princess 182021 es un electrodom\u00e9stico de cocina que utiliza<\/p>\n","protected":false},"featured_media":162934,"comment_status":"open","ping_status":"closed","template":"","meta":{"_joinchat":[]},"product_cat":[825,6436,831,844],"product_tag":[],"class_list":{"0":"post-162929","1":"product","2":"type-product","3":"status-publish","4":"has-post-thumbnail","6":"product_cat-pequeno-electrodomestico","7":"product_cat-freidoras-de-aire-freidoras","8":"product_cat-accesorios-de-cocina","9":"product_cat-freidoras","10":"pa_marca-princess","12":"first","13":"instock","14":"taxable","15":"shipping-taxable","16":"purchasable","17":"product-type-simple"},"_links":{"self":[{"href":"https:\/\/desdropi.com\/elparque\/wp-json\/wp\/v2\/product\/162929"}],"collection":[{"href":"https:\/\/desdropi.com\/elparque\/wp-json\/wp\/v2\/product"}],"about":[{"href":"https:\/\/desdropi.com\/elparque\/wp-json\/wp\/v2\/types\/product"}],"replies":[{"embeddable":true,"href":"https:\/\/desdropi.com\/elparque\/wp-json\/wp\/v2\/comments?post=162929"}],"version-history":[{"count":0,"href":"https:\/\/desdropi.com\/elparque\/wp-json\/wp\/v2\/product\/162929\/revisions"}],"wp:featuredmedia":[{"embeddable":true,"href":"https:\/\/desdropi.com\/elparque\/wp-json\/wp\/v2\/media\/162934"}],"wp:attachment":[{"href":"https:\/\/desdropi.com\/elparque\/wp-json\/wp\/v2\/media?parent=162929"}],"wp:term":[{"taxonomy":"product_cat","embeddable":true,"href":"https:\/\/desdropi.com\/elparque\/wp-json\/wp\/v2\/product_cat?post=162929"},{"taxonomy":"product_tag","embeddable":true,"href":"https:\/\/desdropi.com\/elparque\/wp-json\/wp\/v2\/product_tag?post=162929"}],"curies":[{"name":"wp","href":"https:\/\/api.w.org\/{rel}","templated":true}]}}