{"id":167300,"date":"2023-02-06T17:35:29","date_gmt":"2023-02-06T16:35:29","guid":{"rendered":"https:\/\/desdropi.com\/elparque\/?post_type=product&#038;p=167300"},"modified":"2024-05-17T13:00:10","modified_gmt":"2024-05-17T11:00:10","slug":"auriculares-apple-airpods-3-2022-blancos-257030","status":"publish","type":"product","link":"https:\/\/desdropi.com\/elparque\/auriculares-apple-airpods-3-2022-blancos-257030\/","title":{"rendered":"Auriculares Apple Airpods 3 2022 Blancos 257030"},"content":{"rendered":"<div class=\"descripcion-tab\">\n<p><strong>Nuevo dise\u00f1o<\/strong><\/p>\n<ul>\n<li>Los AirPods no pesan nada y ofrecen un ajuste anat\u00f3mico. Se colocan en el \u00e1ngulo perfecto para darte un mayor confort y llevar el sonido directamente a tus o\u00eddos. Adem\u00e1s, son un 33 % m\u00e1s cortos que los AirPods (2.\u00aa generaci\u00f3n) e incluyen un sensor de presi\u00f3n que te permite controlar la m\u00fasica y las llamadas f\u00e1cilmente.<\/li>\n<li>Audio espacial personalizado con seguimiento din\u00e1mico de la cabeza<\/li>\n<li>El sonido te rodea con un efecto envolvente. Sum\u00e9rgete en una experiencia tridimensional cada vez que escuchas m\u00fasica o ves una pel\u00edcula o una serie. Los giroscopios y los aceler\u00f3metros de los AirPods siguen los movimientos de tu cabeza y tendr\u00e1s la sensaci\u00f3n de estar en medio del escenario.<\/li>\n<\/ul>\n<p><strong>Ecualizaci\u00f3n adaptativa<\/strong><\/p>\n<ul>\n<li>La m\u00fasica se adapta autom\u00e1ticamente a la forma de tu o\u00eddo. Los micr\u00f3fonos orientados hacia dentro detectan lo que est\u00e1s escuchando y regulan las frecuencias bajas y medias para que distingas cada nota con nitidez.<\/li>\n<\/ul>\n<p><strong>Mayor duraci\u00f3n de la bater\u00eda<\/strong><\/p>\n<ul>\n<li>Como los AirPods (3.\u00aa generaci\u00f3n) tienen una hora m\u00e1s de autonom\u00eda que los AirPods (2.\u00aa generaci\u00f3n), podr\u00e1s disfrutar de hasta 6 horas de reproducci\u00f3n de audio\u00b2 y hasta 4 horas de conversaci\u00f3n.\u2075 Con una carga de 5 minutos tendr\u00e1s alrededor de una hora de reproducci\u00f3n de audio\u2076 o de conversaci\u00f3n.\u2077 Y con el estuche de carga Lightning, puedes disfrutar de hasta 30 horas de reproducci\u00f3n de audio.<\/li>\n<\/ul>\n<p><strong>Resistentes al agua y al sudor<\/strong><\/p>\n<ul>\n<li>Los AirPods y el estuche de carga Lightning tienen una calificaci\u00f3n IPX4 de resistencia al agua. Eso significa que podr\u00e1s usarlos bajo la lluvia y en entrenamientos intensos.<\/li>\n<\/ul>\n<p><strong>Magia en todos los sentidos<\/strong><\/p>\n<ul>\n<li>Lo \u00fanico que tienes que hacer para usar tus AirPods es sacarlos del estuche. Est\u00e1n dise\u00f1ados para pasar de un dispositivo Apple a otro autom\u00e1ticamente e incorporan un detector que sabe cu\u00e1ndo los llevas puestos y cu\u00e1ndo no. Si activas la opci\u00f3n Anunciar Notificaciones, Siri te las leer\u00e1 en voz alta cuando uses los AirPods. Y con Audio Compartido, puedes enlazar dos pares de AirPods y ver una serie o escuchar una canci\u00f3n con quien t\u00fa quieras.<\/li>\n<\/ul>\n<p><strong>Aspectos destacados<\/strong><\/p>\n<ul>\n<li>Audio espacial personalizado con seguimiento din\u00e1mico de la cabeza para sumergirte en una experiencia sonora tridimensional\u00b9<\/li>\n<li>Sonido de gran calidad con ecualizaci\u00f3n adaptativa<\/li>\n<li>Ajuste anat\u00f3mico<\/li>\n<li>Controles de sensor de presi\u00f3n<\/li>\n<li>Resistentes al agua y al sudor (IPX4)\u00b3<\/li>\n<li>Configuraci\u00f3n sencilla para todos tus dispositivos Apple<\/li>\n<li>El estuche de carga Lightning puede cargarse mediante el conector Lightning<\/li>\n<\/ul>\n<p><strong>Contenido de la caja<\/strong><\/p>\n<ul>\n<li>AirPods<\/li>\n<li>Estuche de carga Lightning<\/li>\n<li>Cable de conector Lightning a USB\u2011C<\/li>\n<li>Documentaci\u00f3n<\/li>\n<\/ul>\n<p><strong>Tecnolog\u00eda de sonido<\/strong><\/p>\n<ul>\n<li>Audio espacial personalizado con seguimiento din\u00e1mico de la cabeza\u00b9<\/li>\n<li>Ecualizaci\u00f3n adaptativa<\/li>\n<li>Transductor a medida de alta excursi\u00f3n de Apple<\/li>\n<li>Amplificador de alto rango din\u00e1mico a medida<\/li>\n<\/ul>\n<p><strong>Sensores<\/strong><\/p>\n<ul>\n<li>Dos micr\u00f3fonos con tecnolog\u00eda beamforming<\/li>\n<li>Sensor de presi\u00f3n<\/li>\n<li>Micr\u00f3fono orientado hacia adentro<\/li>\n<li>Aceler\u00f3metro con detecci\u00f3n de movimiento<\/li>\n<li>Sensores de piel<\/li>\n<li>Aceler\u00f3metro con detecci\u00f3n de voz<\/li>\n<\/ul>\n<p><strong>Chip<\/strong><\/p>\n<ul>\n<li>Chip H1 para auriculares<\/li>\n<\/ul>\n<p><strong>Controles<\/strong><\/p>\n<ul>\n<li>Pulsa una vez para reproducir audio, ponerlo en pausa o responder una llamada<\/li>\n<li>Pulsa dos veces para pasar a la canci\u00f3n siguiente<\/li>\n<li>Pulsa tres veces para volver a la canci\u00f3n anterior<\/li>\n<li>Mant\u00e9n pulsado para activar Siri<\/li>\n<li>Di \u00abOye Siri\u00bb para pedir una canci\u00f3n, hacer una llamada, obtener indicaciones y mucho m\u00e1s<\/li>\n<li>Resistencia al sudor y al agua.<\/li>\n<\/ul>\n<p><strong>Dimensiones y peso<\/strong><\/p>\n<ul>\n<li>AirPods (cada uno)<\/li>\n<li>Alto: 3,08 cm<\/li>\n<li>Ancho: 1,83 cm<\/li>\n<li>Grosor: 1,93 cm<\/li>\n<li>Peso: 4,28 g<\/li>\n<li>Estuche de carga Lightning<\/li>\n<li>Alto: 4,64 cm<\/li>\n<li>Ancho: 5,44 cm<\/li>\n<li>Grosor: 2,14 cm<\/li>\n<li>Peso: 37,91 g<\/li>\n<\/ul>\n<p><strong>Estuche de carga<\/strong><\/p>\n<ul>\n<li>Compatible con el conector Lightning.<\/li>\n<\/ul>\n<p><strong>Bater\u00eda<\/strong><\/p>\n<ul>\n<li>AirPods.<\/li>\n<li>Hasta 6 horas de reproducci\u00f3n de audio con una sola carga (hasta 5 horas con la funci\u00f3n de audio espacial personalizado activada).<\/li>\n<li>Hasta 4 horas de conversaci\u00f3n con una sola carga.<\/li>\n<li>AirPods con estuche de carga Lightning.<\/li>\n<li>Hasta 30 horas de reproducci\u00f3n de audio.<\/li>\n<li>Hasta 20 horas de conversaci\u00f3n.<\/li>\n<li>5 minutos en el estuche te dan en torno a 1 hora de reproducci\u00f3n de audio\u2076 o 1 hora de conversaci\u00f3n.<\/li>\n<\/ul>\n<p><strong>Conexiones<\/strong><\/p>\n<ul>\n<li>Bluetooth 5.0<\/li>\n<\/ul>\n<p><strong>Accesibilidad<\/strong><\/p>\n<ul>\n<li>Las prestaciones de accesibilidad de los AirPods ayudan a las personas con discapacidad a sacarles el m\u00e1ximo partido. Prestaciones incluidas:<\/li>\n<li>Escucha en Directo para audio<\/li>\n<li>Nivel de los Auriculares<\/li>\n<li>Ajustes para Auriculares<\/li>\n<\/ul>\n<p><strong>Requisitos del sistema<\/strong><\/p>\n<ul>\n<li>Modelos de iPhone y iPod touch con la \u00faltima versi\u00f3n de iOS.<\/li>\n<li>Modelos de iPad con la \u00faltima versi\u00f3n de iPadOS.<\/li>\n<li>Modelos de Apple Watch con la \u00faltima versi\u00f3n de watchOS.<\/li>\n<li>Modelos de Mac con la \u00faltima versi\u00f3n de macOS.<\/li>\n<li>Modelos de Apple TV con la \u00faltima versi\u00f3n de tvOS.<\/li>\n<\/ul>\n<\/div>\n","protected":false},"excerpt":{"rendered":"<p>Nuevo dise\u00f1o Los AirPods no pesan nada y ofrecen un ajuste anat\u00f3mico. Se colocan en el \u00e1ngulo perfecto para darte<\/p>\n","protected":false},"featured_media":167301,"comment_status":"open","ping_status":"closed","template":"","meta":{"_joinchat":[]},"product_cat":[795,1022,3383],"product_tag":[],"class_list":{"0":"post-167300","1":"product","2":"type-product","3":"status-publish","4":"has-post-thumbnail","6":"product_cat-electronica","7":"product_cat-sonido","8":"product_cat-auriculares","9":"pa_marca-apple","11":"first","12":"instock","13":"sale","14":"taxable","15":"shipping-taxable","16":"purchasable","17":"product-type-simple"},"_links":{"self":[{"href":"https:\/\/desdropi.com\/elparque\/wp-json\/wp\/v2\/product\/167300"}],"collection":[{"href":"https:\/\/desdropi.com\/elparque\/wp-json\/wp\/v2\/product"}],"about":[{"href":"https:\/\/desdropi.com\/elparque\/wp-json\/wp\/v2\/types\/product"}],"replies":[{"embeddable":true,"href":"https:\/\/desdropi.com\/elparque\/wp-json\/wp\/v2\/comments?post=167300"}],"version-history":[{"count":0,"href":"https:\/\/desdropi.com\/elparque\/wp-json\/wp\/v2\/product\/167300\/revisions"}],"wp:featuredmedia":[{"embeddable":true,"href":"https:\/\/desdropi.com\/elparque\/wp-json\/wp\/v2\/media\/167301"}],"wp:attachment":[{"href":"https:\/\/desdropi.com\/elparque\/wp-json\/wp\/v2\/media?parent=167300"}],"wp:term":[{"taxonomy":"product_cat","embeddable":true,"href":"https:\/\/desdropi.com\/elparque\/wp-json\/wp\/v2\/product_cat?post=167300"},{"taxonomy":"product_tag","embeddable":true,"href":"https:\/\/desdropi.com\/elparque\/wp-json\/wp\/v2\/product_tag?post=167300"}],"curies":[{"name":"wp","href":"https:\/\/api.w.org\/{rel}","templated":true}]}}