{"id":167611,"date":"2023-02-07T20:47:41","date_gmt":"2023-02-07T19:47:41","guid":{"rendered":"https:\/\/desdropi.com\/elparque\/?post_type=product&#038;p=167611"},"modified":"2024-05-17T13:00:12","modified_gmt":"2024-05-17T11:00:12","slug":"afeita-braun-61b1200s","status":"publish","type":"product","link":"https:\/\/desdropi.com\/elparque\/afeita-braun-61b1200s\/","title":{"rendered":"Afeita. Braun 61B1200S"},"content":{"rendered":"<div class=\"descripcion-tab\"><strong>Control de energ\u00eda<\/strong><\/p>\n<ul>\n<li>Fuente de energ\u00eda \u2192 Bater\u00eda<\/li>\n<li>Recargable \u2192 S\u00ed<\/li>\n<li>Tecnolog\u00eda de bater\u00eda \u2192 I\u00f3n de litio<\/li>\n<li>Tipo de bater\u00eda \u2192 Bater\u00eda integrada<\/li>\n<li>Autonom\u00eda (Minutos) \u2192 50<\/li>\n<li>Tiempo de carga \u2192 1<\/li>\n<li>Carga r\u00e1pida \u2192 S\u00ed<\/li>\n<li>Tiempo de carga r\u00e1pida \u2192 5<\/li>\n<li>Voltaje de entrada AC \u2192 100\/240<\/li>\n<li>Tiempo de recarga de la bater\u00eda \u2192 1<\/li>\n<li>Bater\u00eda \u2192 S\u00ed<\/li>\n<li>N\u00famero de bater\u00edas soportadas \u2192 1<\/li>\n<li>Voltaje de la pila \u2192 3,6<\/li>\n<\/ul>\n<p><strong>Estuche de viaje<\/strong><\/p>\n<ul>\n<li>Estuche de viaje \u2192 S\u00ed<\/li>\n<\/ul>\n<p><strong>Empaquetado<\/strong><\/p>\n<ul>\n<li>Tipo de embalaje \u2192 Caja<\/li>\n<\/ul>\n<p><strong>Indicaci\u00f3n<\/strong><\/p>\n<ul>\n<li>Indicaci\u00f3n de bater\u00eda baja \u2192 S\u00ed<\/li>\n<li>Indicador de nivel de bater\u00eda \u2192 S\u00ed<\/li>\n<li>Indicador de carga \u2192 S\u00ed<\/li>\n<\/ul>\n<p><strong>Contenido del embalaje<\/strong><\/p>\n<ul>\n<li>Estaci\u00f3n base \u2192 S\u00ed<\/li>\n<li>Cargador \u2192 S\u00ed<\/li>\n<li>Manual de usuario \u2192 S\u00ed<\/li>\n<\/ul>\n<p><strong>Otras caracter\u00edsticas<\/strong><\/p>\n<ul>\n<li>Caracter\u00edstica(s) de mango \u2192 Agarre suave<\/li>\n<\/ul>\n<p><strong>Dise\u00f1o<\/strong><\/p>\n<ul>\n<li>Color del producto \u2192 Negro, Azul<\/li>\n<li>Interruptor electr\u00f3nico de encendido\/apagado \u2192 S\u00ed<\/li>\n<li>Mangos de goma \u2192 S\u00ed<\/li>\n<li>Lavable \u2192 S\u00ed<\/li>\n<li>A prueba de agua \u2192 S\u00ed<\/li>\n<li>Indicadores LED \u2192 Carga, Poder<\/li>\n<\/ul>\n<p><strong>Desempe\u00f1o<\/strong><\/p>\n<ul>\n<li>Sistema de afeitado \u2192 M\u00e1quina de afeitar de l\u00e1minas<\/li>\n<li>Recortadora \u2192 S\u00ed<\/li>\n<li>N\u00famero de m\u00e1quina de afeitar cabezas \/ cuchillas \u2192 3<\/li>\n<li>Material de la cuchilla \u2192 Acero inoxidable<\/li>\n<li>Tipo de control \u2192 Botones<\/li>\n<li>Recortador de precisi\u00f3n \u2192 S\u00ed<\/li>\n<li>Unidad de afeitado pivotantes \u2192 S\u00ed<\/li>\n<li>Mojado y seco \u2192 S\u00ed<\/li>\n<\/ul>\n<\/div>\n","protected":false},"excerpt":{"rendered":"<p>Control de energ\u00eda Fuente de energ\u00eda \u2192 Bater\u00eda Recargable \u2192 S\u00ed Tecnolog\u00eda de bater\u00eda \u2192 I\u00f3n de litio Tipo de<\/p>\n","protected":false},"featured_media":167612,"comment_status":"open","ping_status":"closed","template":"","meta":{"_joinchat":[]},"product_cat":[6874,6510,825,6097],"product_tag":[],"class_list":{"0":"post-167611","1":"product","2":"type-product","3":"status-publish","4":"has-post-thumbnail","6":"product_cat-afeitadoras-vello-y-pelo","7":"product_cat-vello-y-pelo","8":"product_cat-pequeno-electrodomestico","9":"product_cat-cuidado-personal","11":"first","12":"instock","13":"taxable","14":"shipping-taxable","15":"purchasable","16":"product-type-simple"},"_links":{"self":[{"href":"https:\/\/desdropi.com\/elparque\/wp-json\/wp\/v2\/product\/167611"}],"collection":[{"href":"https:\/\/desdropi.com\/elparque\/wp-json\/wp\/v2\/product"}],"about":[{"href":"https:\/\/desdropi.com\/elparque\/wp-json\/wp\/v2\/types\/product"}],"replies":[{"embeddable":true,"href":"https:\/\/desdropi.com\/elparque\/wp-json\/wp\/v2\/comments?post=167611"}],"version-history":[{"count":0,"href":"https:\/\/desdropi.com\/elparque\/wp-json\/wp\/v2\/product\/167611\/revisions"}],"wp:featuredmedia":[{"embeddable":true,"href":"https:\/\/desdropi.com\/elparque\/wp-json\/wp\/v2\/media\/167612"}],"wp:attachment":[{"href":"https:\/\/desdropi.com\/elparque\/wp-json\/wp\/v2\/media?parent=167611"}],"wp:term":[{"taxonomy":"product_cat","embeddable":true,"href":"https:\/\/desdropi.com\/elparque\/wp-json\/wp\/v2\/product_cat?post=167611"},{"taxonomy":"product_tag","embeddable":true,"href":"https:\/\/desdropi.com\/elparque\/wp-json\/wp\/v2\/product_tag?post=167611"}],"curies":[{"name":"wp","href":"https:\/\/api.w.org\/{rel}","templated":true}]}}