{"id":168062,"date":"2023-02-09T11:20:05","date_gmt":"2023-02-09T10:20:05","guid":{"rendered":"https:\/\/desdropi.com\/elparque\/?post_type=product&#038;p=168062"},"modified":"2024-05-17T13:00:13","modified_gmt":"2024-05-17T11:00:13","slug":"smartphone-samsung-s23-8-256-61-black","status":"publish","type":"product","link":"https:\/\/desdropi.com\/elparque\/smartphone-samsung-s23-8-256-61-black\/","title":{"rendered":"Smartphone Samsung S23 8\/256 6,1&#8243; Black"},"content":{"rendered":"<div class=\"descripcion-tab\">\n<p><strong>Procesador<\/strong><\/p>\n<ul>\n<li>Familia de procesador \u2192 Qualcomm Snapdragon 8, Gen 2<\/li>\n<li>N\u00famero de n\u00facleos de procesador \u2192 8<\/li>\n<li>Frecuencia del procesador \u2192 3,36<\/li>\n<\/ul>\n<p><strong>Exhibici\u00f3n<\/strong><\/p>\n<ul>\n<li>Resoluci\u00f3n de la pantalla \u2192 2340 x 1080<\/li>\n<li>Pantalla t\u00e1ctil \u2192 S\u00ed<\/li>\n<li>Forma de la pantalla \u2192 Plana<\/li>\n<li>Tipo de visualizador \u2192 Dynamic AMOLED 2X<\/li>\n<li>M\u00e1xima velocidad de actualizaci\u00f3n \u2192 120<\/li>\n<li>Pantalla con esquinas redondeadas \u2192 S\u00ed<\/li>\n<li>Tama\u00f1o de la pantalla \u2192 6,1&#8243;<\/li>\n<\/ul>\n<p><strong>Puertos e Interfaces<\/strong><\/p>\n<ul>\n<li>Puerto USB \u2192 S\u00ed<\/li>\n<li>Conector USB \u2192 USB Tipo C<\/li>\n<\/ul>\n<p><strong>Peso y dimensiones<\/strong><\/p>\n<ul>\n<li>Altura \u2192 146,3<\/li>\n<li>Ancho \u2192 70,9<\/li>\n<li>Profundidad \u2192 7,6<\/li>\n<li>Peso \u2192 168 Detalles t\u00e9cnicos Medios de almacenaje<\/li>\n<li>RAM interna \u2192 8 GB<\/li>\n<li>Memoria interna \u2192 256 GB Mensajer\u00eda<\/li>\n<li>Servicios de mensajes cortos (SMS) \u2192 S\u00ed<\/li>\n<li>Sistema de mensajer\u00eda multimedia (MMS) \u2192 S\u00ed<\/li>\n<li>Correo electr\u00f3nico \u2192 S\u00ed Navegaci\u00f3n<\/li>\n<li>GPS \u2192 S\u00ed<\/li>\n<li>GPS (sat\u00e9lite) \u2192 S\u00ed Software<\/li>\n<li>Plataforma \u2192 Android<\/li>\n<li>Sistema operativo instalado \u2192 Android 13<\/li>\n<li>App distribution platform \u2192 Google Play<\/li>\n<li>Versi\u00f3n del firmware \u2192 One UI 5,1<\/li>\n<\/ul>\n<p><strong>C\u00e1mara fotogr\u00e1fica<\/strong><\/p>\n<ul>\n<li>Tipo de c\u00e1mara trasera \u2192 Triple c\u00e1mara<\/li>\n<li>Resoluci\u00f3n de la c\u00e1mara trasera (num\u00e9rica) \u2192 50<\/li>\n<li>Resoluci\u00f3n de la segunda c\u00e1mara trasera (num\u00e9rica) \u2192 10<\/li>\n<li>Resoluci\u00f3n de la tercera c\u00e1mara trasera (num\u00e9rica) \u2192 12<\/li>\n<li>Zoom digital \u2192 3<\/li>\n<li>Tipo de c\u00e1mara frontal \u2192 C\u00e1mara \u00fanica<\/li>\n<li>Resoluci\u00f3n de la c\u00e1mara frontal (num\u00e9rica) \u2192 12<\/li>\n<li>Flash en c\u00e1mara trasera \u2192 S\u00ed<\/li>\n<li>Tipo de flash \u2192 LED<\/li>\n<li>Estabilizador de v\u00eddeo \u2192 S\u00ed<\/li>\n<li>Estabilizador de imagen \u2192 S\u00ed<\/li>\n<li>Tipo de estabilizador de imagen \u2192 Optical Image Stabilization (OIS)<\/li>\n<\/ul>\n<p><strong>Contenido del embalaje<\/strong><\/p>\n<ul>\n<li>Cables incluidos \u2192 USB Tipo C<\/li>\n<li>Gu\u00eda de configuraci\u00f3n r\u00e1pida \u2192 S\u00ed<\/li>\n<li>Ejection pin \u2192 S\u00ed Sensores<\/li>\n<li>Giroscopio \u2192 S\u00ed<\/li>\n<li>Sensor de luz ambiental \u2192 S\u00ed Bater\u00eda<\/li>\n<li>Tecnolog\u00eda de bater\u00eda \u2192 I\u00f3n de litio<\/li>\n<li>Capacidad de bater\u00eda \u2192 3900<\/li>\n<\/ul>\n<p><strong>Dise\u00f1o<\/strong><\/p>\n<ul>\n<li>Factor de forma \u2192 Barra<\/li>\n<li>C\u00f3digo IP (International Protection) \u2192 IP68<\/li>\n<li>Color del tel\u00e9fono \u2192 Negro<\/li>\n<\/ul>\n<p><strong>Desempe\u00f1o<\/strong><\/p>\n<ul>\n<li>Video llamada \u2192 S\u00ed<\/li>\n<li>Carga r\u00e1pida \u2192 S\u00ed<\/li>\n<\/ul>\n<\/div>\n","protected":false},"excerpt":{"rendered":"<p>Procesador Familia de procesador \u2192 Qualcomm Snapdragon 8, Gen 2 N\u00famero de n\u00facleos de procesador \u2192 8 Frecuencia del procesador<\/p>\n","protected":false},"featured_media":168064,"comment_status":"open","ping_status":"closed","template":"","meta":{"_joinchat":[]},"product_cat":[6480,6479,6476,795],"product_tag":[],"class_list":{"0":"post-168062","1":"product","2":"type-product","3":"status-publish","4":"has-post-thumbnail","6":"product_cat-android-smartphones-telefonos","7":"product_cat-smartphones-telefonos","8":"product_cat-telefonos","9":"product_cat-electronica","11":"first","12":"instock","13":"sale","14":"taxable","15":"shipping-taxable","16":"purchasable","17":"product-type-simple"},"_links":{"self":[{"href":"https:\/\/desdropi.com\/elparque\/wp-json\/wp\/v2\/product\/168062"}],"collection":[{"href":"https:\/\/desdropi.com\/elparque\/wp-json\/wp\/v2\/product"}],"about":[{"href":"https:\/\/desdropi.com\/elparque\/wp-json\/wp\/v2\/types\/product"}],"replies":[{"embeddable":true,"href":"https:\/\/desdropi.com\/elparque\/wp-json\/wp\/v2\/comments?post=168062"}],"version-history":[{"count":0,"href":"https:\/\/desdropi.com\/elparque\/wp-json\/wp\/v2\/product\/168062\/revisions"}],"wp:featuredmedia":[{"embeddable":true,"href":"https:\/\/desdropi.com\/elparque\/wp-json\/wp\/v2\/media\/168064"}],"wp:attachment":[{"href":"https:\/\/desdropi.com\/elparque\/wp-json\/wp\/v2\/media?parent=168062"}],"wp:term":[{"taxonomy":"product_cat","embeddable":true,"href":"https:\/\/desdropi.com\/elparque\/wp-json\/wp\/v2\/product_cat?post=168062"},{"taxonomy":"product_tag","embeddable":true,"href":"https:\/\/desdropi.com\/elparque\/wp-json\/wp\/v2\/product_tag?post=168062"}],"curies":[{"name":"wp","href":"https:\/\/api.w.org\/{rel}","templated":true}]}}