{"id":169725,"date":"2023-02-15T23:56:02","date_gmt":"2023-02-15T22:56:02","guid":{"rendered":"https:\/\/desdropi.com\/elparque\/aspirador-s-bolsa-nevir-nvr-5127a-azul\/"},"modified":"2024-04-07T23:56:36","modified_gmt":"2024-04-07T21:56:36","slug":"aspirador-s-bolsa-nevir-nvr-5127a-azul","status":"publish","type":"product","link":"https:\/\/desdropi.com\/elparque\/aspirador-s-bolsa-nevir-nvr-5127a-azul\/","title":{"rendered":"Aspirador S\/Bolsa Nevir Nvr-5127A Azul"},"content":{"rendered":"<div class=\"descripcion-tab\"><strong>Caracter\u00edsticas Principales<\/strong><\/p>\n<ul>\n<li>Aspirador Cicl\u00f3nico<\/li>\n<li>Dep\u00f3sito sin bolsa de 2L<\/li>\n<li>Potencia de 800w<\/li>\n<li>Bajo consumo<\/li>\n<li>Baja sonoridad de 72db<\/li>\n<li>Filtro lavable permanente<\/li>\n<li>Dise\u00f1o compacto y port\u00e1til<\/li>\n<li>Tubo telesc\u00f3pico met\u00e1lico de 44 cms<\/li>\n<li>Manguera flexible<\/li>\n<li>Asa de transporte<\/li>\n<li>Recoge cables<\/li>\n<\/ul>\n<p><strong>Accesorios Incluidos<\/strong><\/p>\n<ul>\n<li>Tubo met\u00e1lico XL de 44 cms<\/li>\n<li>Lanza<\/li>\n<li>Cepillo para esquinas<\/li>\n<li>Cepillo para todo tipo de suelos<\/li>\n<\/ul>\n<p><strong>Consumo<\/strong><\/p>\n<ul>\n<li>Consumo Energia: 800W<\/li>\n<li>Voltaje: 220-240V 50-60Hz<\/li>\n<\/ul>\n<p><strong>Medidas<\/strong><\/p>\n<pre><em>Ancho x Alto x Profundo<\/em><\/pre>\n<ul>\n<li>Unidad Exterior: 370 x 23,5 x 280 mm<\/li>\n<li>Embalaje Unitario: 400 x 270 x 280 mm<\/li>\n<li>Master Cart\u00f3n: 1<\/li>\n<\/ul>\n<\/div>\n","protected":false},"excerpt":{"rendered":"<p>Caracter\u00edsticas Principales Aspirador Cicl\u00f3nico Dep\u00f3sito sin bolsa de 2L Potencia de 800w Bajo consumo Baja sonoridad de 72db Filtro lavable<\/p>\n","protected":false},"featured_media":169726,"comment_status":"open","ping_status":"closed","template":"","meta":{"_joinchat":[]},"product_cat":[825,6513,6527],"product_tag":[],"class_list":{"0":"post-169725","1":"product","2":"type-product","3":"status-publish","4":"has-post-thumbnail","6":"product_cat-pequeno-electrodomestico","7":"product_cat-aspiracion-y-limpieza","8":"product_cat-aspiradores-de-trineo","9":"pa_marca-nevir","11":"first","12":"instock","13":"taxable","14":"shipping-taxable","15":"purchasable","16":"product-type-simple"},"_links":{"self":[{"href":"https:\/\/desdropi.com\/elparque\/wp-json\/wp\/v2\/product\/169725"}],"collection":[{"href":"https:\/\/desdropi.com\/elparque\/wp-json\/wp\/v2\/product"}],"about":[{"href":"https:\/\/desdropi.com\/elparque\/wp-json\/wp\/v2\/types\/product"}],"replies":[{"embeddable":true,"href":"https:\/\/desdropi.com\/elparque\/wp-json\/wp\/v2\/comments?post=169725"}],"version-history":[{"count":0,"href":"https:\/\/desdropi.com\/elparque\/wp-json\/wp\/v2\/product\/169725\/revisions"}],"wp:featuredmedia":[{"embeddable":true,"href":"https:\/\/desdropi.com\/elparque\/wp-json\/wp\/v2\/media\/169726"}],"wp:attachment":[{"href":"https:\/\/desdropi.com\/elparque\/wp-json\/wp\/v2\/media?parent=169725"}],"wp:term":[{"taxonomy":"product_cat","embeddable":true,"href":"https:\/\/desdropi.com\/elparque\/wp-json\/wp\/v2\/product_cat?post=169725"},{"taxonomy":"product_tag","embeddable":true,"href":"https:\/\/desdropi.com\/elparque\/wp-json\/wp\/v2\/product_tag?post=169725"}],"curies":[{"name":"wp","href":"https:\/\/api.w.org\/{rel}","templated":true}]}}