{"id":169819,"date":"2023-02-16T21:09:07","date_gmt":"2023-02-16T19:09:07","guid":{"rendered":"https:\/\/desdropi.com\/elparque\/?post_type=product&#038;p=169819"},"modified":"2024-05-17T13:00:15","modified_gmt":"2024-05-17T11:00:15","slug":"aire-acondicionado-split-daikin-axc50c-4300f-a-r32","status":"publish","type":"product","link":"https:\/\/desdropi.com\/elparque\/aire-acondicionado-split-daikin-axc50c-4300f-a-r32\/","title":{"rendered":"Aire Acondicionado Split Daikin Axc50C 4300F A++ R32"},"content":{"rendered":"<div class=\"descripcion-tab\">Sistema Inverter con bomba de calor Daikin AXC50C de 4.385 Frig. \/ 4.832 Kcal. con nuevo gas R32 y clasificaci\u00f3n energ\u00e9tica A++\/A+Los modelos de Daikin AXC50C formados por split ATXC50C + compresor ARXC50C destacan por su dise\u00f1o de l\u00edneas curvas y su color blanco mate que se adapta a cualquier estancia. Incluye doble filtro de aire, mando con temporizador de 24h y posibilidad de controlarlo v\u00eda Wifi con el m\u00f3vil (necesita modulo opcional).<\/div>\n<div><\/div>\n<div class=\"descripcion-tab\"><strong>Principales caracter\u00edsticas<\/strong><\/p>\n<ul>\n<li>Powerful: (para refrigeraci\u00f3n o calefacci\u00f3n r\u00e1pida)<\/li>\n<li>Filtro purificador de aire.<\/li>\n<li>Funciones de Frio, Calor, deshumificaci\u00f3n, Autom\u00e1tico.<\/li>\n<li>Temporizador de hasta 24horas<\/li>\n<li>Funci\u00f3n de oscilaci\u00f3n autom\u00e1tica para distribuci\u00f3n mas eficaz del aire.<\/li>\n<li>Control por Wifi (OPCIONAL) comprando el modulo BRP069B45<\/li>\n<\/ul>\n<p><strong>El aire Daikin AXC50C esta compuesto por:<\/strong><\/p>\n<ul>\n<li>Unidad unidad interior (Split) ATXC50C<\/li>\n<li>Unidad exterior (compresor) ARXC50C<\/li>\n<li>Mando a distancia + pilas<\/li>\n<li>Manual de instalaci\u00f3n y funcionamiento<\/li>\n<\/ul>\n<p><strong>Caracter\u00edsticas<\/strong> <strong>T\u00e9cnicas<\/strong><\/p>\n<ul>\n<li>Sistema Inverter con bomba de calor<\/li>\n<li>Capacidad de refrigeraci\u00f3n :\n<ul>\n<li>En frig. 4.385 Frig\/h (1.200 a 5.330)<\/li>\n<li>En W t\u00e9rmicos 5.100 W (1.400 a 6.200)<\/li>\n<\/ul>\n<\/li>\n<li>Capacidad de calefacci\u00f3n :\n<ul>\n<li>En Kcal. 4.832 Kcal\/h (1.170 a 5.675)<\/li>\n<li>En W t\u00e9rmicos: 5.620 W (1.360 a 6.600)<\/li>\n<\/ul>\n<\/li>\n<\/ul>\n<p><strong>Unidad Interior (Split) ATXC50C <\/strong><\/p>\n<ul>\n<li>Medidas: (Alto x Ancho x Fondo): 288 x 785 x 250 mm<\/li>\n<li>Peso: 9.5 Kg. Prensi\u00f3n sonora:\n<ul>\n<li>En frio : 29 \/ 33 \/ 39 \/ 45 dB(A)<\/li>\n<li>En calor : 21 \/ 29 \/ 34 \/ 40 dB(A)<\/li>\n<\/ul>\n<\/li>\n<\/ul>\n<p><strong>Unidad Exterior (Compresor) ARXC50C <\/strong><\/p>\n<ul>\n<li>Medidas: (Alto x Ancho x Fondo): 615 x 845 x 300 mm<\/li>\n<li>Peso: 39.0 kg Nivel de potencia ac\u00fastica 65 dB(A) Presi\u00f3n sonora 48 dB(A)<\/li>\n<li>Caracter\u00edsticas el\u00e9ctricas y consumos: Tensi\u00f3n de funcionamiento: 220 &#8211; 240V<\/li>\n<\/ul>\n<p><strong>Consumos<\/strong><\/p>\n<ul>\n<li>En Frio : 1.570W (de 300 a 2.100W)<\/li>\n<li>En Calor : 1.520W (de 270 a 1.850W)<\/li>\n<\/ul>\n<p><strong>Categor\u00eda energ\u00e9tica <\/strong><\/p>\n<ul>\n<li>En frio A++<\/li>\n<li>En Calor A+<\/li>\n<\/ul>\n<p><strong>Ratio de ahorro energ\u00e9tico <\/strong><\/p>\n<ul>\n<li>En frio SEER : 6.40<\/li>\n<li>En calor SCOP : 4.37<\/li>\n<\/ul>\n<p><strong>Refrigerante y tuber\u00edas<\/strong><\/p>\n<ul>\n<li>Refrigerante : R32 (1.00Kg)<\/li>\n<li>Longitud total de las tuber\u00eda : 30m<\/li>\n<li>M\u00e1xima distancia en vertical : 20m<\/li>\n<li>Di\u00e1metro de las tuber\u00edas : 1\/4&#8243; &#8211; 1\/2&#8243;<\/li>\n<\/ul>\n<p><strong>Rango de funcionamiento<\/strong><\/p>\n<ul>\n<li>En modo Refrigeraci\u00f3n : -10 a 46 \u00baC<\/li>\n<li>En modo Calefacci\u00f3n : -15 a 18 \u00baC<\/li>\n<\/ul>\n<\/div>\n","protected":false},"excerpt":{"rendered":"<p>Sistema Inverter con bomba de calor Daikin AXC50C de 4.385 Frig. \/ 4.832 Kcal. con nuevo gas R32 y clasificaci\u00f3n<\/p>\n","protected":false},"featured_media":169820,"comment_status":"open","ping_status":"closed","template":"","meta":{"_joinchat":[]},"product_cat":[3301,6573,6574],"product_tag":[],"class_list":{"0":"post-169819","1":"product","2":"type-product","3":"status-publish","4":"has-post-thumbnail","6":"product_cat-climatizacion-y-calefaccion","7":"product_cat-aires-acondicionados","8":"product_cat-split-aires-acondicionados","10":"first","11":"instock","12":"taxable","13":"shipping-taxable","14":"purchasable","15":"product-type-simple"},"_links":{"self":[{"href":"https:\/\/desdropi.com\/elparque\/wp-json\/wp\/v2\/product\/169819"}],"collection":[{"href":"https:\/\/desdropi.com\/elparque\/wp-json\/wp\/v2\/product"}],"about":[{"href":"https:\/\/desdropi.com\/elparque\/wp-json\/wp\/v2\/types\/product"}],"replies":[{"embeddable":true,"href":"https:\/\/desdropi.com\/elparque\/wp-json\/wp\/v2\/comments?post=169819"}],"version-history":[{"count":0,"href":"https:\/\/desdropi.com\/elparque\/wp-json\/wp\/v2\/product\/169819\/revisions"}],"wp:featuredmedia":[{"embeddable":true,"href":"https:\/\/desdropi.com\/elparque\/wp-json\/wp\/v2\/media\/169820"}],"wp:attachment":[{"href":"https:\/\/desdropi.com\/elparque\/wp-json\/wp\/v2\/media?parent=169819"}],"wp:term":[{"taxonomy":"product_cat","embeddable":true,"href":"https:\/\/desdropi.com\/elparque\/wp-json\/wp\/v2\/product_cat?post=169819"},{"taxonomy":"product_tag","embeddable":true,"href":"https:\/\/desdropi.com\/elparque\/wp-json\/wp\/v2\/product_tag?post=169819"}],"curies":[{"name":"wp","href":"https:\/\/api.w.org\/{rel}","templated":true}]}}