{"id":169824,"date":"2023-02-16T20:35:18","date_gmt":"2023-02-16T19:35:18","guid":{"rendered":"https:\/\/desdropi.com\/elparque\/?post_type=product&#038;p=169824"},"modified":"2024-05-18T12:47:12","modified_gmt":"2024-05-18T10:47:12","slug":"aire-acond-split-daikin-axf25c-2150-frig-r32-a","status":"publish","type":"product","link":"https:\/\/desdropi.com\/elparque\/aire-acond-split-daikin-axf25c-2150-frig-r32-a\/","title":{"rendered":"Aire Acond. Split  Daikin Axf25C 2150 Frig. R32 A++"},"content":{"rendered":"<div class=\"descripcion-tab\">\n<ul>\n<li>Sistema Inverter con bomba de calor Daikin AXF25C de 2.150 Frig. \/ 2.408 Kcal. con gas R32 y clasificaci\u00f3n energ\u00e9tica A++\/A+<\/li>\n<li>Nuevo modelo de aire acondicionado Daikin Sensira AXF25C (formado por split ATXF25C + Compresor ARXF25C ).<\/li>\n<li>Tiene un dise\u00f1o de l\u00edneas curvas y color blanco mate que se adapta a cualquier estancia.<\/li>\n<li>Incluye filtro de aire, modo de enfriamiento r\u00e1pido, temporizador de 24h posibilidad de controlarlo v\u00eda Wifi con el m\u00f3vil (necesita con modulo opcional) y un mont\u00f3n de funciones mas.<\/li>\n<\/ul>\n<p><strong>Principales caracter\u00edsticas<\/strong><\/p>\n<ul>\n<li>Powerful: (para refrigeraci\u00f3n o calefacci\u00f3n r\u00e1pida)<\/li>\n<li>Silencioso Solo 20 dB(A)<\/li>\n<li>Filtro purificador de aire .<\/li>\n<li>Funciones de Frio, Calor, Humedad, Autom\u00e1tico.<\/li>\n<li>Temporizador de hasta 24horas<\/li>\n<li>Funci\u00f3n de oscilaci\u00f3n autom\u00e1tica para distribuci\u00f3n mas eficaz del aire.<\/li>\n<li>Control Wifi (opcional) comprando el modulo BRP069B45<\/li>\n<\/ul>\n<p><strong>El aire Daikin AXF25C esta compuesto por:<\/strong><\/p>\n<ul>\n<li>Unidad unidad interior (Split) ATXF25C<\/li>\n<li>Unidad exterior (compresor) ARXF25C<\/li>\n<li>Mando a distancia + pilas<\/li>\n<li>Manual de instalaci\u00f3n y funcionamiento<\/li>\n<\/ul>\n<p><strong>Caracter\u00edsticas T\u00e9cnicas <\/strong><\/p>\n<p>Sistema Inverter con bomba de calor<\/p>\n<ul>\n<li>Capacidad de refrigeraci\u00f3n :\n<ul>\n<li>En frigor\u00edas 2.150 Frig\/h (1.118 a 2.408)<\/li>\n<li>En W t\u00e9rmicos 2.500 W (1.300 a 2.800)<\/li>\n<\/ul>\n<\/li>\n<li>Capacidad de calefacci\u00f3n :\n<ul>\n<li>En Kcal. 2.408 Kcal\/h (1.118 a 3.181)<\/li>\n<li>En W t\u00e9rmicos: 2.800 W (1.300 a 4.000)<\/li>\n<\/ul>\n<\/li>\n<\/ul>\n<p><strong>Unidad Interior Split\u00a0<\/strong><\/p>\n<ul>\n<li>Medidas: (Alto x Ancho x fondo): 286 x 770 x 225 mm<\/li>\n<li>Peso: 8.0 Kg<\/li>\n<li>Prensi\u00f3n sonora:\n<ul>\n<li>En frio : 20 \/ 26 \/ 33 \/ 40 dB(A)<\/li>\n<li>En calor : 21 \/ 28 \/ 34 \/ 40 dB(A)<\/li>\n<\/ul>\n<\/li>\n<\/ul>\n<p><strong>Unidad Exterior (Compresor) ARXF25C <\/strong><\/p>\n<ul>\n<li>Medidas: (Alto x Ancho x fondo): 550 x 658 x 275 mm<\/li>\n<li>Peso: 25.5 kg<\/li>\n<li>Nivel de potencia ac\u00fastica 60 dBA<\/li>\n<li>Presi\u00f3n sonora\n<ul>\n<li>En frio 46 dBA<\/li>\n<li>En Calor 47 dBA<\/li>\n<\/ul>\n<\/li>\n<\/ul>\n<p><strong>Caracter\u00edsticas el\u00e9ctricas y consumos: <\/strong><\/p>\n<ul>\n<li>Tensi\u00f3n de funcionamiento: 220 &#8211; 240V<\/li>\n<li>Consumos:\n<ul>\n<li>&#8211; En Frio : 784W (de 310 a 1050W)<\/li>\n<li>&#8211; En Calor : 770W (de 250 a 1100W)<\/li>\n<\/ul>\n<\/li>\n<li>Categor\u00eda energ\u00e9tica\n<ul>\n<li>En frio A++<\/li>\n<li>En Calor A+<\/li>\n<\/ul>\n<\/li>\n<li>Ratio de ahorro energ\u00e9tico\n<ul>\n<li>En frio SEER : 6.19<\/li>\n<li>En calor SCOP : 4.03<\/li>\n<\/ul>\n<\/li>\n<\/ul>\n<p><strong>Refrigerante y tuber\u00edas: <\/strong><\/p>\n<ul>\n<li>Refrigerante : R32 (0.45Kg)<\/li>\n<li>Longitud total de las tuber\u00eda : 20m<\/li>\n<li>M\u00e1xima distancia en vertical : 12m<\/li>\n<li>Di\u00e1metro de las tuber\u00edas : 1\/4&#8243; &#8211; 3\/8&#8243;<\/li>\n<\/ul>\n<p><strong>Rango de funcionamiento: <\/strong><\/p>\n<ul>\n<li>En modo Refrigeraci\u00f3n : 10 a 46 \u00baC<\/li>\n<li>En modo Calefacci\u00f3n : -15 a 18 \u00baC<\/li>\n<\/ul>\n<\/div>\n","protected":false},"excerpt":{"rendered":"<p>Sistema Inverter con bomba de calor Daikin AXF25C de 2.150 Frig. \/ 2.408 Kcal. con gas R32 y clasificaci\u00f3n energ\u00e9tica<\/p>\n","protected":false},"featured_media":169825,"comment_status":"open","ping_status":"closed","template":"","meta":{"_joinchat":[]},"product_cat":[3301,6573,6574,7066],"product_tag":[],"class_list":{"0":"post-169824","1":"product","2":"type-product","3":"status-publish","4":"has-post-thumbnail","6":"product_cat-climatizacion-y-calefaccion","7":"product_cat-aires-acondicionados","8":"product_cat-split-aires-acondicionados","9":"product_cat-2000-3000-4500-frigorias","10":"pa_marca-daikin","12":"first","13":"instock","14":"sale","15":"taxable","16":"shipping-taxable","17":"purchasable","18":"product-type-simple"},"_links":{"self":[{"href":"https:\/\/desdropi.com\/elparque\/wp-json\/wp\/v2\/product\/169824"}],"collection":[{"href":"https:\/\/desdropi.com\/elparque\/wp-json\/wp\/v2\/product"}],"about":[{"href":"https:\/\/desdropi.com\/elparque\/wp-json\/wp\/v2\/types\/product"}],"replies":[{"embeddable":true,"href":"https:\/\/desdropi.com\/elparque\/wp-json\/wp\/v2\/comments?post=169824"}],"version-history":[{"count":0,"href":"https:\/\/desdropi.com\/elparque\/wp-json\/wp\/v2\/product\/169824\/revisions"}],"wp:featuredmedia":[{"embeddable":true,"href":"https:\/\/desdropi.com\/elparque\/wp-json\/wp\/v2\/media\/169825"}],"wp:attachment":[{"href":"https:\/\/desdropi.com\/elparque\/wp-json\/wp\/v2\/media?parent=169824"}],"wp:term":[{"taxonomy":"product_cat","embeddable":true,"href":"https:\/\/desdropi.com\/elparque\/wp-json\/wp\/v2\/product_cat?post=169824"},{"taxonomy":"product_tag","embeddable":true,"href":"https:\/\/desdropi.com\/elparque\/wp-json\/wp\/v2\/product_tag?post=169824"}],"curies":[{"name":"wp","href":"https:\/\/api.w.org\/{rel}","templated":true}]}}