{"id":170049,"date":"2023-02-17T12:48:10","date_gmt":"2023-02-17T11:48:10","guid":{"rendered":"https:\/\/desdropi.com\/elparque\/?post_type=product&#038;p=170049"},"modified":"2024-05-17T13:00:17","modified_gmt":"2024-05-17T11:00:17","slug":"barbero-taurus-hubble-recargable-wetdry","status":"publish","type":"product","link":"https:\/\/desdropi.com\/elparque\/barbero-taurus-hubble-recargable-wetdry\/","title":{"rendered":"Barbero Taurus Hubble Recargable Wet&#038;Dry"},"content":{"rendered":"<div class=\"descripcion-tab\">\n<strong>Control de energ\u00eda<\/strong><\/p>\n<ul>\n<li>Fuente de energ\u00eda \u279d AC\/Bater\u00eda<\/li>\n<li>Tipo de bater\u00eda \u279d Bater\u00eda integrada<\/li>\n<li>Tecnolog\u00eda de bater\u00eda \u279d I\u00f3n de litio<\/li>\n<li>Tiempo de carga \u279d 1,5<\/li>\n<li>Carga r\u00e1pida \u279d S\u00ed<\/li>\n<li>Carga r\u00e1pida \u279d 5<\/li>\n<li>Carga por USB \u279d S\u00ed<\/li>\n<li>Indicador de carga \u279d S\u00ed<\/li>\n<li>Autonom\u00eda (Minutos) \u279d 90<\/li>\n<\/ul>\n<p><strong>Contenido del embalaje<\/strong><\/p>\n<ul>\n<li>Cantidad de complementos \u279d 1<\/li>\n<li>Cepillo de limpieza \u279d S\u00ed<\/li>\n<li>Funda de viaje \u279d S\u00ed<\/li>\n<li>Cargador de baterias \u279d S\u00ed<\/li>\n<\/ul>\n<p><strong>Dise\u00f1o<\/strong><\/p>\n<ul>\n<li>Mango ergon\u00f3mico \u279d S\u00ed<\/li>\n<li>Color del producto \u279d Negro, Azul<\/li>\n<\/ul>\n<p><strong>Desempe\u00f1o<\/strong><\/p>\n<ul>\n<li>N\u00famero de pasos de longitud \u279d 2<\/li>\n<li>Ancho de la cuchilla \u279d 6<\/li>\n<li>Longitud m\u00ednima del cabello \u279d 1<\/li>\n<li>Mojado y seco \u279d S\u00ed<\/li>\n<\/ul>\n<\/div>\n","protected":false},"excerpt":{"rendered":"<p>Control de energ\u00eda Fuente de energ\u00eda \u279d AC\/Bater\u00eda Tipo de bater\u00eda \u279d Bater\u00eda integrada Tecnolog\u00eda de bater\u00eda \u279d I\u00f3n de<\/p>\n","protected":false},"featured_media":171085,"comment_status":"open","ping_status":"closed","template":"","meta":{"_joinchat":[]},"product_cat":[6895,6510,825,6097],"product_tag":[],"class_list":{"0":"post-170049","1":"product","2":"type-product","3":"status-publish","4":"has-post-thumbnail","6":"product_cat-barberos","7":"product_cat-vello-y-pelo","8":"product_cat-pequeno-electrodomestico","9":"product_cat-cuidado-personal","11":"first","12":"instock","13":"taxable","14":"shipping-taxable","15":"purchasable","16":"product-type-simple"},"_links":{"self":[{"href":"https:\/\/desdropi.com\/elparque\/wp-json\/wp\/v2\/product\/170049"}],"collection":[{"href":"https:\/\/desdropi.com\/elparque\/wp-json\/wp\/v2\/product"}],"about":[{"href":"https:\/\/desdropi.com\/elparque\/wp-json\/wp\/v2\/types\/product"}],"replies":[{"embeddable":true,"href":"https:\/\/desdropi.com\/elparque\/wp-json\/wp\/v2\/comments?post=170049"}],"version-history":[{"count":0,"href":"https:\/\/desdropi.com\/elparque\/wp-json\/wp\/v2\/product\/170049\/revisions"}],"wp:featuredmedia":[{"embeddable":true,"href":"https:\/\/desdropi.com\/elparque\/wp-json\/wp\/v2\/media\/171085"}],"wp:attachment":[{"href":"https:\/\/desdropi.com\/elparque\/wp-json\/wp\/v2\/media?parent=170049"}],"wp:term":[{"taxonomy":"product_cat","embeddable":true,"href":"https:\/\/desdropi.com\/elparque\/wp-json\/wp\/v2\/product_cat?post=170049"},{"taxonomy":"product_tag","embeddable":true,"href":"https:\/\/desdropi.com\/elparque\/wp-json\/wp\/v2\/product_tag?post=170049"}],"curies":[{"name":"wp","href":"https:\/\/api.w.org\/{rel}","templated":true}]}}