{"id":170121,"date":"2023-02-17T20:37:21","date_gmt":"2023-02-17T19:37:21","guid":{"rendered":"https:\/\/desdropi.com\/elparque\/?post_type=product&#038;p=170121"},"modified":"2024-05-17T13:00:17","modified_gmt":"2024-05-17T11:00:17","slug":"acon-split-samsung-far18art-4500bc-a-a","status":"publish","type":"product","link":"https:\/\/desdropi.com\/elparque\/acon-split-samsung-far18art-4500bc-a-a\/","title":{"rendered":"Acon.Split Samsung Far18Art 4500Bc A++\/A++"},"content":{"rendered":"<div class=\"descripcion-tab\">\n<strong>Control de energ\u00eda<\/strong><\/p>\n<ul>\n<li>Clase de eficiencia energ\u00e9tica (calefacci\u00f3n) (Media temporada de calefacci\u00f3n) \u2192 A+<\/li>\n<li>Clase de eficiencia energ\u00e9tica (refrigeraci\u00f3n) \u2192 A++<\/li>\n<li>Consumo anual de energ\u00eda (enfriamiento) \u2192 256<\/li>\n<li>Consumo anual de energ\u00eda (calefacci\u00f3n) (Media temporada de calefacci\u00f3n) \u2192 1435<\/li>\n<li>Carga de c\u00e1lculo (enfriamiento) \u2192 5,2<\/li>\n<li>Carga de c\u00e1lculo (calefacci\u00f3n) (Media temporada de calefacci\u00f3n) \u2192 4,1<\/li>\n<li>Escala de eficiencia energ\u00e9tica \u2192 A+++ a D<\/li>\n<li>Consumo energ\u00e9tico por hora (refrigeraci\u00f3n) \u2192 1,82<\/li>\n<li>Consumo energ\u00e9tico por hora (calefacci\u00f3n) \u2192 1,38<\/li>\n<li>Current (cooling) \u2192 6,9<\/li>\n<li>Current (heating) \u2192 6,4<\/li>\n<li>Voltaje de entrada AC \u2192 220 &#8211; 240<\/li>\n<li>Frecuencia de entrada AC \u2192 50<\/li>\n<li>Potencia calor\u00edas \u2192 4538<\/li>\n<li>Potencia frigor\u00edas \u2192 4538<\/li>\n<li>Clase energ\u00e9tica (Fr\u00edo\/Calor) \u2192 A++\/A+<\/li>\n<\/ul>\n<p><strong>Detalles t\u00e9cnicos<\/strong><\/p>\n<ul>\n<li>Tipo \u2192 Sistema split<\/li>\n<li>Multi-split \u2192 No<\/li>\n<li>Color del producto \u2192 Blanco<\/li>\n<li>Funciones de aire acondicionado \u2192 Enfriamiento, Deshumedecer, Ventilador, Calentar<\/li>\n<li>Motor inverter \u2192 S\u00ed<\/li>\n<li>\u00cdndice de eficiencia estacional (refrigeraci\u00f3n) (SEER) \u2192 7,1<\/li>\n<li>\u00cdndice de eficiencia estacional (calefacci\u00f3n) (SCOP) \u2192 4<\/li>\n<li>Calificaci\u00f3n de eficiencia estacional (calefacci\u00f3n) (SCOP) (Media temporada de calefacci\u00f3n) \u2192 4<\/li>\n<li>Capacidad de refrigeraci\u00f3n en vatios (nominal) \u2192 5200<\/li>\n<li>Capacidad de calefacci\u00f3n en vatios (nominal) (Media temporada de calefacci\u00f3n) \u2192 5200<\/li>\n<li>Gas hose diameter \u2192 1,27<\/li>\n<li>Di\u00e1metro del tubo para el l\u00edquido \u2192 6,35<\/li>\n<li>Longitud de la manguera (m\u00e1x.) \u2192 30<\/li>\n<li>Temporizador \u2192 S\u00ed<\/li>\n<li>Duraci\u00f3n de contador (m\u00e1ximo) \u2192 24<\/li>\n<li>Autoventilaci\u00f3n \u2192 S\u00ed<\/li>\n<li>Pantalla incorporada \u2192 S\u00ed<\/li>\n<li>Temperatura de funcionamiento (refrigeraci\u00f3n) (T-T) \u2192 -10 &#8211; 46<\/li>\n<li>Temperatura de funcionamiento (calefacci\u00f3n) (T-T) \u2192 -15 &#8211; 24<\/li>\n<li>Modo de sue\u00f1o confortable \u2192 S\u00ed<\/li>\n<li>Medio de refrigeraci\u00f3n \u2192 R32<\/li>\n<li>Filtro de aire \u2192 S\u00ed<\/li>\n<li>Capacidad de refrigeraci\u00f3n (nominal) \u2192 18000<\/li>\n<li>Capacidad de calefacci\u00f3n (nominal) \u2192 18000<\/li>\n<\/ul>\n<p><strong>Contenido del embalaje<\/strong><\/p>\n<ul>\n<li>Mando a distancia \u2192 S\u00ed<\/li>\n<\/ul>\n<p><strong>Unidad para exteriores<\/strong><\/p>\n<ul>\n<li>N\u00famero de unidades de exterior \u2192 1<\/li>\n<li>Ancho de la unidad exterior \u2192 80<\/li>\n<li>Profundidad de la unidad exterior \u2192 33,3<\/li>\n<li>Altura de la unidad exterior \u2192 55,4<\/li>\n<li>Outdoor unit noise level \u2192 51<\/li>\n<li>Nivel de potencia ac\u00fastica de la unidad exterior \u2192 63<\/li>\n<\/ul>\n<p><strong>Unidad para interiores<\/strong><\/p>\n<ul>\n<li>Tipo de unidad interna \u2192 Montar en la pared<\/li>\n<li>Nivel de potencia ac\u00fastica de la unidad interior \u2192 55<\/li>\n<li>N\u00famero de unidades de interior \u2192 1<\/li>\n<li>Ancho de la unidad interior \u2192 95,7<\/li>\n<li>Profundidad de la unidad interior \u2192 21,3<\/li>\n<li>Altura de la unidad interior \u2192 30,2<\/li>\n<li>Nivel de ruido de la unidad interior (a baja velocidad) \u2192 25<\/li>\n<li>Indoor unit noise level (high speed) \u2192 42<\/li>\n<\/ul>\n<\/div>\n","protected":false},"excerpt":{"rendered":"<p>Control de energ\u00eda Clase de eficiencia energ\u00e9tica (calefacci\u00f3n) (Media temporada de calefacci\u00f3n) \u2192 A+ Clase de eficiencia energ\u00e9tica (refrigeraci\u00f3n) \u2192<\/p>\n","protected":false},"featured_media":170123,"comment_status":"open","ping_status":"closed","template":"","meta":{"_joinchat":[]},"product_cat":[3301,6573,6574,7066],"product_tag":[],"class_list":{"0":"post-170121","1":"product","2":"type-product","3":"status-publish","4":"has-post-thumbnail","6":"product_cat-climatizacion-y-calefaccion","7":"product_cat-aires-acondicionados","8":"product_cat-split-aires-acondicionados","9":"product_cat-2000-3000-4500-frigorias","10":"pa_marca-samsung","12":"first","13":"instock","14":"taxable","15":"shipping-taxable","16":"purchasable","17":"product-type-simple"},"_links":{"self":[{"href":"https:\/\/desdropi.com\/elparque\/wp-json\/wp\/v2\/product\/170121"}],"collection":[{"href":"https:\/\/desdropi.com\/elparque\/wp-json\/wp\/v2\/product"}],"about":[{"href":"https:\/\/desdropi.com\/elparque\/wp-json\/wp\/v2\/types\/product"}],"replies":[{"embeddable":true,"href":"https:\/\/desdropi.com\/elparque\/wp-json\/wp\/v2\/comments?post=170121"}],"version-history":[{"count":0,"href":"https:\/\/desdropi.com\/elparque\/wp-json\/wp\/v2\/product\/170121\/revisions"}],"wp:featuredmedia":[{"embeddable":true,"href":"https:\/\/desdropi.com\/elparque\/wp-json\/wp\/v2\/media\/170123"}],"wp:attachment":[{"href":"https:\/\/desdropi.com\/elparque\/wp-json\/wp\/v2\/media?parent=170121"}],"wp:term":[{"taxonomy":"product_cat","embeddable":true,"href":"https:\/\/desdropi.com\/elparque\/wp-json\/wp\/v2\/product_cat?post=170121"},{"taxonomy":"product_tag","embeddable":true,"href":"https:\/\/desdropi.com\/elparque\/wp-json\/wp\/v2\/product_tag?post=170121"}],"curies":[{"name":"wp","href":"https:\/\/api.w.org\/{rel}","templated":true}]}}