{"id":171697,"date":"2023-02-23T17:31:41","date_gmt":"2023-02-23T16:31:41","guid":{"rendered":"https:\/\/desdropi.com\/elparque\/?post_type=product&#038;p=171697"},"modified":"2024-05-17T13:00:19","modified_gmt":"2024-05-17T11:00:19","slug":"aspi-escoba-rowenta-gz3039-x-combi-allergi-plus","status":"publish","type":"product","link":"https:\/\/desdropi.com\/elparque\/aspi-escoba-rowenta-gz3039-x-combi-allergi-plus\/","title":{"rendered":"Aspirador Escoba Rowenta Gz3039 X-Combi Allergi Plus"},"content":{"rendered":"<div class=\"descripcion-tab\">\n<h4><strong>ASPIRADOR ESCOBA ROWENTA GZ3039 X-COMBI ALLERGI PLUS<\/strong><\/h4>\n<p>El <strong>aspirador escoba Rowenta GZ3039 X-Combi Allergi Plus<\/strong> es una soluci\u00f3n de limpieza vers\u00e1til y eficiente para tu hogar. Este aspirador combina la comodidad de una aspiradora escoba con la potencia de succi\u00f3n de un aspirador tradicional, ofreci\u00e9ndote una limpieza completa en todo momento.<\/p>\n<p>El punto destacado de este producto es su capacidad de <strong>eliminaci\u00f3n de al\u00e9rgenos<\/strong>, lo que lo convierte en una excelente opci\u00f3n para personas que sufren de alergias o sensibilidades. Gracias a su sistema de filtraci\u00f3n avanzado, captura y retiene hasta el <strong>99.9% de los al\u00e9rgenos<\/strong> presentes en el aire, como polen, \u00e1caros del polvo y pelos de mascotas, garantizando un ambiente m\u00e1s limpio y saludable.<\/p>\n<p>El Rowenta GZ3039 X-Combi Allergi Plus est\u00e1 dise\u00f1ado para adaptarse a diferentes superficies y necesidades de limpieza. Su cabezal de aspiraci\u00f3n es <strong>articulado y giratorio<\/strong>, lo que facilita la limpieza en esquinas, debajo de los muebles y en zonas de dif\u00edcil acceso. Adem\u00e1s, cuenta con diferentes modos de potencia y accesorios adicionales, como un cepillo motorizado para eliminar el pelo de mascotas, lo cual lo convierte en un aliado poderoso para la limpieza de tu hogar.<\/p>\n<p>Otro aspecto importante de este aspirador escoba es su <strong>autonom\u00eda<\/strong>. Con una bater\u00eda de larga duraci\u00f3n, te permite limpiar sin interrupciones durante m\u00e1s tiempo. Adem\u00e1s, su dise\u00f1o ligero y ergon\u00f3mico garantiza un manejo c\u00f3modo y sin esfuerzo.<\/p>\n<div class=\"descripcion-tab\">\n<p><strong>Peso y dimensiones<\/strong><\/p>\n<ul>\n<li>Altura \u2192 1150<\/li>\n<li>Profundidad \u2192 270<\/li>\n<li>Ancho \u2192 175<\/li>\n<li>Peso \u2192 3,6<\/li>\n<\/ul>\n<p><strong>Control de energ\u00eda<\/strong><\/p>\n<ul>\n<li>Tipo de enchufe \u2192 EUR<\/li>\n<li>Tecnolog\u00eda de bater\u00eda \u2192 I\u00f3n de litio<\/li>\n<li>Fuente de energ\u00eda \u2192 Bater\u00eda<\/li>\n<li>Autonom\u00eda (baja velocidad) \u2192 60<\/li>\n<li>Tipo de bater\u00eda \u2192 Integrado<\/li>\n<li>Potencia de succi\u00f3n \u2192 215<\/li>\n<\/ul>\n<p><strong>Contenido del embalaje<\/strong><\/p>\n<ul>\n<li>Cepillo \u2192 S\u00ed<\/li>\n<\/ul>\n<p><strong>Otras caracter\u00edsticas<\/strong><\/p>\n<ul>\n<li>Capacidad para polvo \u2192 0,55<\/li>\n<\/ul>\n<p><strong>Ergonom\u00eda<\/strong><\/p>\n<ul>\n<li>Dep\u00f3sito f\u00e1cil de vaciar \u2192 S\u00ed<\/li>\n<\/ul>\n<p><strong>Dise\u00f1o<\/strong><\/p>\n<ul>\n<li>Forma del cepillo \u2192 Rectangular<\/li>\n<li>Color del producto \u2192 Negro, gris<\/li>\n<li>Tipo de dep\u00f3sito \u2192 Sin bolsa<\/li>\n<li>Capacidad del dep\u00f3sito del polvo en seco \u2192 0,55<\/li>\n<li>Tipo aspirador \u2192 Escoba<\/li>\n<\/ul>\n<p><strong>Desempe\u00f1o<\/strong><\/p>\n<ul>\n<li>M\u00e9todo de separaci\u00f3n de la suciedad \u2192 Cicl\u00f3nico<\/li>\n<li>Nivel de ruido \u2192 79<\/li>\n<li>Pa\u00eds de origen \u2192 China<\/li>\n<li>Tipo de limpiador \u2192 Limpieza y aspiraci\u00f3n<\/li>\n<\/ul>\n<\/div>\n<\/div>\n","protected":false},"excerpt":{"rendered":"<p>ASPIRADOR ESCOBA ROWENTA GZ3039 X-COMBI ALLERGI PLUS El aspirador escoba Rowenta GZ3039 X-Combi Allergi Plus es una soluci\u00f3n de limpieza<\/p>\n","protected":false},"featured_media":171700,"comment_status":"open","ping_status":"closed","template":"","meta":{"_joinchat":[]},"product_cat":[6513,6514,6534,825],"product_tag":[],"class_list":{"0":"post-171697","1":"product","2":"type-product","3":"status-publish","4":"has-post-thumbnail","6":"product_cat-aspiracion-y-limpieza","7":"product_cat-aspiradores-de-escoba","8":"product_cat-aspiradores-de-mano-aspiracion-y-limpieza","9":"product_cat-pequeno-electrodomestico","10":"pa_marca-rowenta","12":"first","13":"instock","14":"taxable","15":"shipping-taxable","16":"purchasable","17":"product-type-simple"},"_links":{"self":[{"href":"https:\/\/desdropi.com\/elparque\/wp-json\/wp\/v2\/product\/171697"}],"collection":[{"href":"https:\/\/desdropi.com\/elparque\/wp-json\/wp\/v2\/product"}],"about":[{"href":"https:\/\/desdropi.com\/elparque\/wp-json\/wp\/v2\/types\/product"}],"replies":[{"embeddable":true,"href":"https:\/\/desdropi.com\/elparque\/wp-json\/wp\/v2\/comments?post=171697"}],"version-history":[{"count":0,"href":"https:\/\/desdropi.com\/elparque\/wp-json\/wp\/v2\/product\/171697\/revisions"}],"wp:featuredmedia":[{"embeddable":true,"href":"https:\/\/desdropi.com\/elparque\/wp-json\/wp\/v2\/media\/171700"}],"wp:attachment":[{"href":"https:\/\/desdropi.com\/elparque\/wp-json\/wp\/v2\/media?parent=171697"}],"wp:term":[{"taxonomy":"product_cat","embeddable":true,"href":"https:\/\/desdropi.com\/elparque\/wp-json\/wp\/v2\/product_cat?post=171697"},{"taxonomy":"product_tag","embeddable":true,"href":"https:\/\/desdropi.com\/elparque\/wp-json\/wp\/v2\/product_tag?post=171697"}],"curies":[{"name":"wp","href":"https:\/\/api.w.org\/{rel}","templated":true}]}}