{"id":175654,"date":"2023-03-10T20:58:27","date_gmt":"2023-03-10T18:58:27","guid":{"rendered":"https:\/\/desdropi.com\/elparque\/?post_type=product&#038;p=175654"},"modified":"2025-04-14T00:54:49","modified_gmt":"2025-04-13T22:54:49","slug":"dental-oralb-vitailty-pro-duo-erb50brberb50rb","status":"publish","type":"product","link":"https:\/\/desdropi.com\/elparque\/dental-oralb-vitailty-pro-duo-erb50brberb50rb\/","title":{"rendered":"Dental Oralb Vitality Pro Duo (Erb50Brb+Erb50Rb)"},"content":{"rendered":"<div class=\"descripcion-tab\"><strong>Peso y dimensiones<\/strong><\/p>\n<ul>\n<li>Tipo de embalaje: Caja<\/li>\n<\/ul>\n<p><strong>Control de energ\u00eda<\/strong><\/p>\n<ul>\n<li>Fuente de energ\u00eda: Bater\u00eda<\/li>\n<li>Bater\u00eda: S\u00ed<\/li>\n<li>Tipo de bater\u00eda: Bater\u00eda integrada<\/li>\n<li>Base de cargador: S\u00ed<\/li>\n<li>Bater\u00eda recargable: S\u00ed<\/li>\n<\/ul>\n<p><strong>Contenido del embalaje<\/strong><\/p>\n<ul>\n<li>N\u00famero de cabezales incluido: 2<\/li>\n<li>N\u00famero de empu\u00f1aduras incluidas: 2<\/li>\n<\/ul>\n<p><strong>Caracter\u00edsticas<\/strong><\/p>\n<ul>\n<li>Utilizar con: Adulto<\/li>\n<li>Tipo de cepillo de dientes: Cepillo dental oscilante<\/li>\n<li>Duraci\u00f3n del temporizador: 2 min<\/li>\n<li>Temporizador integrado: S\u00ed<\/li>\n<li>N\u00famero de modos de cepillado de dientes: 3<\/li>\n<li>Color del producto: Negro, blanco<\/li>\n<\/ul>\n<\/div>\n","protected":false},"excerpt":{"rendered":"<p>Peso y dimensiones Tipo de embalaje: Caja Control de energ\u00eda Fuente de energ\u00eda: Bater\u00eda Bater\u00eda: S\u00ed Tipo de bater\u00eda: Bater\u00eda<\/p>\n","protected":false},"featured_media":182956,"comment_status":"open","ping_status":"closed","template":"","meta":{"_joinchat":[]},"product_cat":[7016,7015,825,6097],"product_tag":[],"class_list":{"0":"post-175654","1":"product","2":"type-product","3":"status-publish","4":"has-post-thumbnail","6":"product_cat-dentales-higiene-y-salud-cuidado-personal","7":"product_cat-higiene-y-salud-cuidado-personal","8":"product_cat-pequeno-electrodomestico","9":"product_cat-cuidado-personal","10":"pa_marca-oral-b","12":"first","13":"instock","14":"taxable","15":"shipping-taxable","16":"purchasable","17":"product-type-simple"},"_links":{"self":[{"href":"https:\/\/desdropi.com\/elparque\/wp-json\/wp\/v2\/product\/175654"}],"collection":[{"href":"https:\/\/desdropi.com\/elparque\/wp-json\/wp\/v2\/product"}],"about":[{"href":"https:\/\/desdropi.com\/elparque\/wp-json\/wp\/v2\/types\/product"}],"replies":[{"embeddable":true,"href":"https:\/\/desdropi.com\/elparque\/wp-json\/wp\/v2\/comments?post=175654"}],"version-history":[{"count":1,"href":"https:\/\/desdropi.com\/elparque\/wp-json\/wp\/v2\/product\/175654\/revisions"}],"predecessor-version":[{"id":224810,"href":"https:\/\/desdropi.com\/elparque\/wp-json\/wp\/v2\/product\/175654\/revisions\/224810"}],"wp:featuredmedia":[{"embeddable":true,"href":"https:\/\/desdropi.com\/elparque\/wp-json\/wp\/v2\/media\/182956"}],"wp:attachment":[{"href":"https:\/\/desdropi.com\/elparque\/wp-json\/wp\/v2\/media?parent=175654"}],"wp:term":[{"taxonomy":"product_cat","embeddable":true,"href":"https:\/\/desdropi.com\/elparque\/wp-json\/wp\/v2\/product_cat?post=175654"},{"taxonomy":"product_tag","embeddable":true,"href":"https:\/\/desdropi.com\/elparque\/wp-json\/wp\/v2\/product_tag?post=175654"}],"curies":[{"name":"wp","href":"https:\/\/api.w.org\/{rel}","templated":true}]}}