{"id":178554,"date":"2023-03-21T10:43:03","date_gmt":"2023-03-21T08:43:03","guid":{"rendered":"https:\/\/desdropi.com\/elparque\/?post_type=product&#038;p=178554"},"modified":"2025-04-14T00:01:22","modified_gmt":"2025-04-13T22:01:22","slug":"accesorio-polti-kalstop-fp2003-anticalcareo-paeu0094","status":"publish","type":"product","link":"https:\/\/desdropi.com\/elparque\/accesorio-polti-kalstop-fp2003-anticalcareo-paeu0094\/","title":{"rendered":"Accesorio Polti Kalstop Fp2003 Anticalcareo Paeu0094"},"content":{"rendered":"<div class=\"descripcion-tab\">\n<ul>\n<li>Kalstop Anti calc\u00e1reo PAEU0094 es un producto dise\u00f1ado para eliminar los dep\u00f3sitos de calcio y otros minerales en electrodom\u00e9sticos y otros aparatos que utilizan agua, como calderas, lavadoras, cafeteras y planchas. Este producto ha sido especialmente formulado para prevenir la acumulaci\u00f3n de dep\u00f3sitos de calcio, lo que prolonga la vida \u00fatil de los electrodom\u00e9sticos y mantiene su funcionamiento \u00f3ptimo.<\/li>\n<li>Kalstop Anti calc\u00e1reo PAEU0094 es f\u00e1cil de usar, ya que se puede a\u00f1adir directamente al dep\u00f3sito de agua del electrodom\u00e9stico, sin necesidad de desmontar ninguna pieza. Adem\u00e1s, este producto es seguro y respetuoso con el medio ambiente, ya que no contiene \u00e1cidos ni fosfatos.<\/li>\n<li>Con Kalstop Anti calc\u00e1reo PAEU0094, podr\u00e1s mantener tus electrodom\u00e9sticos en perfectas condiciones durante mucho m\u00e1s tiempo, ahorrando dinero en reparaciones y sustituciones. No esperes m\u00e1s para proteger tus electrodom\u00e9sticos del da\u00f1o causado por la acumulaci\u00f3n de calcio y otros minerales. Prueba Kalstop Anti calc\u00e1reo PAEU0094 y disfruta de electrodom\u00e9sticos m\u00e1s duraderos y eficientes.<\/li>\n<li>Envasado en viales desechables.<\/li>\n<\/ul>\n<\/div>\n","protected":false},"excerpt":{"rendered":"<p>Kalstop Anti calc\u00e1reo PAEU0094 es un producto dise\u00f1ado para eliminar los dep\u00f3sitos de calcio y otros minerales en electrodom\u00e9sticos y<\/p>\n","protected":false},"featured_media":178555,"comment_status":"open","ping_status":"closed","template":"","meta":{"_joinchat":[]},"product_cat":[7071,6513,825],"product_tag":[],"class_list":{"0":"post-178554","1":"product","2":"type-product","3":"status-publish","4":"has-post-thumbnail","6":"product_cat-antical","7":"product_cat-aspiracion-y-limpieza","8":"product_cat-pequeno-electrodomestico","9":"pa_marca-polti","11":"first","12":"instock","13":"taxable","14":"shipping-taxable","15":"purchasable","16":"product-type-simple"},"_links":{"self":[{"href":"https:\/\/desdropi.com\/elparque\/wp-json\/wp\/v2\/product\/178554"}],"collection":[{"href":"https:\/\/desdropi.com\/elparque\/wp-json\/wp\/v2\/product"}],"about":[{"href":"https:\/\/desdropi.com\/elparque\/wp-json\/wp\/v2\/types\/product"}],"replies":[{"embeddable":true,"href":"https:\/\/desdropi.com\/elparque\/wp-json\/wp\/v2\/comments?post=178554"}],"version-history":[{"count":1,"href":"https:\/\/desdropi.com\/elparque\/wp-json\/wp\/v2\/product\/178554\/revisions"}],"predecessor-version":[{"id":224759,"href":"https:\/\/desdropi.com\/elparque\/wp-json\/wp\/v2\/product\/178554\/revisions\/224759"}],"wp:featuredmedia":[{"embeddable":true,"href":"https:\/\/desdropi.com\/elparque\/wp-json\/wp\/v2\/media\/178555"}],"wp:attachment":[{"href":"https:\/\/desdropi.com\/elparque\/wp-json\/wp\/v2\/media?parent=178554"}],"wp:term":[{"taxonomy":"product_cat","embeddable":true,"href":"https:\/\/desdropi.com\/elparque\/wp-json\/wp\/v2\/product_cat?post=178554"},{"taxonomy":"product_tag","embeddable":true,"href":"https:\/\/desdropi.com\/elparque\/wp-json\/wp\/v2\/product_tag?post=178554"}],"curies":[{"name":"wp","href":"https:\/\/api.w.org\/{rel}","templated":true}]}}