{"id":180572,"date":"2023-03-27T08:23:59","date_gmt":"2023-03-27T07:23:59","guid":{"rendered":"https:\/\/desdropi.com\/elparque\/?post_type=product&#038;p=180572"},"modified":"2024-05-17T13:00:37","modified_gmt":"2024-05-17T11:00:37","slug":"cortapelo-rowenta-tn2801-recargable-11-medidas","status":"publish","type":"product","link":"https:\/\/desdropi.com\/elparque\/cortapelo-rowenta-tn2801-recargable-11-medidas\/","title":{"rendered":"Cortapelo Rowenta Tn2801 Recargable 11 Medidas"},"content":{"rendered":"<div class=\"descripcion-tab\">\n<p><strong>Control de energ\u00eda<\/strong><\/p>\n<ul>\n<li>Tiempo de funcionamiento \u279d 90<\/li>\n<li>Tipo de bater\u00eda \u279d Bater\u00eda integrada<\/li>\n<li>Tecnolog\u00eda de bater\u00eda \u279d N\u00edquel-metal hidruro (NiMH)<\/li>\n<li>Frecuencia de entrada AC \u279d 100 &#8211; 240<\/li>\n<li>Carga por USB \u279d S\u00ed<\/li>\n<li>Indicaci\u00f3n de carga de la bater\u00eda \u279d S\u00ed<\/li>\n<li>Fuente de energ\u00eda \u279d Bater\u00eda<\/li>\n<li>Recargable \u279d S\u00ed<\/li>\n<\/ul>\n<p><strong>Contenido del embalaje<\/strong><\/p>\n<ul>\n<li>Accesorios incluidos \u279d Aceite<\/li>\n<li>Cepillo de limpieza \u279d S\u00ed<\/li>\n<\/ul>\n<p><strong>Dise\u00f1o<\/strong><\/p>\n<ul>\n<li>Material de la cuchilla \u279d Acero inoxidable<\/li>\n<li>Color del producto \u279d Negro, Plata<\/li>\n<li>Bloqueo de viajes \u279d S\u00ed<\/li>\n<\/ul>\n<p><strong>Desempe\u00f1o<\/strong><\/p>\n<ul>\n<li>Velocidad de motor (m\u00e1x.) \u279d 7500<\/li>\n<li>N\u00famero de pasos de longitud \u279d 11<\/li>\n<li>Longitud m\u00ednima del cabello \u279d 0,5<\/li>\n<li>Longitud m\u00e1xima del cabello \u279d 1<\/li>\n<li>Lavable \u279d S\u00ed<\/li>\n<\/ul>\n<\/div>\n","protected":false},"excerpt":{"rendered":"<p>Control de energ\u00eda Tiempo de funcionamiento \u279d 90 Tipo de bater\u00eda \u279d Bater\u00eda integrada Tecnolog\u00eda de bater\u00eda \u279d N\u00edquel-metal hidruro<\/p>\n","protected":false},"featured_media":182385,"comment_status":"open","ping_status":"closed","template":"","meta":{"_joinchat":[]},"product_cat":[6530,6510,825,6097],"product_tag":[],"class_list":{"0":"post-180572","1":"product","2":"type-product","3":"status-publish","4":"has-post-thumbnail","6":"product_cat-cortapelos","7":"product_cat-vello-y-pelo","8":"product_cat-pequeno-electrodomestico","9":"product_cat-cuidado-personal","10":"pa_marca-rowenta","12":"first","13":"instock","14":"taxable","15":"shipping-taxable","16":"purchasable","17":"product-type-simple"},"_links":{"self":[{"href":"https:\/\/desdropi.com\/elparque\/wp-json\/wp\/v2\/product\/180572"}],"collection":[{"href":"https:\/\/desdropi.com\/elparque\/wp-json\/wp\/v2\/product"}],"about":[{"href":"https:\/\/desdropi.com\/elparque\/wp-json\/wp\/v2\/types\/product"}],"replies":[{"embeddable":true,"href":"https:\/\/desdropi.com\/elparque\/wp-json\/wp\/v2\/comments?post=180572"}],"version-history":[{"count":0,"href":"https:\/\/desdropi.com\/elparque\/wp-json\/wp\/v2\/product\/180572\/revisions"}],"wp:featuredmedia":[{"embeddable":true,"href":"https:\/\/desdropi.com\/elparque\/wp-json\/wp\/v2\/media\/182385"}],"wp:attachment":[{"href":"https:\/\/desdropi.com\/elparque\/wp-json\/wp\/v2\/media?parent=180572"}],"wp:term":[{"taxonomy":"product_cat","embeddable":true,"href":"https:\/\/desdropi.com\/elparque\/wp-json\/wp\/v2\/product_cat?post=180572"},{"taxonomy":"product_tag","embeddable":true,"href":"https:\/\/desdropi.com\/elparque\/wp-json\/wp\/v2\/product_tag?post=180572"}],"curies":[{"name":"wp","href":"https:\/\/api.w.org\/{rel}","templated":true}]}}