{"id":181140,"date":"2023-03-29T18:58:00","date_gmt":"2023-03-29T16:58:00","guid":{"rendered":"https:\/\/desdropi.com\/elparque\/?post_type=product&#038;p=181140"},"modified":"2025-04-14T00:41:52","modified_gmt":"2025-04-13T22:41:52","slug":"secador-irene-rios-k1-naranja-ultra-ligero-motor-digital-tactil-2000-metros-segundo","status":"publish","type":"product","link":"https:\/\/desdropi.com\/elparque\/secador-irene-rios-k1-naranja-ultra-ligero-motor-digital-tactil-2000-metros-segundo\/","title":{"rendered":"Secador Irene Rios K1 Naranja"},"content":{"rendered":"<div class=\"descripcion-tab\">\n<h4><strong>SECADOR IRENE RIOS K1 NARANJA ULTRA LIGERO MOTOR DIGITAL TACTIL 2000 METROS SEGUNDO<\/strong><\/h4>\n<ul>\n<li><strong>Secador T\u00e1ctil Irene Rios K1 Naranja Ultra Ligero<\/strong>\u00a0con\u00a0<strong>motor de 2000 metros por segundo<\/strong>.Este secador es una maravilla de la tecnolog\u00eda, dise\u00f1ado para proporcionarte una experiencia de\u00a0<strong>secado r\u00e1pido y eficiente<\/strong>. Con su tecnolog\u00eda t\u00e1ctil podr\u00e1s ajustar f\u00e1cilmente la\u00a0<strong>velocidad<\/strong>\u00a0y la\u00a0<strong>temperatura<\/strong>\u00a0seg\u00fan tus necesidades.<\/li>\n<li>Adem\u00e1s, su dise\u00f1o\u00a0<strong>ultra ligero<\/strong>\u00a0lo hace muy c\u00f3modo de usar durante largos per\u00edodos de tiempo sin cansarte. Podr\u00e1s disfrutar de un secado r\u00e1pido y sin esfuerzo. Posee diferentes\u00a0<strong>boquillas intercambiables<\/strong>, que se ajustan al secador a trav\u00e9s de imanes.<\/li>\n<li>Con una\u00a0<strong>velocidad de aire de 2000 metros por segundo<\/strong>, este secador es capaz de secar tu cabello en tiempo r\u00e9cord,\u00a0<strong>sin da\u00f1arlo<\/strong>\u00a0<strong>ni dejarlo con frizz<\/strong>. Su potencia y tecnolog\u00eda te permitir\u00e1n disfrutar de un cabello m\u00e1s saludable y brillante.<\/li>\n<li>En resumen, el secador Irene Rios K1 Negro Ultra Ligero con Motor Digital T\u00e1ctil de 2000 metros por segundo es una herramienta imprescindible para cualquier persona que desee tener un cabello hermoso, saludable y bien cuidado. \u00a1No esperes m\u00e1s para conseguirlo y experimentar sus beneficios!<\/li>\n<\/ul>\n<\/div>\n","protected":false},"excerpt":{"rendered":"<p>SECADOR IRENE RIOS K1 NARANJA ULTRA LIGERO MOTOR DIGITAL TACTIL 2000 METROS SEGUNDO Secador T\u00e1ctil Irene Rios K1 Naranja Ultra<\/p>\n","protected":false},"featured_media":181146,"comment_status":"open","ping_status":"closed","template":"","meta":{"_joinchat":[]},"product_cat":[6510,6511,825,6097],"product_tag":[],"class_list":{"0":"post-181140","1":"product","2":"type-product","3":"status-publish","4":"has-post-thumbnail","6":"product_cat-vello-y-pelo","7":"product_cat-secadores-de-pelo","8":"product_cat-pequeno-electrodomestico","9":"product_cat-cuidado-personal","10":"pa_marca-irene-rios","12":"first","13":"instock","14":"taxable","15":"shipping-taxable","16":"purchasable","17":"product-type-simple"},"_links":{"self":[{"href":"https:\/\/desdropi.com\/elparque\/wp-json\/wp\/v2\/product\/181140"}],"collection":[{"href":"https:\/\/desdropi.com\/elparque\/wp-json\/wp\/v2\/product"}],"about":[{"href":"https:\/\/desdropi.com\/elparque\/wp-json\/wp\/v2\/types\/product"}],"replies":[{"embeddable":true,"href":"https:\/\/desdropi.com\/elparque\/wp-json\/wp\/v2\/comments?post=181140"}],"version-history":[{"count":1,"href":"https:\/\/desdropi.com\/elparque\/wp-json\/wp\/v2\/product\/181140\/revisions"}],"predecessor-version":[{"id":224793,"href":"https:\/\/desdropi.com\/elparque\/wp-json\/wp\/v2\/product\/181140\/revisions\/224793"}],"wp:featuredmedia":[{"embeddable":true,"href":"https:\/\/desdropi.com\/elparque\/wp-json\/wp\/v2\/media\/181146"}],"wp:attachment":[{"href":"https:\/\/desdropi.com\/elparque\/wp-json\/wp\/v2\/media?parent=181140"}],"wp:term":[{"taxonomy":"product_cat","embeddable":true,"href":"https:\/\/desdropi.com\/elparque\/wp-json\/wp\/v2\/product_cat?post=181140"},{"taxonomy":"product_tag","embeddable":true,"href":"https:\/\/desdropi.com\/elparque\/wp-json\/wp\/v2\/product_tag?post=181140"}],"curies":[{"name":"wp","href":"https:\/\/api.w.org\/{rel}","templated":true}]}}