{"id":181690,"date":"2023-03-31T12:32:45","date_gmt":"2023-03-31T10:32:45","guid":{"rendered":"https:\/\/desdropi.com\/elparque\/?post_type=product&#038;p=181690"},"modified":"2024-05-18T23:48:05","modified_gmt":"2024-05-18T21:48:05","slug":"carro-compra-karways-oslo-o-gy-grey-52-litros-55-litros-congelados","status":"publish","type":"product","link":"https:\/\/desdropi.com\/elparque\/carro-compra-karways-oslo-o-gy-grey-52-litros-55-litros-congelados\/","title":{"rendered":"CARRO COMPRA KARWAYS OSLO O-GY GREY 52\/LITROS + 5,5\/LITROS CONGELADOS"},"content":{"rendered":"<div class=\"descripcion-tab\">\n<ul>\n<li>Karways presenta sus modelos de carros de la compra, desarrollados para cubrir las necesidades de los diferentes usuarios. Innovando en diferentes prestaciones ha conseguido aportar mejoras que actualmente no existen en el mercado. Modelos muy c\u00f3modos y pr\u00e1cticos con una imagen fresca y elegante.<\/li>\n<\/ul>\n<p><strong>Oslo<\/strong><\/p>\n<ul>\n<li>Pensamos en aquellos clientes que buscan estabilidad y seguridad a la hora de realizar sus compras. Innovamos con el chasis m\u00e1s estable del mercado. Con un sistema de frenado \u00fanico, que<\/li>\n<li>se acciona al pisar, sin necesidad de hacer fuerza. De plegado muy f\u00e1cil y compacto, con cierre de seguridad. Un carro muy pr\u00e1ctico y c\u00f3modo.<\/li>\n<li>Bolsa con capacidad de 52 litros.<\/li>\n<li>Carga m\u00e1xima recomendable de 25 kg.<\/li>\n<li>Bolsa desmontable.<\/li>\n<li>Bolsillo interior con cremallera.<\/li>\n<li>Bolsa con tapa.<\/li>\n<li>Ruedas delanteras giratorias 360\u00ba.<\/li>\n<li>Plegado con cierre de seguridad.<\/li>\n<li>Ruedas Silenciosas EVA.<\/li>\n<\/ul>\n<p><strong>Medidas<\/strong><\/p>\n<ul>\n<li>Desplegado: 45 cm x 70 cm x 97,5cm<\/li>\n<li>Plegado: 23,5cm x 45 cm x 59,5cm<\/li>\n<\/ul>\n<\/div>\n","protected":false},"excerpt":{"rendered":"<p>Karways presenta sus modelos de carros de la compra, desarrollados para cubrir las necesidades de los diferentes usuarios. Innovando en<\/p>\n","protected":false},"featured_media":181693,"comment_status":"open","ping_status":"closed","template":"","meta":{"_joinchat":[]},"product_cat":[5661,6932,5822],"product_tag":[],"class_list":{"0":"post-181690","1":"product","2":"type-product","3":"status-publish","4":"has-post-thumbnail","6":"product_cat-menaje","7":"product_cat-carros-de-la-compra","8":"product_cat-menaje-del-hogar","9":"pa_marca-karways","11":"first","12":"instock","13":"taxable","14":"shipping-taxable","15":"purchasable","16":"product-type-simple"},"_links":{"self":[{"href":"https:\/\/desdropi.com\/elparque\/wp-json\/wp\/v2\/product\/181690"}],"collection":[{"href":"https:\/\/desdropi.com\/elparque\/wp-json\/wp\/v2\/product"}],"about":[{"href":"https:\/\/desdropi.com\/elparque\/wp-json\/wp\/v2\/types\/product"}],"replies":[{"embeddable":true,"href":"https:\/\/desdropi.com\/elparque\/wp-json\/wp\/v2\/comments?post=181690"}],"version-history":[{"count":0,"href":"https:\/\/desdropi.com\/elparque\/wp-json\/wp\/v2\/product\/181690\/revisions"}],"wp:featuredmedia":[{"embeddable":true,"href":"https:\/\/desdropi.com\/elparque\/wp-json\/wp\/v2\/media\/181693"}],"wp:attachment":[{"href":"https:\/\/desdropi.com\/elparque\/wp-json\/wp\/v2\/media?parent=181690"}],"wp:term":[{"taxonomy":"product_cat","embeddable":true,"href":"https:\/\/desdropi.com\/elparque\/wp-json\/wp\/v2\/product_cat?post=181690"},{"taxonomy":"product_tag","embeddable":true,"href":"https:\/\/desdropi.com\/elparque\/wp-json\/wp\/v2\/product_tag?post=181690"}],"curies":[{"name":"wp","href":"https:\/\/api.w.org\/{rel}","templated":true}]}}