{"id":183321,"date":"2023-04-05T19:46:22","date_gmt":"2023-04-05T18:46:22","guid":{"rendered":"https:\/\/desdropi.com\/elparque\/?post_type=product&#038;p=183321"},"modified":"2025-04-14T01:18:03","modified_gmt":"2025-04-13T23:18:03","slug":"recambio-dental-oral-b-eb-18-3-ffs-pro-white","status":"publish","type":"product","link":"https:\/\/desdropi.com\/elparque\/recambio-dental-oral-b-eb-18-3-ffs-pro-white\/","title":{"rendered":"Recambio Dental Oral-B Eb-18-3 Ffs Pro White"},"content":{"rendered":"<div class=\"descripcion-tab\">\n<ul>\n<li>Marca BRAUN<\/li>\n<li>Modelo EB18-3 FFS<\/li>\n<li>N\u00famero de cabezales incluido 3 pieza(s)<\/li>\n<li>Color del producto Blanco<\/li>\n<li>Sustituci\u00f3n Si<\/li>\n<li>Tecnolog\u00eda CleanMaximiser<\/li>\n<li>Marca compatible Oral-B<\/li>\n<li>Cabezal 3D White<\/li>\n<li>Ancho del paquete 18 mm<\/li>\n<li>Profundidad del paquete 60 mm<\/li>\n<li>Altura del paquete 220 mm<\/li>\n<li>Peso del paquete 32,48 g<\/li>\n<li>Tipo de embalaje Caja<\/li>\n<li>Peso 16,35 g<\/li>\n<\/ul>\n<\/div>\n","protected":false},"excerpt":{"rendered":"<p>Marca BRAUN Modelo EB18-3 FFS N\u00famero de cabezales incluido 3 pieza(s) Color del producto Blanco Sustituci\u00f3n Si Tecnolog\u00eda CleanMaximiser Marca<\/p>\n","protected":false},"featured_media":183322,"comment_status":"open","ping_status":"closed","template":"","meta":{"_joinchat":[]},"product_cat":[7016,7015,825,6097],"product_tag":[],"class_list":{"0":"post-183321","1":"product","2":"type-product","3":"status-publish","4":"has-post-thumbnail","6":"product_cat-dentales-higiene-y-salud-cuidado-personal","7":"product_cat-higiene-y-salud-cuidado-personal","8":"product_cat-pequeno-electrodomestico","9":"product_cat-cuidado-personal","10":"pa_marca-oral-b","12":"first","13":"instock","14":"taxable","15":"shipping-taxable","16":"purchasable","17":"product-type-simple"},"_links":{"self":[{"href":"https:\/\/desdropi.com\/elparque\/wp-json\/wp\/v2\/product\/183321"}],"collection":[{"href":"https:\/\/desdropi.com\/elparque\/wp-json\/wp\/v2\/product"}],"about":[{"href":"https:\/\/desdropi.com\/elparque\/wp-json\/wp\/v2\/types\/product"}],"replies":[{"embeddable":true,"href":"https:\/\/desdropi.com\/elparque\/wp-json\/wp\/v2\/comments?post=183321"}],"version-history":[{"count":1,"href":"https:\/\/desdropi.com\/elparque\/wp-json\/wp\/v2\/product\/183321\/revisions"}],"predecessor-version":[{"id":224836,"href":"https:\/\/desdropi.com\/elparque\/wp-json\/wp\/v2\/product\/183321\/revisions\/224836"}],"wp:featuredmedia":[{"embeddable":true,"href":"https:\/\/desdropi.com\/elparque\/wp-json\/wp\/v2\/media\/183322"}],"wp:attachment":[{"href":"https:\/\/desdropi.com\/elparque\/wp-json\/wp\/v2\/media?parent=183321"}],"wp:term":[{"taxonomy":"product_cat","embeddable":true,"href":"https:\/\/desdropi.com\/elparque\/wp-json\/wp\/v2\/product_cat?post=183321"},{"taxonomy":"product_tag","embeddable":true,"href":"https:\/\/desdropi.com\/elparque\/wp-json\/wp\/v2\/product_tag?post=183321"}],"curies":[{"name":"wp","href":"https:\/\/api.w.org\/{rel}","templated":true}]}}