{"id":183333,"date":"2023-04-05T20:04:01","date_gmt":"2023-04-05T18:04:01","guid":{"rendered":"https:\/\/desdropi.com\/elparque\/?post_type=product&#038;p=183333"},"modified":"2025-04-14T00:04:19","modified_gmt":"2025-04-13T22:04:19","slug":"recambio-dental-oral-b-eb50-3ffs-3unid-2","status":"publish","type":"product","link":"https:\/\/desdropi.com\/elparque\/recambio-dental-oral-b-eb50-3ffs-3unid-2\/","title":{"rendered":"Recambio Dental Oral-B Eb50 3Ffs 3Unid."},"content":{"rendered":"<div class=\"descripcion-tab\">\n<ul>\n<li>El cabezal de cepillo de dientes Oral-B CrossAction tiene una forma redondeada inspirada en las herramientas de limpieza profesionales para limpiar diente por diente.<\/li>\n<li>Los filamentos CrissCross dispuestos en un \u00e1ngulo de 16 grados limpian eficazmente a lo largo de la l\u00ednea de las enc\u00edas y penetran a mayor profundidad entre los dientes, para deshacer y eliminar hasta un 100% m\u00e1s de placa y ofrecer una limpieza m\u00e1s intensa comparado con un cepillo manual normal.<\/li>\n<\/ul>\n<\/div>\n","protected":false},"excerpt":{"rendered":"<p>El cabezal de cepillo de dientes Oral-B CrossAction tiene una forma redondeada inspirada en las herramientas de limpieza profesionales para<\/p>\n","protected":false},"featured_media":183334,"comment_status":"open","ping_status":"closed","template":"","meta":{"_joinchat":[]},"product_cat":[7016,7015,825,6097],"product_tag":[],"class_list":{"0":"post-183333","1":"product","2":"type-product","3":"status-publish","4":"has-post-thumbnail","6":"product_cat-dentales-higiene-y-salud-cuidado-personal","7":"product_cat-higiene-y-salud-cuidado-personal","8":"product_cat-pequeno-electrodomestico","9":"product_cat-cuidado-personal","10":"pa_marca-oral-b","12":"first","13":"instock","14":"taxable","15":"shipping-taxable","16":"purchasable","17":"product-type-simple"},"_links":{"self":[{"href":"https:\/\/desdropi.com\/elparque\/wp-json\/wp\/v2\/product\/183333"}],"collection":[{"href":"https:\/\/desdropi.com\/elparque\/wp-json\/wp\/v2\/product"}],"about":[{"href":"https:\/\/desdropi.com\/elparque\/wp-json\/wp\/v2\/types\/product"}],"replies":[{"embeddable":true,"href":"https:\/\/desdropi.com\/elparque\/wp-json\/wp\/v2\/comments?post=183333"}],"version-history":[{"count":1,"href":"https:\/\/desdropi.com\/elparque\/wp-json\/wp\/v2\/product\/183333\/revisions"}],"predecessor-version":[{"id":224762,"href":"https:\/\/desdropi.com\/elparque\/wp-json\/wp\/v2\/product\/183333\/revisions\/224762"}],"wp:featuredmedia":[{"embeddable":true,"href":"https:\/\/desdropi.com\/elparque\/wp-json\/wp\/v2\/media\/183334"}],"wp:attachment":[{"href":"https:\/\/desdropi.com\/elparque\/wp-json\/wp\/v2\/media?parent=183333"}],"wp:term":[{"taxonomy":"product_cat","embeddable":true,"href":"https:\/\/desdropi.com\/elparque\/wp-json\/wp\/v2\/product_cat?post=183333"},{"taxonomy":"product_tag","embeddable":true,"href":"https:\/\/desdropi.com\/elparque\/wp-json\/wp\/v2\/product_tag?post=183333"}],"curies":[{"name":"wp","href":"https:\/\/api.w.org\/{rel}","templated":true}]}}