{"id":183563,"date":"2023-04-06T09:13:56","date_gmt":"2023-04-06T08:13:56","guid":{"rendered":"https:\/\/desdropi.com\/elparque\/?post_type=product&#038;p=183563"},"modified":"2024-04-07T23:55:13","modified_gmt":"2024-04-07T21:55:13","slug":"bateria-cocina-magefesa-vesta-10pz-inox","status":"publish","type":"product","link":"https:\/\/desdropi.com\/elparque\/bateria-cocina-magefesa-vesta-10pz-inox\/","title":{"rendered":"Bateria Cocina Magefesa Vesta 10Pz Inox"},"content":{"rendered":"<div class=\"descripcion-tab\">\n<ul>\n<li>Dise\u00f1ada \u00edntegramente en acero inoxidable de gran calidad.<\/li>\n<li>Fondo difusor garantiza una distribuci\u00f3n r\u00e1pida y uniforme del calor.<\/li>\n<li>Acabado exterior tipo espejo y satinado en el interior facilita la limpieza.<\/li>\n<li>Asas termoresistentes de acero inoxidable ofrecen un manejo c\u00f3modo y seguro.<\/li>\n<li>Tapas de vidrio templado con respiradero permiten observar los alimentos durante el proceso.<\/li>\n<li>Apta para cocinas de gas, el\u00e9ctricas y vitrocer\u00e1mica.<\/li>\n<li>Olla Alta con tapa de 24 cm.<\/li>\n<li>Olla con tapa de 24 cm.<\/li>\n<li>Cacerola con tapa de 16 cm.<\/li>\n<li>Cacerola con tapa de 14cm.<\/li>\n<li>Sart\u00e9n de 24 cm.<\/li>\n<li>Escurridor de acero inoxidable de 24 cm.<\/li>\n<\/ul>\n<\/div>\n","protected":false},"excerpt":{"rendered":"<p>Dise\u00f1ada \u00edntegramente en acero inoxidable de gran calidad. Fondo difusor garantiza una distribuci\u00f3n r\u00e1pida y uniforme del calor. Acabado exterior<\/p>\n","protected":false},"featured_media":183564,"comment_status":"open","ping_status":"closed","template":"","meta":{"_joinchat":[]},"product_cat":[6151,5661,5662],"product_tag":[],"class_list":{"0":"post-183563","1":"product","2":"type-product","3":"status-publish","4":"has-post-thumbnail","6":"product_cat-baterias-de-cocina","7":"product_cat-menaje","8":"product_cat-menaje-de-cocina","9":"pa_marca-magefesa","11":"first","12":"instock","13":"taxable","14":"shipping-taxable","15":"purchasable","16":"product-type-simple"},"_links":{"self":[{"href":"https:\/\/desdropi.com\/elparque\/wp-json\/wp\/v2\/product\/183563"}],"collection":[{"href":"https:\/\/desdropi.com\/elparque\/wp-json\/wp\/v2\/product"}],"about":[{"href":"https:\/\/desdropi.com\/elparque\/wp-json\/wp\/v2\/types\/product"}],"replies":[{"embeddable":true,"href":"https:\/\/desdropi.com\/elparque\/wp-json\/wp\/v2\/comments?post=183563"}],"version-history":[{"count":0,"href":"https:\/\/desdropi.com\/elparque\/wp-json\/wp\/v2\/product\/183563\/revisions"}],"wp:featuredmedia":[{"embeddable":true,"href":"https:\/\/desdropi.com\/elparque\/wp-json\/wp\/v2\/media\/183564"}],"wp:attachment":[{"href":"https:\/\/desdropi.com\/elparque\/wp-json\/wp\/v2\/media?parent=183563"}],"wp:term":[{"taxonomy":"product_cat","embeddable":true,"href":"https:\/\/desdropi.com\/elparque\/wp-json\/wp\/v2\/product_cat?post=183563"},{"taxonomy":"product_tag","embeddable":true,"href":"https:\/\/desdropi.com\/elparque\/wp-json\/wp\/v2\/product_tag?post=183563"}],"curies":[{"name":"wp","href":"https:\/\/api.w.org\/{rel}","templated":true}]}}