{"id":185102,"date":"2023-04-12T09:57:47","date_gmt":"2023-04-12T07:57:47","guid":{"rendered":"https:\/\/desdropi.com\/elparque\/?post_type=product&#038;p=185102"},"modified":"2024-05-17T13:00:46","modified_gmt":"2024-05-17T11:00:46","slug":"exprimidor-comelec-ex1000-30w-05l","status":"publish","type":"product","link":"https:\/\/desdropi.com\/elparque\/exprimidor-comelec-ex1000-30w-05l\/","title":{"rendered":"Exprimidor Comelec Ex1000 30W 0,5L"},"content":{"rendered":"<div class=\"descripcion-tab\">\n<ul>\n<li>El exprimidor Comelec EX1000 30W 0,5L es un <strong>exprimidor el\u00e9ctrico de doble sentido de giro<\/strong> dise\u00f1ado para extraer jugo fresco de frutas c\u00edtricas como naranjas, limones y pomelos. Con una capacidad de 500 ml y acompa\u00f1ado de un <strong>dise\u00f1o moderno y elegante<\/strong> en blanco con tapa transparente. Tiene una<strong> potencia motor de 30W<\/strong>, la cual no supondr\u00e1 ning\u00fan esfuerzo a la hora de exprimir jugos.<\/li>\n<li>Posee una <strong>funci\u00f3n anti goteo<\/strong> realmente \u00fatil haciendo del dispositivo un aparato de f\u00e1cil uso y muy eficaz, por un precio realmente econ\u00f3mico.<\/li>\n<\/ul>\n<h4>Control de energ\u00eda<\/h4>\n<ul>\n<li>Voltaje de entrada AC \u2192 230<\/li>\n<li>Frecuencia de entrada AC \u2192 50<\/li>\n<li>Potencia \u2192 30<\/li>\n<\/ul>\n<h4>Contenido del embalaje<\/h4>\n<ul>\n<li>Cantidad por paquete \u2192 1<\/li>\n<li>Manual de usuario \u2192 S\u00ed<\/li>\n<\/ul>\n<h4>Caracter\u00edsticas<\/h4>\n<ul>\n<li>Color del producto \u2192 Blanco<\/li>\n<li>Taz\u00f3n \u2192 S\u00ed<\/li>\n<li>Capacidad del taz\u00f3n \u2192 0.5<\/li>\n<li>Tapa \u2192 S\u00ed<\/li>\n<li>Partes de platos a prueba de agua \u2192 S\u00ed<\/li>\n<li>Funci\u00f3n anti goteo \u2192 S\u00ed<\/li>\n<li>Filtro para la pulpa \u2192 S\u00ed<\/li>\n<li>N\u00famero de conos prensadores \u2192 1<\/li>\n<li>Contenedor de jugo \u2192 S\u00ed<\/li>\n<\/ul>\n<\/div>\n","protected":false},"excerpt":{"rendered":"<p>El exprimidor Comelec EX1000 30W 0,5L es un exprimidor el\u00e9ctrico de doble sentido de giro dise\u00f1ado para extraer jugo fresco<\/p>\n","protected":false},"featured_media":185103,"comment_status":"open","ping_status":"closed","template":"","meta":{"_joinchat":[]},"product_cat":[825,893],"product_tag":[],"class_list":{"0":"post-185102","1":"product","2":"type-product","3":"status-publish","4":"has-post-thumbnail","6":"product_cat-pequeno-electrodomestico","7":"product_cat-exprimidores","8":"pa_marca-comelec","10":"first","11":"instock","12":"taxable","13":"shipping-taxable","14":"purchasable","15":"product-type-simple"},"_links":{"self":[{"href":"https:\/\/desdropi.com\/elparque\/wp-json\/wp\/v2\/product\/185102"}],"collection":[{"href":"https:\/\/desdropi.com\/elparque\/wp-json\/wp\/v2\/product"}],"about":[{"href":"https:\/\/desdropi.com\/elparque\/wp-json\/wp\/v2\/types\/product"}],"replies":[{"embeddable":true,"href":"https:\/\/desdropi.com\/elparque\/wp-json\/wp\/v2\/comments?post=185102"}],"version-history":[{"count":0,"href":"https:\/\/desdropi.com\/elparque\/wp-json\/wp\/v2\/product\/185102\/revisions"}],"wp:featuredmedia":[{"embeddable":true,"href":"https:\/\/desdropi.com\/elparque\/wp-json\/wp\/v2\/media\/185103"}],"wp:attachment":[{"href":"https:\/\/desdropi.com\/elparque\/wp-json\/wp\/v2\/media?parent=185102"}],"wp:term":[{"taxonomy":"product_cat","embeddable":true,"href":"https:\/\/desdropi.com\/elparque\/wp-json\/wp\/v2\/product_cat?post=185102"},{"taxonomy":"product_tag","embeddable":true,"href":"https:\/\/desdropi.com\/elparque\/wp-json\/wp\/v2\/product_tag?post=185102"}],"curies":[{"name":"wp","href":"https:\/\/api.w.org\/{rel}","templated":true}]}}